{"id":10293,"date":"2020-03-19T19:04:58","date_gmt":"2020-03-19T19:04:58","guid":{"rendered":"https:\/\/www.vfmg.ch\/?page_id=10293"},"modified":"2021-09-01T14:58:57","modified_gmt":"2021-09-01T13:58:57","slug":"bienvenue-2-2","status":"publish","type":"page","link":"https:\/\/old.vfmg.ch\/fr\/","title":{"rendered":"Bienvenue"},"content":{"rendered":"<p>Cordiale bienvenue sur le site de l'Union des Assembl\u00e9es Missionnaires en Suisse<\/p>\n<p><a href=\"https:\/\/old.vfmg.ch\/wp-content\/uploads\/2021\/02\/Leitbild_hinten_fr.jpg\"><img loading=\"lazy\" decoding=\"async\" class=\"alignnone  wp-image-11051\" src=\"https:\/\/old.vfmg.ch\/wp-content\/uploads\/2021\/02\/Leitbild_hinten_fr.jpg\" alt=\"\" width=\"655\" height=\"328\" srcset=\"https:\/\/old.vfmg.ch\/wp-content\/uploads\/2021\/02\/Leitbild_hinten_fr.jpg 1240w, https:\/\/old.vfmg.ch\/wp-content\/uploads\/2021\/02\/Leitbild_hinten_fr-300x150.jpg 300w, https:\/\/old.vfmg.ch\/wp-content\/uploads\/2021\/02\/Leitbild_hinten_fr-150x75.jpg 150w, https:\/\/old.vfmg.ch\/wp-content\/uploads\/2021\/02\/Leitbild_hinten_fr-768x384.jpg 768w, https:\/\/old.vfmg.ch\/wp-content\/uploads\/2021\/02\/Leitbild_hinten_fr-100x50.jpg 100w, https:\/\/old.vfmg.ch\/wp-content\/uploads\/2021\/02\/Leitbild_hinten_fr-480x240.jpg 480w\" sizes=\"auto, (max-width: 655px) 100vw, 655px\" \/><\/a><\/p>\n<h3>Notre vision<\/h3>\n<p>Des personnes apprennent \u00e0 conna\u00eetre J\u00e9sus-Christ et en suivant ses traces, r\u00e9alisent<br \/>\nde profonds changements produits par le Saint-Esprit.<\/p>\n<h3>Notre mission<\/h3>\n<p>Par amour pour J\u00e9sus-Christ, nous servons les personnes dans leur \u00eatre<br \/>\nentier :<\/p>\n<ul>\n<li>Nous les recherchons dans leurs d\u00e9fis existentiels.<\/li>\n<li>Nous leur proposons la r\u00e9conciliation avec J\u00e9sus.<\/li>\n<li>Nous les encourageons \u00e0 entrer dans un processus de changement personnel<br \/>\net vivons les valeurs essentielles de la communion.<\/li>\n<li>Nous soutenons les chr\u00e9tiens \u00e0 vivre leur foi dans une soci\u00e9t\u00e9 plurielle ( ?) et<br \/>\nnous nous investissons pour le bien de tous.<\/li>\n<\/ul>\n<h3>Nos valeurs<\/h3>\n<ul>\n<li>Nous nous orientons selon la Parole de Dieu.<\/li>\n<li>L\u2019Evangile de J\u00e9sus-Christ influence et p\u00e9n\u00e8tre tous les domaines de la vie.<\/li>\n<li>Nous nous engageons pour une vie pertinente et cr\u00e9dible.<\/li>\n<li>Nous clarifions les divergences d\u2019opinion de mani\u00e8re respectueuse.<\/li>\n<\/ul>\n<p><a href=\"https:\/\/old.vfmg.ch\/wp-content\/uploads\/2021\/02\/Leitbild_vorne_fr.jpg\"><img loading=\"lazy\" decoding=\"async\" class=\"alignnone  wp-image-11053\" src=\"https:\/\/old.vfmg.ch\/wp-content\/uploads\/2021\/02\/Leitbild_vorne_fr.jpg\" alt=\"\" width=\"641\" height=\"321\" srcset=\"https:\/\/old.vfmg.ch\/wp-content\/uploads\/2021\/02\/Leitbild_vorne_fr.jpg 1240w, https:\/\/old.vfmg.ch\/wp-content\/uploads\/2021\/02\/Leitbild_vorne_fr-300x150.jpg 300w, https:\/\/old.vfmg.ch\/wp-content\/uploads\/2021\/02\/Leitbild_vorne_fr-150x75.jpg 150w, https:\/\/old.vfmg.ch\/wp-content\/uploads\/2021\/02\/Leitbild_vorne_fr-768x384.jpg 768w, https:\/\/old.vfmg.ch\/wp-content\/uploads\/2021\/02\/Leitbild_vorne_fr-100x50.jpg 100w, https:\/\/old.vfmg.ch\/wp-content\/uploads\/2021\/02\/Leitbild_vorne_fr-480x240.jpg 480w\" sizes=\"auto, (max-width: 641px) 100vw, 641px\" \/><\/a><\/p>\n","protected":false},"excerpt":{"rendered":"<p>Cordiale bienvenue sur le site de l&#8217;Union des Assembl\u00e9es Missionnaires en Suisse Notre vision Des personnes apprennent \u00e0 conna\u00eetre J\u00e9sus-Christ et en suivant ses traces, r\u00e9alisent de profonds changements produits par le Saint-Esprit. Notre mission Par amour pour J\u00e9sus-Christ, nous servons les personnes dans leur \u00eatre entier : Nous les recherchons dans leurs d\u00e9fis existentiels. <a href='https:\/\/old.vfmg.ch\/fr\/' class='excerpt-more'>[&#8230;]<\/a><\/p>\n","protected":false},"author":12,"featured_media":0,"parent":0,"menu_order":0,"comment_status":"closed","ping_status":"open","template":"","meta":{"footnotes":""},"class_list":["post-10293","page","type-page","status-publish","hentry","post-seq-1","post-parity-odd","meta-position-corners","fix"],"publishpress_future_action":{"enabled":false,"date":"2026-05-17 22:12:07","action":"change-status","newStatus":"draft","terms":[],"taxonomy":"translation_priority","extraData":[]},"publishpress_future_workflow_manual_trigger":{"enabledWorkflows":[]},"_links":{"self":[{"href":"https:\/\/old.vfmg.ch\/fr\/wp-json\/wp\/v2\/pages\/10293","targetHints":{"allow":["GET"]}}],"collection":[{"href":"https:\/\/old.vfmg.ch\/fr\/wp-json\/wp\/v2\/pages"}],"about":[{"href":"https:\/\/old.vfmg.ch\/fr\/wp-json\/wp\/v2\/types\/page"}],"author":[{"embeddable":true,"href":"https:\/\/old.vfmg.ch\/fr\/wp-json\/wp\/v2\/users\/12"}],"replies":[{"embeddable":true,"href":"https:\/\/old.vfmg.ch\/fr\/wp-json\/wp\/v2\/comments?post=10293"}],"version-history":[{"count":3,"href":"https:\/\/old.vfmg.ch\/fr\/wp-json\/wp\/v2\/pages\/10293\/revisions"}],"predecessor-version":[{"id":11545,"href":"https:\/\/old.vfmg.ch\/fr\/wp-json\/wp\/v2\/pages\/10293\/revisions\/11545"}],"wp:attachment":[{"href":"https:\/\/old.vfmg.ch\/fr\/wp-json\/wp\/v2\/media?parent=10293"}],"curies":[{"name":"wp","href":"https:\/\/api.w.org\/{rel}","templated":true}]}}