{"id":12150,"date":"2023-04-19T07:37:50","date_gmt":"2023-04-19T06:37:50","guid":{"rendered":"https:\/\/www.vfmg.ch\/?page_id=12150"},"modified":"2023-04-27T14:43:58","modified_gmt":"2023-04-27T13:43:58","slug":"2899-2","status":"publish","type":"page","link":"https:\/\/old.vfmg.ch\/fr\/groupedetravail\/2899-2\/","title":{"rendered":"Couples"},"content":{"rendered":"<table>\n<tbody>\n<tr>\n<td><img loading=\"lazy\" decoding=\"async\" class=\"alignnone size-medium wp-image-12732\" src=\"https:\/\/old.vfmg.ch\/wp-content\/uploads\/2023\/04\/Schrift_couple_schwarz-300x96.png\" alt=\"\" width=\"300\" height=\"96\" srcset=\"https:\/\/old.vfmg.ch\/wp-content\/uploads\/2023\/04\/Schrift_couple_schwarz-300x96.png 300w, https:\/\/old.vfmg.ch\/wp-content\/uploads\/2023\/04\/Schrift_couple_schwarz-1400x448.png 1400w, https:\/\/old.vfmg.ch\/wp-content\/uploads\/2023\/04\/Schrift_couple_schwarz-150x48.png 150w, https:\/\/old.vfmg.ch\/wp-content\/uploads\/2023\/04\/Schrift_couple_schwarz-768x246.png 768w, https:\/\/old.vfmg.ch\/wp-content\/uploads\/2023\/04\/Schrift_couple_schwarz-100x32.png 100w, https:\/\/old.vfmg.ch\/wp-content\/uploads\/2023\/04\/Schrift_couple_schwarz-751x240.png 751w, https:\/\/old.vfmg.ch\/wp-content\/uploads\/2023\/04\/Schrift_couple_schwarz.png 1476w\" sizes=\"auto, (max-width: 300px) 100vw, 300px\" \/><\/td>\n<td>Le couple constitue le noyau d\u2019une soci\u00e9t\u00e9 saine. Mais pour bien remplir cette vocation, il est toutefois n\u00e9cessaire d\u2019y apporter une attention particuli\u00e8re et constante.<\/td>\n<\/tr>\n<\/tbody>\n<\/table>\n<table>\n<tbody>\n<tr>\n<td>L\u2019UAM soutient ce travail conjugal dans les \u00e9glises avec un engagement particulier. Jean-Paul et Barbara R\u00f6thlisberger sont des conseillers conjugaux form\u00e9s et ils proposent diff\u00e9rentes offres.<\/td>\n<td><img loading=\"lazy\" decoding=\"async\" class=\"alignnone size-medium wp-image-12167\" src=\"https:\/\/old.vfmg.ch\/wp-content\/uploads\/2022\/07\/Paar-300x200.jpg\" alt=\"\" width=\"300\" height=\"200\" srcset=\"https:\/\/old.vfmg.ch\/wp-content\/uploads\/2022\/07\/Paar-300x200.jpg 300w, https:\/\/old.vfmg.ch\/wp-content\/uploads\/2022\/07\/Paar-150x100.jpg 150w, https:\/\/old.vfmg.ch\/wp-content\/uploads\/2022\/07\/Paar-768x512.jpg 768w, https:\/\/old.vfmg.ch\/wp-content\/uploads\/2022\/07\/Paar-100x67.jpg 100w, https:\/\/old.vfmg.ch\/wp-content\/uploads\/2022\/07\/Paar-360x240.jpg 360w, https:\/\/old.vfmg.ch\/wp-content\/uploads\/2022\/07\/Paar.jpg 1000w\" sizes=\"auto, (max-width: 300px) 100vw, 300px\" \/><\/td>\n<\/tr>\n<\/tbody>\n<\/table>\n<p>Un \u00ab<strong>Powerday<\/strong>\u00a0<strong>pour couple<\/strong>\u00bb est organis\u00e9 tous les deux ans en collaboration avec la FEG et l\u2019EpC. Des expos\u00e9s et des ateliers passionnants mettent les couples au d\u00e9fi de travailler sur leur relation.<\/p>\n<p>La <strong>\u00absemaine pour couple LiSa\u00bb<\/strong> est organis\u00e9e chaque ann\u00e9e par l\u2019UAM. Au cours de cette semaine, les couples re\u00e7oivent des outils pr\u00e9cieux et des instruments d'approfondissement qu'ils peuvent utiliser dans leur relation. Ce qui a \u00e9t\u00e9 utilis\u00e9 peut ensuite devenir une aide pour d'autres couples, c'est pourquoi cette semaine marque le d\u00e9but d'une formation en relation d\u2019aide conjugale de LiSa.<\/p>\n<p>&nbsp;<\/p>\n<h2>Propositions de th\u00e8mes.<\/h2>\n<p>Vos propositions sont les bienvenues !<\/p>\n<table class=\"aligncenter\" border=\"0.1\">\n<tbody>\n<tr>\n<td>\n<h2 class=\"headline__title\"><img loading=\"lazy\" decoding=\"async\" class=\"alignnone size-medium wp-image-12730\" src=\"https:\/\/old.vfmg.ch\/wp-content\/uploads\/2023\/04\/petit-dejeuner-300x67.png\" alt=\"\" width=\"300\" height=\"67\" srcset=\"https:\/\/old.vfmg.ch\/wp-content\/uploads\/2023\/04\/petit-dejeuner-300x67.png 300w, https:\/\/old.vfmg.ch\/wp-content\/uploads\/2023\/04\/petit-dejeuner-150x33.png 150w, https:\/\/old.vfmg.ch\/wp-content\/uploads\/2023\/04\/petit-dejeuner-768x171.png 768w, https:\/\/old.vfmg.ch\/wp-content\/uploads\/2023\/04\/petit-dejeuner-100x22.png 100w, https:\/\/old.vfmg.ch\/wp-content\/uploads\/2023\/04\/petit-dejeuner-800x179.png 800w, https:\/\/old.vfmg.ch\/wp-content\/uploads\/2023\/04\/petit-dejeuner.png 820w\" sizes=\"auto, (max-width: 300px) 100vw, 300px\" \/><\/h2>\n<p>Sur les traces de la personne conjugale<br \/>\n<strong>Mari\u00e9 et libre ?<br \/>\n<\/strong><\/p>\n<p>Mari\u00e9 - le bonheur ! ?<\/td>\n<td><img loading=\"lazy\" decoding=\"async\" class=\"size-medium wp-image-12160\" src=\"https:\/\/old.vfmg.ch\/wp-content\/uploads\/2022\/07\/Tasse-300x225.jpg\" alt=\"\" width=\"300\" height=\"225\" srcset=\"https:\/\/old.vfmg.ch\/wp-content\/uploads\/2022\/07\/Tasse-300x225.jpg 300w, https:\/\/old.vfmg.ch\/wp-content\/uploads\/2022\/07\/Tasse-150x113.jpg 150w, https:\/\/old.vfmg.ch\/wp-content\/uploads\/2022\/07\/Tasse-100x75.jpg 100w, https:\/\/old.vfmg.ch\/wp-content\/uploads\/2022\/07\/Tasse-320x240.jpg 320w, https:\/\/old.vfmg.ch\/wp-content\/uploads\/2022\/07\/Tasse.jpg 568w\" sizes=\"auto, (max-width: 300px) 100vw, 300px\" \/><\/td>\n<\/tr>\n<\/tbody>\n<\/table>\n<p>&nbsp;<\/p>\n<table style=\"width: 89.6401%; height: 351px;\">\n<tbody>\n<tr>\n<td style=\"width: 53.4304%;\"><img loading=\"lazy\" decoding=\"async\" class=\"size-medium wp-image-12734 alignright\" src=\"https:\/\/old.vfmg.ch\/wp-content\/uploads\/2023\/04\/Soiree-300x137.png\" alt=\"\" width=\"300\" height=\"127\" \/><img loading=\"lazy\" decoding=\"async\" class=\"size-medium wp-image-12153 alignright\" src=\"https:\/\/old.vfmg.ch\/wp-content\/uploads\/2022\/07\/Herz-300x200.jpg\" alt=\"\" width=\"300\" height=\"200\" srcset=\"https:\/\/old.vfmg.ch\/wp-content\/uploads\/2022\/07\/Herz-300x200.jpg 300w, https:\/\/old.vfmg.ch\/wp-content\/uploads\/2022\/07\/Herz-150x100.jpg 150w, https:\/\/old.vfmg.ch\/wp-content\/uploads\/2022\/07\/Herz-100x67.jpg 100w, https:\/\/old.vfmg.ch\/wp-content\/uploads\/2022\/07\/Herz-360x240.jpg 360w, https:\/\/old.vfmg.ch\/wp-content\/uploads\/2022\/07\/Herz.jpg 516w\" sizes=\"auto, (max-width: 300px) 100vw, 300px\" \/><\/td>\n<td style=\"text-align: left; width: 51.8711%;\"><strong>Notre couple est plus que toi et moi.<br \/>\n<\/strong>Dieu le troisi\u00e8me partenaire de l'alliance<br \/>\n<strong>Nous sommes si diff\u00e9rents !<br \/>\n<\/strong>... mais la compl\u00e9mentarit\u00e9 serait impossible autrement<strong>Un couple solide, \u00e7a existe ?<\/strong><br \/>\nDieu construit l'unit\u00e9, ou Dieu notre architecte<strong>L'un vers l'autre - s\u00e9par\u00e9ment - ensemble<\/strong><br \/>\nAmour, libert\u00e9, responsabilit\u00e9 personelle et bienveillance ou sans libert\u00e9, pas d'amour !<strong>Grandir dans le Nouveau<br \/>\n<\/strong>L'art de collaborer avec Dieu<\/td>\n<\/tr>\n<\/tbody>\n<\/table>\n<p>&nbsp;<\/p>\n<table class=\" alignright\">\n<tbody>\n<tr>\n<td><img loading=\"lazy\" decoding=\"async\" class=\"alignnone size-medium wp-image-12728\" src=\"https:\/\/old.vfmg.ch\/wp-content\/uploads\/2023\/04\/Week-end-300x80.png\" alt=\"\" width=\"300\" height=\"80\" srcset=\"https:\/\/old.vfmg.ch\/wp-content\/uploads\/2023\/04\/Week-end-300x80.png 300w, https:\/\/old.vfmg.ch\/wp-content\/uploads\/2023\/04\/Week-end-150x40.png 150w, https:\/\/old.vfmg.ch\/wp-content\/uploads\/2023\/04\/Week-end-100x27.png 100w, https:\/\/old.vfmg.ch\/wp-content\/uploads\/2023\/04\/Week-end.png 569w\" sizes=\"auto, (max-width: 300px) 100vw, 300px\" \/><br \/>\nFormidable - nous sommes diff\u00e9rents<br \/>\n<strong>Dieu le partenaire le plus fort de notre couple<\/strong><br \/>\nLe mariage - un beau d\u00e9fi<\/td>\n<td><strong><img loading=\"lazy\" decoding=\"async\" class=\"alignnone size-medium wp-image-12177\" src=\"https:\/\/old.vfmg.ch\/wp-content\/uploads\/2022\/07\/Titelpaar-300x200.jpg\" alt=\"\" width=\"300\" height=\"200\" srcset=\"https:\/\/old.vfmg.ch\/wp-content\/uploads\/2022\/07\/Titelpaar-300x200.jpg 300w, https:\/\/old.vfmg.ch\/wp-content\/uploads\/2022\/07\/Titelpaar-1400x933.jpg 1400w, https:\/\/old.vfmg.ch\/wp-content\/uploads\/2022\/07\/Titelpaar-150x100.jpg 150w, https:\/\/old.vfmg.ch\/wp-content\/uploads\/2022\/07\/Titelpaar-768x512.jpg 768w, https:\/\/old.vfmg.ch\/wp-content\/uploads\/2022\/07\/Titelpaar-1536x1024.jpg 1536w, https:\/\/old.vfmg.ch\/wp-content\/uploads\/2022\/07\/Titelpaar-100x67.jpg 100w, https:\/\/old.vfmg.ch\/wp-content\/uploads\/2022\/07\/Titelpaar-360x240.jpg 360w, https:\/\/old.vfmg.ch\/wp-content\/uploads\/2022\/07\/Titelpaar.jpg 2000w\" sizes=\"auto, (max-width: 300px) 100vw, 300px\" \/><\/strong><\/td>\n<\/tr>\n<\/tbody>\n<\/table>\n<table style=\"width: 99.0496%;\">\n<tbody>\n<tr>\n<td style=\"width: 21.71%;\"><img loading=\"lazy\" decoding=\"async\" class=\"alignnone wp-image-12201\" src=\"https:\/\/old.vfmg.ch\/wp-content\/uploads\/2022\/07\/8C9A3720-90CE-456A-A79B-6BD3A91EEF9D-scaled1-300x225.jpeg\" alt=\"\" width=\"228\" height=\"172\" srcset=\"https:\/\/old.vfmg.ch\/wp-content\/uploads\/2022\/07\/8C9A3720-90CE-456A-A79B-6BD3A91EEF9D-scaled1-300x225.jpeg 300w, https:\/\/old.vfmg.ch\/wp-content\/uploads\/2022\/07\/8C9A3720-90CE-456A-A79B-6BD3A91EEF9D-scaled1-1365x1024.jpeg 1365w, https:\/\/old.vfmg.ch\/wp-content\/uploads\/2022\/07\/8C9A3720-90CE-456A-A79B-6BD3A91EEF9D-scaled1-150x113.jpeg 150w, https:\/\/old.vfmg.ch\/wp-content\/uploads\/2022\/07\/8C9A3720-90CE-456A-A79B-6BD3A91EEF9D-scaled1-768x576.jpeg 768w, https:\/\/old.vfmg.ch\/wp-content\/uploads\/2022\/07\/8C9A3720-90CE-456A-A79B-6BD3A91EEF9D-scaled1-1536x1152.jpeg 1536w, https:\/\/old.vfmg.ch\/wp-content\/uploads\/2022\/07\/8C9A3720-90CE-456A-A79B-6BD3A91EEF9D-scaled1-100x75.jpeg 100w, https:\/\/old.vfmg.ch\/wp-content\/uploads\/2022\/07\/8C9A3720-90CE-456A-A79B-6BD3A91EEF9D-scaled1-320x240.jpeg 320w, https:\/\/old.vfmg.ch\/wp-content\/uploads\/2022\/07\/8C9A3720-90CE-456A-A79B-6BD3A91EEF9D-scaled1.jpeg 2048w\" sizes=\"auto, (max-width: 228px) 100vw, 228px\" \/><\/td>\n<td style=\"width: 237.182%;\"><strong>Barbara et Jean-Paul R\u00f6thlisberger<\/strong>, conseillers conjugaux et animateurs de l'UAM proposent ces rencontres pour couples gratuitement aux \u00e9glises UAM.<\/p>\n<p>Nous vous invitons \u00e0 <strong>nous contacter !\u00a0<\/strong><\/p>\n<p>barbara.roethlisberger@vfmg.ch, T\u00e9l\u00e9phone 077 415 63 50<\/td>\n<\/tr>\n<\/tbody>\n<\/table>\n<p>&nbsp;<\/p>\n<p>&nbsp;<\/p>\n<p>&nbsp;<\/p>\n<p>&nbsp;<\/p>\n<p>&nbsp;<\/p>\n<p>&nbsp;<\/p>\n<p>&nbsp;<\/p>\n<p>&nbsp;<\/p>\n<p>&nbsp;<\/p>\n<p>.<\/p>\n","protected":false},"excerpt":{"rendered":"<p>Le couple constitue le noyau d\u2019une soci\u00e9t\u00e9 saine. Mais pour bien remplir cette vocation, il est toutefois n\u00e9cessaire d\u2019y apporter une attention particuli\u00e8re et constante. L\u2019UAM soutient ce travail conjugal dans les \u00e9glises avec un engagement particulier. Jean-Paul et Barbara R\u00f6thlisberger sont des conseillers conjugaux form\u00e9s et ils proposent diff\u00e9rentes offres. Un \u00abPowerday\u00a0pour couple\u00bb est <a href='https:\/\/old.vfmg.ch\/fr\/groupedetravail\/2899-2\/' class='excerpt-more'>[&#8230;]<\/a><\/p>\n","protected":false},"author":12,"featured_media":0,"parent":2216,"menu_order":0,"comment_status":"closed","ping_status":"open","template":"","meta":{"footnotes":""},"class_list":["post-12150","page","type-page","status-publish","hentry","post-seq-1","post-parity-odd","meta-position-corners","fix"],"publishpress_future_action":{"enabled":false,"date":"2026-05-17 22:12:45","action":"change-status","newStatus":"draft","terms":[],"taxonomy":"translation_priority","extraData":[]},"publishpress_future_workflow_manual_trigger":{"enabledWorkflows":[]},"_links":{"self":[{"href":"https:\/\/old.vfmg.ch\/fr\/wp-json\/wp\/v2\/pages\/12150","targetHints":{"allow":["GET"]}}],"collection":[{"href":"https:\/\/old.vfmg.ch\/fr\/wp-json\/wp\/v2\/pages"}],"about":[{"href":"https:\/\/old.vfmg.ch\/fr\/wp-json\/wp\/v2\/types\/page"}],"author":[{"embeddable":true,"href":"https:\/\/old.vfmg.ch\/fr\/wp-json\/wp\/v2\/users\/12"}],"replies":[{"embeddable":true,"href":"https:\/\/old.vfmg.ch\/fr\/wp-json\/wp\/v2\/comments?post=12150"}],"version-history":[{"count":3,"href":"https:\/\/old.vfmg.ch\/fr\/wp-json\/wp\/v2\/pages\/12150\/revisions"}],"predecessor-version":[{"id":12739,"href":"https:\/\/old.vfmg.ch\/fr\/wp-json\/wp\/v2\/pages\/12150\/revisions\/12739"}],"up":[{"embeddable":true,"href":"https:\/\/old.vfmg.ch\/fr\/wp-json\/wp\/v2\/pages\/2216"}],"wp:attachment":[{"href":"https:\/\/old.vfmg.ch\/fr\/wp-json\/wp\/v2\/media?parent=12150"}],"curies":[{"name":"wp","href":"https:\/\/api.w.org\/{rel}","templated":true}]}}