{"id":2127,"date":"2012-10-23T12:00:24","date_gmt":"2012-10-23T12:00:24","guid":{"rendered":"\/\/vfmg.ch\/?p=2127"},"modified":"2023-10-02T10:41:02","modified_gmt":"2023-10-02T09:41:02","slug":"am-geneveys","status":"publish","type":"page","link":"https:\/\/old.vfmg.ch\/fr\/eglises\/am-geneveys\/","title":{"rendered":"2206 Les Geneveys-sur-Coffrane"},"content":{"rendered":"<table class=\"gemeinden\" style=\"width: 38.3335%; height: 312px;\">\n<tbody>\n<tr style=\"height: 72px;\">\n<th style=\"height: 72px; width: 33.8174%;\">Adresse:<\/th>\n<td style=\"height: 72px; width: 73.8598%;\">Salle polyvalente<br \/>\nRue du Coll\u00e8ge 31<br \/>\n2207 Coffrane<\/td>\n<\/tr>\n<tr style=\"height: 96px;\">\n<td style=\"height: 96px; width: 33.8174%;\"><strong>Adresse de contact:<\/strong><\/td>\n<td style=\"height: 96px; width: 73.8598%;\">Eglise Evang\u00e9lique Missionnaire<br \/>\nRue des Grandes Planches 24<br \/>\n2206 Les Geneveys-sur-Coffrane<br \/>\nT\u00e9l 077 413 96 75<\/td>\n<\/tr>\n<tr style=\"height: 24px;\">\n<td style=\"height: 24px; width: 33.8174%;\"><strong>Site internet:<\/strong><\/td>\n<td style=\"height: 24px; width: 73.8598%;\"><a href=\"http:\/\/www.eem-val-de-ruz.ch\" target=\"_blank\" rel=\"noopener\">http:\/\/www.eem-val-de-ruz.ch<\/a>, <a href=\"mailto:contact@eem-val-de-ruz.ch\" target=\"_self\" rel=\"noopener\">e-Mail<\/a><\/td>\n<\/tr>\n<tr style=\"height: 24px;\">\n<th style=\"height: 24px; width: 33.8174%;\">Cultes:<\/th>\n<td style=\"height: 24px; width: 73.8598%;\">tous les dimanches \u00e0 10 h 00<\/td>\n<\/tr>\n<tr style=\"height: 24px;\">\n<th style=\"height: 24px; width: 33.8174%;\">En semaine:<\/th>\n<td style=\"height: 24px; width: 73.8598%;\">selon programme mensuel, voir site internet<\/td>\n<\/tr>\n<tr style=\"height: 72px;\">\n<th style=\"height: 72px; width: 33.8174%;\">Contact:<\/th>\n<td style=\"height: 72px; width: 73.8598%;\">Etienne B\u00fchlmann, pr\u00e9sident, Corg\u00e9mont<br \/>\nT\u00e9l 077 413 96 75, <a href=\"mailto:etienne.buehlmann@vfmg.ch\">e-Mail senden<\/a><\/td>\n<\/tr>\n<\/tbody>\n<\/table>\n<div class=\"oKdM2c ZZyype\">\n<div id=\"h.4a73eef5e61895b6_109\" class=\"hJDwNd-AhqUyc-uQSCkd Ft7HRd-AhqUyc-uQSCkd jXK9ad D2fZ2 zu5uec wHaque g5GTcb JYTMs\">\n<div class=\"jXK9ad-SmKAyb\">\n<div class=\"tyJCtd mGzaTb Depvyb baZpAe\"><div class=\"leaflet-map WPLeafletMap\" style=\"height:350px; width:100%;\"><\/div><script>\nwindow.WPLeafletMapPlugin = window.WPLeafletMapPlugin || [];\nwindow.WPLeafletMapPlugin.push(function WPLeafletMapShortcode() {\/*<script>*\/\nvar baseUrl = atob('aHR0cHM6Ly97c30udGlsZS5vcGVuc3RyZWV0bWFwLm9yZy97en0ve3h9L3t5fS5wbmc=');\nvar base = (!baseUrl && window.MQ) ?\n    window.MQ.mapLayer() : L.tileLayer(baseUrl,\n        L.Util.extend({}, {\n            detectRetina: 0,\n        },\n        {\"subdomains\":\"abc\",\"noWrap\":false,\"maxZoom\":20}        )\n    );\n    var options = L.Util.extend({}, {\n        layers: [base],\n        attributionControl: false\n    },\n    {\"zoomControl\":true,\"scrollWheelZoom\":true,\"doubleClickZoom\":true,\"fitBounds\":false,\"minZoom\":0,\"maxZoom\":20,\"maxBounds\":null,\"attribution\":\"<a href=\\\"http:\\\/\\\/leafletjs.com\\\" title=\\\"Eine Javascript-Bibliothek f\\u00fcr interaktive Karten\\\">Leaflet<\\\/a>; \\u00a9 <a href=\\\"http:\\\/\\\/www.openstreetmap.org\\\/copyright\\\">OpenStreetMap<\\\/a> Mitwirkende\"},\n    {});\nwindow.WPLeafletMapPlugin.createMap(options).setView([47.0108672,6.85804165],16);});<\/script><script>\nwindow.WPLeafletMapPlugin = window.WPLeafletMapPlugin || [];\nwindow.WPLeafletMapPlugin.push(function WPLeafletMarkerShortcode() {\/*<script>*\/\nvar map = window.WPLeafletMapPlugin.getCurrentMap();\nvar group = window.WPLeafletMapPlugin.getCurrentGroup();\nvar marker_options = window.WPLeafletMapPlugin.getIconOptions({\"iconUrl\":\"\\\/wp-content\\\/plugins\\\/stonehenge-em-osm\\\/assets\\\/images\\\/marker-icon-red.png\",\"iconAnchor\":\"12,41\"});\nvar marker = L.marker(\n    [0,0],\n    marker_options\n);\nvar is_image = map.is_image_map;\n    marker.setLatLng( map.getCenter() );\nif (marker_options.draggable) {\n    marker.on('dragend', function () {\n        var latlng = this.getLatLng();\n        var lat = latlng.lat;\n        var lng = latlng.lng;\n        if (is_image) {\n            console.log('leaflet-marker y=' + lat + ' x=' + lng);\n        } else {\n            console.log('leaflet-marker lat=' + lat + ' lng=' + lng);\n        }\n    });\n}\nmarker.addTo( group );\nwindow.WPLeafletMapPlugin.markers.push( marker );\n        });<\/script><\/div>\n<\/div>\n<\/div>\n<\/div>\n","protected":false},"excerpt":{"rendered":"<p>Adresse: Salle polyvalente Rue du Coll\u00e8ge 31 2207 Coffrane Adresse de contact: Eglise Evang\u00e9lique Missionnaire Rue des Grandes Planches 24 2206 Les Geneveys-sur-Coffrane T\u00e9l 077 413 96 75 Site internet: http:\/\/www.eem-val-de-ruz.ch, e-Mail Cultes: tous les dimanches \u00e0 10 h 00 En semaine: selon programme mensuel, voir site internet Contact: Etienne B\u00fchlmann, pr\u00e9sident, Corg\u00e9mont T\u00e9l 077 <a href='https:\/\/old.vfmg.ch\/fr\/eglises\/am-geneveys\/' class='excerpt-more'>[&#8230;]<\/a><\/p>\n","protected":false},"author":12,"featured_media":0,"parent":2779,"menu_order":0,"comment_status":"closed","ping_status":"open","template":"","meta":{"footnotes":""},"class_list":["post-2127","page","type-page","status-publish","hentry","category-1-id","post-seq-1","post-parity-odd","meta-position-corners","fix"],"publishpress_future_action":{"enabled":false,"date":"2026-05-17 22:12:07","action":"change-status","newStatus":"draft","terms":[],"taxonomy":"translation_priority","extraData":[]},"publishpress_future_workflow_manual_trigger":{"enabledWorkflows":[]},"_links":{"self":[{"href":"https:\/\/old.vfmg.ch\/fr\/wp-json\/wp\/v2\/pages\/2127","targetHints":{"allow":["GET"]}}],"collection":[{"href":"https:\/\/old.vfmg.ch\/fr\/wp-json\/wp\/v2\/pages"}],"about":[{"href":"https:\/\/old.vfmg.ch\/fr\/wp-json\/wp\/v2\/types\/page"}],"author":[{"embeddable":true,"href":"https:\/\/old.vfmg.ch\/fr\/wp-json\/wp\/v2\/users\/12"}],"replies":[{"embeddable":true,"href":"https:\/\/old.vfmg.ch\/fr\/wp-json\/wp\/v2\/comments?post=2127"}],"version-history":[{"count":3,"href":"https:\/\/old.vfmg.ch\/fr\/wp-json\/wp\/v2\/pages\/2127\/revisions"}],"predecessor-version":[{"id":12911,"href":"https:\/\/old.vfmg.ch\/fr\/wp-json\/wp\/v2\/pages\/2127\/revisions\/12911"}],"up":[{"embeddable":true,"href":"https:\/\/old.vfmg.ch\/fr\/wp-json\/wp\/v2\/pages\/2779"}],"wp:attachment":[{"href":"https:\/\/old.vfmg.ch\/fr\/wp-json\/wp\/v2\/media?parent=2127"}],"curies":[{"name":"wp","href":"https:\/\/api.w.org\/{rel}","templated":true}]}}