{"id":2129,"date":"2012-10-23T11:41:15","date_gmt":"2012-10-23T11:41:15","guid":{"rendered":"\/\/vfmg.ch\/?p=2129"},"modified":"2024-03-04T12:18:19","modified_gmt":"2024-03-04T11:18:19","slug":"am-delemont","status":"publish","type":"page","link":"https:\/\/old.vfmg.ch\/fr\/eglises\/am-delemont\/","title":{"rendered":"2800 Del\u00e9mont"},"content":{"rendered":"<table class=\"gemeinden\">\n<tbody>\n<tr>\n<th>Adresse:<\/th>\n<td>rue St-Maurice 30 G<br \/>\n2800 Del\u00e9mont<br \/>\nT\u00e9l 032 422 71 32, <a href=\"mailto:am-delemont@bluewin.ch\" target=\"_blank\" rel=\"noopener\">e-Mail senden<\/a><\/td>\n<\/tr>\n<tr>\n<th>Site internet:<\/th>\n<td><a href=\"http:\/\/www.amdelemont.ch\" target=\"_blank\" rel=\"noopener\">http:\/\/www.amdelemont.ch<\/a><\/td>\n<\/tr>\n<tr>\n<th>Cultes:<\/th>\n<td>tous les dimanches \u00e0 10 h 00<\/td>\n<\/tr>\n<tr>\n<th>Contact:<\/th>\n<td>Marc H\u00e4nni, Court\u00e9telle<br \/>\nT\u00e9l 032 422 06 76<br \/>\nS\u00e9bastien W\u00fcthrich, Court\u00e9telle<br \/>\nT\u00e9l 079 532 98 13<\/td>\n<\/tr>\n<\/tbody>\n<\/table>\n<p><div class=\"leaflet-map WPLeafletMap\" style=\"height:350px; width:100%;\"><\/div><script>\nwindow.WPLeafletMapPlugin = window.WPLeafletMapPlugin || [];\nwindow.WPLeafletMapPlugin.push(function WPLeafletMapShortcode() {\/*<script>*\/\nvar baseUrl = atob('aHR0cHM6Ly97c30udGlsZS5vcGVuc3RyZWV0bWFwLm9yZy97en0ve3h9L3t5fS5wbmc=');\nvar base = (!baseUrl && window.MQ) ?\n    window.MQ.mapLayer() : L.tileLayer(baseUrl,\n        L.Util.extend({}, {\n            detectRetina: 0,\n        },\n        {\"subdomains\":\"abc\",\"noWrap\":false,\"maxZoom\":20}        )\n    );\n    var options = L.Util.extend({}, {\n        layers: [base],\n        attributionControl: false\n    },\n    {\"zoomControl\":true,\"scrollWheelZoom\":true,\"doubleClickZoom\":true,\"fitBounds\":false,\"minZoom\":0,\"maxZoom\":20,\"maxBounds\":null,\"attribution\":\"<a href=\\\"http:\\\/\\\/leafletjs.com\\\" title=\\\"Eine Javascript-Bibliothek f\\u00fcr interaktive Karten\\\">Leaflet<\\\/a>; \\u00a9 <a href=\\\"http:\\\/\\\/www.openstreetmap.org\\\/copyright\\\">OpenStreetMap<\\\/a> Mitwirkende\"},\n    {});\nwindow.WPLeafletMapPlugin.createMap(options).setView([47.3527643,7.3413856],16);});<\/script><script>\nwindow.WPLeafletMapPlugin = window.WPLeafletMapPlugin || [];\nwindow.WPLeafletMapPlugin.push(function WPLeafletMarkerShortcode() {\/*<script>*\/\nvar map = window.WPLeafletMapPlugin.getCurrentMap();\nvar group = window.WPLeafletMapPlugin.getCurrentGroup();\nvar marker_options = window.WPLeafletMapPlugin.getIconOptions({\"iconUrl\":\"\\\/wp-content\\\/plugins\\\/stonehenge-em-osm\\\/assets\\\/images\\\/marker-icon-red.png\",\"iconAnchor\":\"12,41\"});\nvar marker = L.marker(\n    [0,0],\n    marker_options\n);\nvar is_image = map.is_image_map;\n    marker.setLatLng( map.getCenter() );\nif (marker_options.draggable) {\n    marker.on('dragend', function () {\n        var latlng = this.getLatLng();\n        var lat = latlng.lat;\n        var lng = latlng.lng;\n        if (is_image) {\n            console.log('leaflet-marker y=' + lat + ' x=' + lng);\n        } else {\n            console.log('leaflet-marker lat=' + lat + ' lng=' + lng);\n        }\n    });\n}\nmarker.addTo( group );\nwindow.WPLeafletMapPlugin.markers.push( marker );\n        });<\/script><\/p>\n","protected":false},"excerpt":{"rendered":"<p>Adresse: rue St-Maurice 30 G 2800 Del\u00e9mont T\u00e9l 032 422 71 32, e-Mail senden Site internet: http:\/\/www.amdelemont.ch Cultes: tous les dimanches \u00e0 10 h 00 Contact: Marc H\u00e4nni, Court\u00e9telle T\u00e9l 032 422 06 76 S\u00e9bastien W\u00fcthrich, Court\u00e9telle T\u00e9l 079 532 98 13<\/p>\n","protected":false},"author":12,"featured_media":0,"parent":2779,"menu_order":0,"comment_status":"closed","ping_status":"open","template":"","meta":{"footnotes":""},"class_list":["post-2129","page","type-page","status-publish","hentry","category-1-id","post-seq-1","post-parity-odd","meta-position-corners","fix"],"publishpress_future_action":{"enabled":false,"date":"2026-05-17 22:11:29","action":"change-status","newStatus":"draft","terms":[],"taxonomy":"translation_priority","extraData":[]},"publishpress_future_workflow_manual_trigger":{"enabledWorkflows":[]},"_links":{"self":[{"href":"https:\/\/old.vfmg.ch\/fr\/wp-json\/wp\/v2\/pages\/2129","targetHints":{"allow":["GET"]}}],"collection":[{"href":"https:\/\/old.vfmg.ch\/fr\/wp-json\/wp\/v2\/pages"}],"about":[{"href":"https:\/\/old.vfmg.ch\/fr\/wp-json\/wp\/v2\/types\/page"}],"author":[{"embeddable":true,"href":"https:\/\/old.vfmg.ch\/fr\/wp-json\/wp\/v2\/users\/12"}],"replies":[{"embeddable":true,"href":"https:\/\/old.vfmg.ch\/fr\/wp-json\/wp\/v2\/comments?post=2129"}],"version-history":[{"count":3,"href":"https:\/\/old.vfmg.ch\/fr\/wp-json\/wp\/v2\/pages\/2129\/revisions"}],"predecessor-version":[{"id":13062,"href":"https:\/\/old.vfmg.ch\/fr\/wp-json\/wp\/v2\/pages\/2129\/revisions\/13062"}],"up":[{"embeddable":true,"href":"https:\/\/old.vfmg.ch\/fr\/wp-json\/wp\/v2\/pages\/2779"}],"wp:attachment":[{"href":"https:\/\/old.vfmg.ch\/fr\/wp-json\/wp\/v2\/media?parent=2129"}],"curies":[{"name":"wp","href":"https:\/\/api.w.org\/{rel}","templated":true}]}}