{"id":2131,"date":"2012-10-23T14:58:01","date_gmt":"2012-10-23T14:58:01","guid":{"rendered":"\/\/vfmg.ch\/?p=2131"},"modified":"2012-11-01T12:58:44","modified_gmt":"2012-11-01T12:58:44","slug":"histoire-uam","status":"publish","type":"page","link":"https:\/\/old.vfmg.ch\/fr\/portrait-3\/histoire-uam\/","title":{"rendered":"Histoire de l&#8217;UAM"},"content":{"rendered":"<h2><strong>Pass\u00e9 historique<\/strong><\/h2>\n<p>Dans les ann\u00e9es 50 et 60 du si\u00e8cle dernier, certaines pratiques et convictions th\u00e9ologiques ont fait l'objet de vives discussions au sein de l'EBV (Evangelischer Br\u00fcderverein). Certaines affirmations de Fritz Berger, fondateur de l'EBV, en rapport avec d'autres \u00e9glises \u00e9vang\u00e9liques ou leurs Unions ou au sujet des comp\u00e9tences du Comit\u00e9 de l'EBV \u00e9taient controvers\u00e9es.<\/p>\n<p>Dans les ann\u00e9es 60, un groupe plus ouvert s'est rassembl\u00e9 autour de l'\u00e9vang\u00e9liste Pierre Z\u00fcrcher, membre du comit\u00e9 directeur de l'EBV. Son but \u00e9tait la r\u00e9organisation hi\u00e9rarchique en une Union d'\u00e9glises autonomes, l'adaptation du travail parmi les enfants et les jeunes au monde actuel. Les divergences au sein du comit\u00e9 directeur de l'EBV l'ont amen\u00e9 \u00e0 d\u00e9missionner de son poste en 1967. D'autres responsables, des groupes de membres et des \u00e9glises enti\u00e8res ont suivi son exemple.<\/p>\n<h2><strong>Cr\u00e9ation de l'UAM<\/strong><\/h2>\n<p>Le 9 d\u00e9cembre 1967 a lieu la premi\u00e8re s\u00e9ance des dirigeants du nouveau mouvement \u00e0 Dietikon dans le canton de Z\u00fcrich. 45 responsables de 20 nouvelles \u00e9glises \u00e9taient pr\u00e9sents et ont ainsi fond\u00e9 l'Union des Assembl\u00e9es Missionnaires. Pierre Z\u00fcrcher, \u00e9vang\u00e9liste et premier pr\u00e9sident de l'UAM, a donn\u00e9 son empreinte \u00e0 la nouvelle Union. Le nom \u00ab Assembl\u00e9es Missionnaires \u00bb d\u00e9signait le nom et le programme, la mission int\u00e9rieure et ext\u00e9rieure \u00e9tant prioritaire d\u00e8s le d\u00e9but.<br \/>\nPlusieurs domaines ont \u00e9t\u00e9 mis en place en m\u00eame temps: la cr\u00e9ation d'\u00e9glises locales autonomes en Suisse al\u00e9manique et en Suisse romande; la structure de l'Union; la mise en place d'un travail parmi les enfants et les jeunes; la mission sous tente par la prise en charge de la \u00ab Bernische Zeltmission \u00bb de Georg Brinke; la publication du journal \u00ab Christus im Brennpunkt \u00bb et la mission en Autriche qui a \u00e9t\u00e9 transmise par l'EBV.<strong><\/strong><\/p>\n<h2><strong>La mission de l'UAM <\/strong><\/h2>\n<p>Lors de la s\u00e9ance du Conseil des Anciens, le 21 septembre 1968, la d\u00e9cision a \u00e9t\u00e9 prise de mettre en place un projet de mission visant la Suisse et les pays limitrophes. En dehors de ce projet, des missionnaires voulant travailler avec WEC ou Wycliff pouvaient \u00eatre soutenus. Apr\u00e8s un d\u00e9but en Autriche, dans la r\u00e9gion de Voralberg, le premier missionnaire \u00e9tait envoy\u00e9 \u00e0 Innsbruck dans le Tyrol puis d'autres plus \u00e0 l'Est. L'engagement missionnaire dans le sud de l'Italie a \u00e9t\u00e9 lanc\u00e9 en 1971 en m\u00eame temps que le travail d'Erino Dapozzo en Sicile qui est tr\u00e8s vite devenu ind\u00e9pendant. En 1972 d\u00e9butait le travail en France, \u00e0 Monistrol.<\/p>\n<h2><strong>La mission en Suisse<\/strong><\/h2>\n<p>En Suisse, l'Union a \u00e9volu\u00e9 tr\u00e8s rapidement. En Suisse al\u00e9manique et en Suisse romande, des \u00e9glises \u00e9vang\u00e9liques se sont cr\u00e9\u00e9es, juridiquement organis\u00e9es en associations. En plus, dans les premi\u00e8res ann\u00e9es se d\u00e9veloppaient diff\u00e9rents lieux de cultes suppl\u00e9mentaires. Le petit groupe de pasteurs engag\u00e9s par l'UAM qui, \u00e0 l'\u00e9poque, n'\u00e9taient pas affect\u00e9s \u00e0 une \u00e9glise pr\u00e9cise, et les pr\u00e9dicateurs la\u00efcs, pr\u00eachaient souvent \u00e0 trois endroits diff\u00e9rents le m\u00eame dimanche. En 1978, un livre de chants, utilis\u00e9 dans les \u00e9glises al\u00e9maniques de l'UAM et aussi ailleurs, a \u00e9t\u00e9 \u00e9dit\u00e9.<\/p>\n<h2><strong>Engagement social<\/strong><\/h2>\n<p>En 1974, l'h\u00f4tel Friedegg \u00e0 Aeschi a \u00e9t\u00e9 achet\u00e9 dans le but d'avoir un propre endroit pour diff\u00e9rentes activit\u00e9s. En 1976 s'ajoute la maison de retraite Wydenhof \u00e0 Rubigen qui, dans les ann\u00e9es suivantes, a \u00e9t\u00e9 am\u00e9nag\u00e9e en maison de retraite m\u00e9dicalis\u00e9e.<\/p>\n<p>Suite \u00e0 un terrible tremblement de terre en Italie du sud en 1980, l'UAM s'est engag\u00e9e dans la reconstruction d'un village de montagne pr\u00e8s d'Avellino et par la suite, elle a cr\u00e9\u00e9 et dirig\u00e9, respectivement soutenu, un jardin d'enfants jusqu'en 2006. Peu de temps apr\u00e8s, \u00e0 Nicosie, le centre d'accueil pour m\u00e8res c\u00e9libataires Il Faro a \u00e9t\u00e9 cr\u00e9\u00e9.<\/p>\n<h2><strong>Evolution des structures en Suisse<\/strong><\/h2>\n<p>Lentement, les structures ont \u00e9volu\u00e9 : les pasteurs itin\u00e9rants ont \u00e9t\u00e9 affect\u00e9s \u00e0 une \u00e9glise et de nouveaux pasteurs ont \u00e9t\u00e9 appel\u00e9s par d'autres, m\u00eame si leur administration passait toujours par la centrale. Le mod\u00e8le du pasteur itin\u00e9rant a pourtant \u00e9t\u00e9 partiellement gard\u00e9. Les pasteurs affect\u00e9s \u00e0 une \u00e9glise sont encore tenus de pourvoir \u00e0 des services dans les \u00e9glises s\u0153urs.<\/p>\n<p>Vers la fin des ann\u00e9es 90, les structures ont subi des changements importants. Les \u00e9glises devaient prendre en charge en grande partie le financement de leur pasteur et des accords budg\u00e9taires ont \u00e9t\u00e9 convenus entre les \u00e9glises et l'Union. Jusque-l\u00e0, le conseil des Anciens \u00e9tait l'organe d\u00e9cisif de l'Union et maintenant cette t\u00e2che a \u00e9t\u00e9 transf\u00e9r\u00e9e \u00e0 une Assembl\u00e9e de d\u00e9l\u00e9gu\u00e9s. Les \u00e9glises avaient ainsi la possibilit\u00e9 de nommer des femmes comme d\u00e9l\u00e9gu\u00e9es. L'UAM se concentre ainsi sur des prestations de services qui sont plus ais\u00e9ment g\u00e9rable lorsqu'elles sont centralis\u00e9es. Les contrats de travail des collaborateurs et collaboratrices sont sign\u00e9s avec l'Union qui assure aussi tout le secteur de l'administration du personnel. Les \u00e9glises re\u00e7oivent un appui de l'UAM dans les secteurs des enfants, des jeunes, des couples, des familles et dans la diaconie. L'Union porte \u00e9galement la responsabilit\u00e9 du secteur de la mission.<\/p>\n<h2><strong>Evolution des structures dans l'engagement missionnaire<\/strong><\/h2>\n<p>Ce secteur a \u00e9galement subi des changements d\u00e8s l'an 2000. Suite aux accords bilat\u00e9raux entre la Suisse et l'Union europ\u00e9enne, les structures ont d\u00fb \u00eatre adapt\u00e9es. Les missionnaires qui jusqu'ici \u00e9taient engag\u00e9s en Suisse ont d\u00fb \u00eatre engag\u00e9s par des organisations dans les pays respectifs. Ces organisations devaient en partie d'abord \u00eatre cr\u00e9\u00e9es.<\/p>\n<p>En Autriche, beaucoup d'\u00e9glises fond\u00e9es par les missionnaires de l'UAM se sont unies avec d'autres \u00e9glises \u00e9vang\u00e9liques en cr\u00e9ant l'Union des \u00e9glises \u00e9vang\u00e9liques (BEG \u2013 Bund Evangelikaler Gemeinden). En France, un contrat a \u00e9t\u00e9 \u00e9labor\u00e9 avec l'organisme d\u00e9j\u00e0 en place, France Mission. En Italie, les \u00e9glises ont rejoint UCBC (Unione Chiese Bibliche Cristiane). Les missionnaires UAM ont donc \u00e9t\u00e9 affect\u00e9s \u00e0 ces organisations tout en \u00e9tant encore financ\u00e9s par la Suisse.<\/p>\n<h2><strong>Avenir de l'UAM<\/strong><\/h2>\n<p>Les structures actuelles de l'Union et des \u00e9glises permettent de r\u00e9pondre avec flexibilit\u00e9 \u00e0 l'\u00e9volution des besoins afin de rester fid\u00e8le \u00e0 la mission de J\u00e9sus dans une soci\u00e9t\u00e9 en mouvement perp\u00e9tuel. Car malgr\u00e9 les \u00e9volutions des 40 derni\u00e8res ann\u00e9es, une constante reste \u00ab Allez dans le monde entier, annoncez la Bonne Nouvelle \u00e0 tous les hommes \u00bb (Marc 16.15). J\u00e9sus lui-m\u00eame veille sur son \u00e9glise et a promis qu'il veillera sur son \u00e9glise et que la mort elle-m\u00eame ne pourra rien contre elle. (Mat. 16.18)<\/p>\n","protected":false},"excerpt":{"rendered":"<p>Pass\u00e9 historique Dans les ann\u00e9es 50 et 60 du si\u00e8cle dernier, certaines pratiques et convictions th\u00e9ologiques ont fait l&#8217;objet de vives discussions au sein de l&#8217;EBV (Evangelischer Br\u00fcderverein). Certaines affirmations de Fritz Berger, fondateur de l&#8217;EBV, en rapport avec d&#8217;autres \u00e9glises \u00e9vang\u00e9liques ou leurs Unions ou au sujet des comp\u00e9tences du Comit\u00e9 de l&#8217;EBV \u00e9taient <a href='https:\/\/old.vfmg.ch\/fr\/portrait-3\/histoire-uam\/' class='excerpt-more'>[&#8230;]<\/a><\/p>\n","protected":false},"author":12,"featured_media":0,"parent":3482,"menu_order":0,"comment_status":"closed","ping_status":"open","template":"","meta":{"footnotes":""},"class_list":["post-2131","page","type-page","status-publish","hentry","category-505-id","category-1-id","post-seq-1","post-parity-odd","meta-position-corners","fix"],"publishpress_future_action":{"enabled":false,"date":"2026-05-17 22:11:55","action":"change-status","newStatus":"draft","terms":[],"taxonomy":"translation_priority","extraData":[]},"publishpress_future_workflow_manual_trigger":{"enabledWorkflows":[]},"_links":{"self":[{"href":"https:\/\/old.vfmg.ch\/fr\/wp-json\/wp\/v2\/pages\/2131","targetHints":{"allow":["GET"]}}],"collection":[{"href":"https:\/\/old.vfmg.ch\/fr\/wp-json\/wp\/v2\/pages"}],"about":[{"href":"https:\/\/old.vfmg.ch\/fr\/wp-json\/wp\/v2\/types\/page"}],"author":[{"embeddable":true,"href":"https:\/\/old.vfmg.ch\/fr\/wp-json\/wp\/v2\/users\/12"}],"replies":[{"embeddable":true,"href":"https:\/\/old.vfmg.ch\/fr\/wp-json\/wp\/v2\/comments?post=2131"}],"version-history":[{"count":0,"href":"https:\/\/old.vfmg.ch\/fr\/wp-json\/wp\/v2\/pages\/2131\/revisions"}],"up":[{"embeddable":true,"href":"https:\/\/old.vfmg.ch\/fr\/wp-json\/wp\/v2\/pages\/3482"}],"wp:attachment":[{"href":"https:\/\/old.vfmg.ch\/fr\/wp-json\/wp\/v2\/media?parent=2131"}],"curies":[{"name":"wp","href":"https:\/\/api.w.org\/{rel}","templated":true}]}}