{"id":2132,"date":"2012-10-23T14:42:04","date_gmt":"2012-10-23T14:42:04","guid":{"rendered":"\/\/vfmg.ch\/?p=2132"},"modified":"2012-10-25T11:47:00","modified_gmt":"2012-10-25T11:47:00","slug":"arriereplanfrance","status":"publish","type":"page","link":"https:\/\/old.vfmg.ch\/fr\/mission\/arriereplanfrance\/","title":{"rendered":"Arri\u00e8re-plan France"},"content":{"rendered":"<p>Avec pr\u00e8s de 60 millions d'habitants, la France est de tradition catholique. Jusqu'au milieu des ann\u00e9es 60, l'\u00e9glise catholique \u00e9tait une institution et 91,7% des nouveaux-n\u00e9s \u00e9taient baptis\u00e9s. Un sondage en mars 2003 montre que 62% des fran\u00e7ais sont catholiques suivent les Musulmans (6%), les Protestants (2%), les Juifs (1%). 26% se disent sans attachement religieux (www.diplomatie.gouv.fr).<\/p>\n<p>Depuis 1905, la France est un \u00e9tat la\u00efc, c'est \u00e0 dire s\u00e9paration de l'\u00e9glise et de l'\u00e9tat. L'\u00e9tat garanti la libert\u00e9 de conscience et libert\u00e9 d'exercer sa religion dans le cadre de l'ordre public.<\/p>\n<p>En 2006, on comptait moins de 2 \u00e9glises \u00e9vang\u00e9liques pour 100'000 habitants. Le but fix\u00e9 est d'implanter 1 \u00e9glise par 10'000 habitants ce qui signifie plus de 6'000 nouvelles \u00e9glises pour ce pays.<\/p>\n<p>La mission en France reste un d\u00e9fi!<\/p>\n","protected":false},"excerpt":{"rendered":"<p>Avec pr\u00e8s de 60 millions d&#8217;habitants, la France est de tradition catholique. Jusqu&#8217;au milieu des ann\u00e9es 60, l&#8217;\u00e9glise catholique \u00e9tait une institution et 91,7% des nouveaux-n\u00e9s \u00e9taient baptis\u00e9s. Un sondage en mars 2003 montre que 62% des fran\u00e7ais sont catholiques suivent les Musulmans (6%), les Protestants (2%), les Juifs (1%). 26% se disent sans attachement religieux (www.diplomatie.gouv.fr).<\/p>\n<p>Depuis 1905, la France est un \u00e9tat la\u00c3\u00afc, c&#8217;est \u00e0 dire s\u00e9paration de l&#8217;\u00e9glise et de l&#8217;\u00e9tat. L&#8217;\u00e9tat garanti la libert\u00e9 de conscience et libert\u00e9 d&#8217;exercer sa religion dans le cadre de l&#8217;ordre public.<\/p>\n<p>En 2006, on comptait moins de 2 \u00e9glises \u00e9vang\u00e9liques pour 100&#8217;000 habitants. Le but fix\u00e9 est d&#8217;implanter 1 \u00e9glise par 10&#8217;000 habitants ce qui signifie plus de 6&#8217;000 nouvelles \u00e9glises pour ce pays. <\/p>\n<p>La mission en France reste un d\u00e9fi!<\/p>\n","protected":false},"author":12,"featured_media":0,"parent":2144,"menu_order":0,"comment_status":"closed","ping_status":"open","template":"","meta":{"footnotes":""},"class_list":["post-2132","page","type-page","status-publish","hentry","category-1-id","post-seq-1","post-parity-odd","meta-position-corners","fix"],"publishpress_future_action":{"enabled":false,"date":"2026-05-17 22:12:04","action":"change-status","newStatus":"draft","terms":[],"taxonomy":"translation_priority","extraData":[]},"publishpress_future_workflow_manual_trigger":{"enabledWorkflows":[]},"_links":{"self":[{"href":"https:\/\/old.vfmg.ch\/fr\/wp-json\/wp\/v2\/pages\/2132","targetHints":{"allow":["GET"]}}],"collection":[{"href":"https:\/\/old.vfmg.ch\/fr\/wp-json\/wp\/v2\/pages"}],"about":[{"href":"https:\/\/old.vfmg.ch\/fr\/wp-json\/wp\/v2\/types\/page"}],"author":[{"embeddable":true,"href":"https:\/\/old.vfmg.ch\/fr\/wp-json\/wp\/v2\/users\/12"}],"replies":[{"embeddable":true,"href":"https:\/\/old.vfmg.ch\/fr\/wp-json\/wp\/v2\/comments?post=2132"}],"version-history":[{"count":0,"href":"https:\/\/old.vfmg.ch\/fr\/wp-json\/wp\/v2\/pages\/2132\/revisions"}],"up":[{"embeddable":true,"href":"https:\/\/old.vfmg.ch\/fr\/wp-json\/wp\/v2\/pages\/2144"}],"wp:attachment":[{"href":"https:\/\/old.vfmg.ch\/fr\/wp-json\/wp\/v2\/media?parent=2132"}],"curies":[{"name":"wp","href":"https:\/\/api.w.org\/{rel}","templated":true}]}}