{"id":2134,"date":"2012-10-25T14:44:14","date_gmt":"2012-10-25T14:44:14","guid":{"rendered":"\/\/vfmg.ch\/?p=2134"},"modified":"2012-10-31T10:19:08","modified_gmt":"2012-10-31T10:19:08","slug":"cherchons-missionnaires","status":"publish","type":"page","link":"https:\/\/old.vfmg.ch\/fr\/mission\/cherchons-missionnaires\/","title":{"rendered":"Cherchons : Missionnaires"},"content":{"rendered":"<p>La mission est compos\u00e9e de personnes qui se laissent appeler par Dieu dans ce service. Nous avons la possibilit\u00e9 de vous aider \u00e0 r\u00e9aliser votre vocation.<\/p>\n<h2>Engagements \u00e0 courts termes<\/h2>\n<ul>\n<li>Vous \u00eates int\u00e9ress\u00e9s par un stage dans l'un de nos pays de mission mais vous n'avez pas de formation th\u00e9ologique ? Un engagement \u00e0 court terme est alors une bonne option pour vous. Un stage peut \u00e9galement vous \u00eatre utile en cours de formation th\u00e9ologique pour clarifier la question de votre vocation.<\/li>\n<\/ul>\n<ul>\n<li>Un engagement \u00e0 court terme peut durer de quelques semaines \u00e0 une ann\u00e9e. Il vous donne la possibilit\u00e9 de t\u00e9moigner de J\u00e9sus-Christ dans un milieu majoritairement catholique et peut-\u00eatre aussi dans une langue \u00e9trang\u00e8re. De plus, vous apprenez \u00e0 conna\u00eetre les joies et les peines de l'engagement missionnaire et de l'implantation d'\u00e9glises dans nos pays limitrophes.<\/li>\n<li>En r\u00e8gle g\u00e9n\u00e9rale, vous \u00eates nourris\/log\u00e9s. Le voyage, les assurances et votre argent de poche sont \u00e0 vos frais.<\/li>\n<li>Int\u00e9ress\u00e9s ? Alors contactez-nous (sekretariat@vfmg.ch). Nous transmettrons votre demande aux responsables en question.<\/li>\n<\/ul>\n<h2>Engagements \u00e0 longs termes<\/h2>\n<ul>\n<li>Vous \u00eates en fin de formation th\u00e9ologique dans l'un des instituts reconnu par notre Union ou l'avez d\u00e9j\u00e0 termin\u00e9e et vous sentez appel\u00e9s \u00e0 un service \u00e0 plein temps sur un champ de mission. Peut-\u00eatre avez-vous suivi une formation th\u00e9ologique, mais \u00eates retourn\u00e9s dans votre vie professionnelle originale et cherchez une possibilit\u00e9 d'engagement professionnel dans l'un des pays de notre mission, avec une participation \u00e0 temps partiel dans un projet missionnaire.<\/li>\n<li>Si vous \u00eates int\u00e9ress\u00e9s par un engagement missionnaire en Autriche ou en Italie, vous ma\u00eetrisez d\u00e9j\u00e0 la langue ou id\u00e9alement vous avez fait votre formation th\u00e9ologique dans la langue requise.<\/li>\n<li>Vous passerez la premi\u00e8re ann\u00e9e de service en Suisse afin que nous puissions apprendre \u00e0 nous conna\u00eetre. Cette ann\u00e9e vous permettra \u00e9galement d'organiser le financement de votre service, par des dons que vous r\u00e9colterez aupr\u00e8s de vos amis et des \u00e9glises. Nous vous apportons notre soutien dans cette d\u00e9marche.<\/li>\n<li>Int\u00e9ress\u00e9s ? Alors demandez les documents de candidature aupr\u00e8s de notre secr\u00e9tariat (<a href=\"mailto:sekretariat@vfmg.ch\">sekretariat@vfmg.ch<\/a>) ou prenez contact avec notre directeur de mission (<a href=\"mailto:missionsleiter@vfmg.ch\">missionsleiter@vfmg.ch<\/a>)<\/li>\n<\/ul>\n","protected":false},"excerpt":{"rendered":"<p>La mission est compos\u00e9e de personnes qui se laissent appeler par Dieu dans ce service. Nous avons la possibilit\u00e9 de vous aider \u00e0 r\u00e9aliser votre vocation. Engagements \u00e0 courts termes Vous \u00eates int\u00e9ress\u00e9s par un stage dans l&#8217;un de nos pays de mission mais vous n&#8217;avez pas de formation th\u00e9ologique ? Un engagement \u00e0 court <a href='https:\/\/old.vfmg.ch\/fr\/mission\/cherchons-missionnaires\/' class='excerpt-more'>[&#8230;]<\/a><\/p>\n","protected":false},"author":12,"featured_media":0,"parent":2144,"menu_order":0,"comment_status":"closed","ping_status":"open","template":"","meta":{"footnotes":""},"class_list":["post-2134","page","type-page","status-publish","hentry","category-1-id","post-seq-1","post-parity-odd","meta-position-corners","fix"],"publishpress_future_action":{"enabled":false,"date":"2026-05-17 22:11:55","action":"change-status","newStatus":"draft","terms":[],"taxonomy":"translation_priority","extraData":[]},"publishpress_future_workflow_manual_trigger":{"enabledWorkflows":[]},"_links":{"self":[{"href":"https:\/\/old.vfmg.ch\/fr\/wp-json\/wp\/v2\/pages\/2134","targetHints":{"allow":["GET"]}}],"collection":[{"href":"https:\/\/old.vfmg.ch\/fr\/wp-json\/wp\/v2\/pages"}],"about":[{"href":"https:\/\/old.vfmg.ch\/fr\/wp-json\/wp\/v2\/types\/page"}],"author":[{"embeddable":true,"href":"https:\/\/old.vfmg.ch\/fr\/wp-json\/wp\/v2\/users\/12"}],"replies":[{"embeddable":true,"href":"https:\/\/old.vfmg.ch\/fr\/wp-json\/wp\/v2\/comments?post=2134"}],"version-history":[{"count":0,"href":"https:\/\/old.vfmg.ch\/fr\/wp-json\/wp\/v2\/pages\/2134\/revisions"}],"up":[{"embeddable":true,"href":"https:\/\/old.vfmg.ch\/fr\/wp-json\/wp\/v2\/pages\/2144"}],"wp:attachment":[{"href":"https:\/\/old.vfmg.ch\/fr\/wp-json\/wp\/v2\/media?parent=2134"}],"curies":[{"name":"wp","href":"https:\/\/api.w.org\/{rel}","templated":true}]}}