{"id":2140,"date":"2012-10-23T14:55:53","date_gmt":"2012-10-23T14:55:53","guid":{"rendered":"\/\/vfmg.ch\/?p=2140"},"modified":"2012-11-15T15:34:35","modified_gmt":"2012-11-15T15:34:35","slug":"modele-uam","status":"publish","type":"page","link":"https:\/\/old.vfmg.ch\/fr\/portrait-3\/modele-uam\/","title":{"rendered":"Mod\u00e8le UAM"},"content":{"rendered":"<p>L'UAM (Union des Assembl\u00e9es Missionnaires en Suisse) est une union d'\u00e9glises \u00e9vang\u00e9liques en Suisse al\u00e9manique et romande, cr\u00e9\u00e9 en 1967. Comme le nom l'indique, la mission, respectivement l'\u00e9vang\u00e9lisation en Suisse et dans nos pays limitrophes est une de nos priorit\u00e9s.<\/p>\n<p>Par le service de ses collaborateurs et collaboratrices et des \u00e9glises locales, l'UAM propage la Bonne Nouvelle de J\u00e9sus-Christ en Suisse et dans les pays limitrophes. Des personnes sont appel\u00e9es \u00e0 suivre le Christ et de nouvelles \u00e9glises se cr\u00e9ent.<\/p>\n<p>L'UAM soutient et encourage les \u00e9glises existantes en Suisse et dans les pays limitrophes par un service de conseil et la formation des responsables, par la motivation au service dans le secteur de l'implantation d'\u00e9glises et \u00e0 l'\u00e9vang\u00e9lisation. Un service de m\u00e9diation et de coaching \u00e9vite des conflits infructueux.<\/p>\n<p>Notre but est des \u00e9glises locales multi g\u00e9n\u00e9rationnelles, dans lesquelles la relation avec Dieu et entre les membres est encourag\u00e9e, o\u00c3\u00b9 les joies et les peines sont partag\u00e9es ou r\u00e8gne un climat d'amour, d'ouverture, d'estime et de pardon et dans lesquelles, jeunes et moins jeunes mettent leurs dons au service du Royaume de Dieu.<\/p>\n<p>L'UAM et ses \u00e9glises affili\u00e9es se fondent sur la v\u00e9rit\u00e9 biblique, croient en l'infaillibilit\u00e9 de la Parole de Dieu tout en sachant que ce message est disput\u00e9. Nous d\u00e9fendons des valeurs communes, fond\u00e9es sur des v\u00e9rit\u00e9s bibliques, que nous vivons et enseignons non seulement dans nos familles et \u00e9glises, mais que nous soutenons et d\u00e9fendons \u00e9galement dans la soci\u00e9t\u00e9.<\/p>\n<h2>Mise en \u0153uvre du mod\u00e8le<\/h2>\n<h3>Implantation d'\u00e9glises et \u00e9vang\u00e9lisation en Suisse<\/h3>\n<ul>\n<li>La mission int\u00e9rieure comprend l'\u00e9vang\u00e9lisation par l'UAM et ses \u00e9glises locales dans leur entourage et l'engagement \u00e9vang\u00e9lique dans des secteurs de la soci\u00e9t\u00e9 que nous n'avons pas encore atteints, ainsi que l'implantation de nouvelles \u00e9glises. Elle se situe au m\u00eame rang que la mission ext\u00e9rieure.<\/li>\n<li>Nous attachons une grande importance au d\u00e9veloppement d'\u00e9glises multi g\u00e9n\u00e9rationnelles et voulons pr\u00eater attention \u00e0 bien int\u00e9grer les enfants et les jeunes. Dans ce but, nous offrons un appui sp\u00e9cifique dans le domaine du travail parmi les enfants et les jeunes. Le bon fonctionnement et la sant\u00e9 des couples et familles nous tiennent \u00e9galement tr\u00e8s \u00e0 c\u0153ur.<\/li>\n<li>Autant que possible, nous offrons un service administratif aux \u00e9glises pour effectuer des travaux qui se font plus facilement dans une centrale. Nous nous occupons aussi de la coordination dans les t\u00e2ches communes entres les \u00e9glises et d'autres Unions d'\u00e9glises.<\/li>\n<li>Au moyen de programmes de formation et l'accompagnement, nous soutenons les collaborateurs et autres personnes porteuses de responsabilit\u00e9s au sein de l'UAM. Nous soutenons \u00e9galement les \u00e9changes d'exp\u00e9riences au sein de l'UAM et dans les r\u00e9seaux r\u00e9gionaux.<\/li>\n<li>Nous encourageons la diaconie comme part de notre mission dans les \u00e9glises et dans la soci\u00e9t\u00e9 ainsi que la relation entre la diaconie et l'\u00e9vang\u00e9lisation.<\/li>\n<\/ul>\n<h3>Mission dans les pays limitrophes<\/h3>\n<ul>\n<li>Notre mission \u00e0 l'\u00e9tranger se concentre sur les trois pays voisins \u00e0 majorit\u00e9 catholique: la France, l'Italie et l'Autriche.<\/li>\n<li>En tant que pionniers, nous soutenons l'implantation et le d\u00e9veloppement d'\u00e9glises, formons et pr\u00e9parons des autochtones \u00e0 la rel\u00e8ve, encourageons la mise en place de r\u00e9seaux r\u00e9gionaux et nationaux.<\/li>\n<\/ul>\n<h3>Doctrine<\/h3>\n<ul>\n<li>Nous \u00e9laborons et publions des documents de base et des prises de position. Certains sont compris comme directives et d'autres comme recommandation ou base de discussion sur des th\u00e8mes th\u00e9ologiques controvers\u00e9s ou d'actualit\u00e9 dans la soci\u00e9t\u00e9 ambiante ou comme base dans la discussion des valeurs. Nous favorisons ainsi le d\u00e9veloppement d'une direction commune dans l'interpr\u00e9tation de la Bible, des valeurs communes comme base pour notre vie et notre engagement dans la soci\u00e9t\u00e9.<\/li>\n<li>Nous encourageons et favorisons la pr\u00e9dication claire sur les bases bibliques tenant compte de mani\u00e8re \u00e9quilibr\u00e9e de tous les th\u00e8mes vitaux.<\/li>\n<li>Nous nous investissons dans les secteurs de l'\u00e9ducation, de la formation, de la culture. Nous nous exprimons aussi sur des th\u00e8mes de l'\u00e9conomie et de la politique quand des questions d'\u00e9thiques sont de mise.<\/li>\n<\/ul>\n","protected":false},"excerpt":{"rendered":"<p>L&#8217;UAM (Union des Assembl\u00e9es Missionnaires en Suisse) est une union d&#8217;\u00e9glises \u00e9vang\u00e9liques en Suisse al\u00e9manique et romande, cr\u00e9\u00e9 en 1967. Comme le nom l&#8217;indique, la mission, respectivement l&#8217;\u00e9vang\u00e9lisation en Suisse et dans nos pays limitrophes est une de nos priorit\u00e9s. Par le service de ses collaborateurs et collaboratrices et des \u00e9glises locales, l&#8217;UAM propage la <a href='https:\/\/old.vfmg.ch\/fr\/portrait-3\/modele-uam\/' class='excerpt-more'>[&#8230;]<\/a><\/p>\n","protected":false},"author":12,"featured_media":0,"parent":3482,"menu_order":0,"comment_status":"closed","ping_status":"open","template":"","meta":{"footnotes":""},"class_list":["post-2140","page","type-page","status-publish","hentry","category-1-id","post-seq-1","post-parity-odd","meta-position-corners","fix"],"publishpress_future_action":{"enabled":false,"date":"2026-05-17 21:03:56","action":"change-status","newStatus":"draft","terms":[],"taxonomy":"translation_priority","extraData":[]},"publishpress_future_workflow_manual_trigger":{"enabledWorkflows":[]},"_links":{"self":[{"href":"https:\/\/old.vfmg.ch\/fr\/wp-json\/wp\/v2\/pages\/2140","targetHints":{"allow":["GET"]}}],"collection":[{"href":"https:\/\/old.vfmg.ch\/fr\/wp-json\/wp\/v2\/pages"}],"about":[{"href":"https:\/\/old.vfmg.ch\/fr\/wp-json\/wp\/v2\/types\/page"}],"author":[{"embeddable":true,"href":"https:\/\/old.vfmg.ch\/fr\/wp-json\/wp\/v2\/users\/12"}],"replies":[{"embeddable":true,"href":"https:\/\/old.vfmg.ch\/fr\/wp-json\/wp\/v2\/comments?post=2140"}],"version-history":[{"count":0,"href":"https:\/\/old.vfmg.ch\/fr\/wp-json\/wp\/v2\/pages\/2140\/revisions"}],"up":[{"embeddable":true,"href":"https:\/\/old.vfmg.ch\/fr\/wp-json\/wp\/v2\/pages\/3482"}],"wp:attachment":[{"href":"https:\/\/old.vfmg.ch\/fr\/wp-json\/wp\/v2\/media?parent=2140"}],"curies":[{"name":"wp","href":"https:\/\/api.w.org\/{rel}","templated":true}]}}