{"id":2141,"date":"2012-11-01T10:00:21","date_gmt":"2012-11-01T10:00:21","guid":{"rendered":"\/\/vfmg.ch\/?p=2141"},"modified":"2013-03-04T11:22:17","modified_gmt":"2013-03-04T11:22:17","slug":"portrait-uam","status":"publish","type":"page","link":"https:\/\/old.vfmg.ch\/fr\/groupedetravail\/portrait-uam\/","title":{"rendered":"Diaconie"},"content":{"rendered":"<p>La diaconie se comprend comme une disposition spirituelle suivie d'actes concrets se traduisant dans\u00a0 la mise \u00e0 disposition de ses propres possibilit\u00e9s (force, temps, aptitudes, argent etc) aux personnes dans le besoin. Ce sont des actes spontan\u00e9s dans la vie quotidienne des membres de l'\u00e9glise comme des activit\u00e9s organis\u00e9es par un groupe de travail pour des besoins\u00a0 sp\u00e9cifiques.<\/p>\n<p>L'avenir du d\u00e9veloppement \u00e9conomique dans notre pays est incertain et bien des personnes n'arrivent plus \u00e0 relever les d\u00e9fis de notre soci\u00e9t\u00e9 industrialis\u00e9e. En plus des pauvres \"classiques\" (\u00e0 l'assistance sociale, etc) il y a le groupe des \"Working Poor\". Il est \u00e0 craindre que\u00a0 le financement de notre r\u00e9seau social ne pourra \u00eatre maintenu au niveau actuel.\u00a0 Tenant compte du vieillissement de la population, nos assurances sociales seront plac\u00e9es devant d'importants d\u00e9fis. La diaconie pratiqu\u00e9e gagnera en importance et les \u00e9glises locales seront sollicit\u00e9es.<\/p>\n<p>&nbsp;<\/p>\n","protected":false},"excerpt":{"rendered":"<p>La diaconie se comprend comme une disposition spirituelle suivie d&#8217;actes concrets se traduisant dans\u00a0 la mise \u00e0 disposition de ses propres possibilit\u00e9s (force, temps, aptitudes, argent etc) aux personnes dans le besoin. Ce sont des actes spontan\u00e9s dans la vie quotidienne des membres de l&#8217;\u00e9glise comme des activit\u00e9s organis\u00e9es par un groupe de travail pour <a href='https:\/\/old.vfmg.ch\/fr\/groupedetravail\/portrait-uam\/' class='excerpt-more'>[&#8230;]<\/a><\/p>\n","protected":false},"author":12,"featured_media":0,"parent":2216,"menu_order":0,"comment_status":"closed","ping_status":"closed","template":"","meta":{"footnotes":""},"class_list":["post-2141","page","type-page","status-publish","hentry","category-1-id","post-seq-1","post-parity-odd","meta-position-corners","fix"],"publishpress_future_action":{"enabled":false,"date":"2026-05-17 22:12:54","action":"change-status","newStatus":"draft","terms":[],"taxonomy":"translation_priority","extraData":[]},"publishpress_future_workflow_manual_trigger":{"enabledWorkflows":[]},"_links":{"self":[{"href":"https:\/\/old.vfmg.ch\/fr\/wp-json\/wp\/v2\/pages\/2141","targetHints":{"allow":["GET"]}}],"collection":[{"href":"https:\/\/old.vfmg.ch\/fr\/wp-json\/wp\/v2\/pages"}],"about":[{"href":"https:\/\/old.vfmg.ch\/fr\/wp-json\/wp\/v2\/types\/page"}],"author":[{"embeddable":true,"href":"https:\/\/old.vfmg.ch\/fr\/wp-json\/wp\/v2\/users\/12"}],"replies":[{"embeddable":true,"href":"https:\/\/old.vfmg.ch\/fr\/wp-json\/wp\/v2\/comments?post=2141"}],"version-history":[{"count":0,"href":"https:\/\/old.vfmg.ch\/fr\/wp-json\/wp\/v2\/pages\/2141\/revisions"}],"up":[{"embeddable":true,"href":"https:\/\/old.vfmg.ch\/fr\/wp-json\/wp\/v2\/pages\/2216"}],"wp:attachment":[{"href":"https:\/\/old.vfmg.ch\/fr\/wp-json\/wp\/v2\/media?parent=2141"}],"curies":[{"name":"wp","href":"https:\/\/api.w.org\/{rel}","templated":true}]}}