{"id":2144,"date":"2012-10-24T11:38:07","date_gmt":"2012-10-24T11:38:07","guid":{"rendered":"\/\/vfmg.ch\/?p=2144"},"modified":"2012-10-24T11:40:22","modified_gmt":"2012-10-24T11:40:22","slug":"mission","status":"publish","type":"page","link":"https:\/\/old.vfmg.ch\/fr\/mission\/","title":{"rendered":"Mission"},"content":{"rendered":"<h2>La mission est notre t\u00e2che centrale.<\/h2>\n<p><strong><em>La moisson est grande, mais il y a peu d'ouvriers. Priez donc le ma\u00eetre de la moisson d'envoyer des ouvriers dans sa moisson.<\/em><\/strong><strong><em><\/em><\/strong> <em>Mat. 9.37-38<\/em><\/p>\n<p>Cette parole de J\u00e9sus est encore valable aujourd'hui.<\/p>\n<p>En tant qu'UAM nous ne pouvons atteindre le monde entier, mais nous voulons r\u00e9pondre fid\u00e8lement et de tout c\u0153ur \u00e0 l'appel de J\u00e9sus, l\u00e0 ou Il nous place.<\/p>\n","protected":false},"excerpt":{"rendered":"<p>La mission est notre t\u00e2che centrale. La moisson est grande, mais il y a peu d&#8217;ouvriers. Priez donc le ma\u00eetre de la moisson d&#8217;envoyer des ouvriers dans sa moisson. Mat. 9.37-38 Cette parole de J\u00e9sus est encore valable aujourd&#8217;hui. En tant qu&#8217;UAM nous ne pouvons atteindre le monde entier, mais nous voulons r\u00e9pondre fid\u00e8lement et <a href='https:\/\/old.vfmg.ch\/fr\/mission\/' class='excerpt-more'>[&#8230;]<\/a><\/p>\n","protected":false},"author":12,"featured_media":0,"parent":0,"menu_order":0,"comment_status":"closed","ping_status":"open","template":"","meta":{"footnotes":""},"class_list":["post-2144","page","type-page","status-publish","hentry","category-1-id","post-seq-1","post-parity-odd","meta-position-corners","fix"],"publishpress_future_action":{"enabled":false,"date":"2026-05-17 22:11:54","action":"change-status","newStatus":"draft","terms":[],"taxonomy":"translation_priority","extraData":[]},"publishpress_future_workflow_manual_trigger":{"enabledWorkflows":[]},"_links":{"self":[{"href":"https:\/\/old.vfmg.ch\/fr\/wp-json\/wp\/v2\/pages\/2144","targetHints":{"allow":["GET"]}}],"collection":[{"href":"https:\/\/old.vfmg.ch\/fr\/wp-json\/wp\/v2\/pages"}],"about":[{"href":"https:\/\/old.vfmg.ch\/fr\/wp-json\/wp\/v2\/types\/page"}],"author":[{"embeddable":true,"href":"https:\/\/old.vfmg.ch\/fr\/wp-json\/wp\/v2\/users\/12"}],"replies":[{"embeddable":true,"href":"https:\/\/old.vfmg.ch\/fr\/wp-json\/wp\/v2\/comments?post=2144"}],"version-history":[{"count":0,"href":"https:\/\/old.vfmg.ch\/fr\/wp-json\/wp\/v2\/pages\/2144\/revisions"}],"wp:attachment":[{"href":"https:\/\/old.vfmg.ch\/fr\/wp-json\/wp\/v2\/media?parent=2144"}],"curies":[{"name":"wp","href":"https:\/\/api.w.org\/{rel}","templated":true}]}}