{"id":2149,"date":"2008-07-28T00:00:00","date_gmt":"2008-07-28T00:00:00","guid":{"rendered":"\/\/vfmg.ch\/?p=2149"},"modified":"2021-09-14T09:48:39","modified_gmt":"2021-09-14T08:48:39","slug":"italie","status":"publish","type":"page","link":"https:\/\/old.vfmg.ch\/fr\/mission\/italie\/","title":{"rendered":"Nos missonaires et projects en Italie"},"content":{"rendered":"<h2 id=\"locher\">Kurt und Patricia Locher<\/h2>\n<table border=\"0\">\n<tbody>\n<tr valign=\"top\">\n<td><a href=\"https:\/\/old.vfmg.ch\/wp-content\/uploads\/2016\/03\/Locher.jpg\"><img loading=\"lazy\" decoding=\"async\" class=\"alignnone wp-image-7278 \" src=\"https:\/\/old.vfmg.ch\/wp-content\/uploads\/2016\/03\/Locher-300x200.jpg\" alt=\"\" width=\"199\" height=\"132\" srcset=\"https:\/\/old.vfmg.ch\/wp-content\/uploads\/2016\/03\/Locher-300x200.jpg 300w, https:\/\/old.vfmg.ch\/wp-content\/uploads\/2016\/03\/Locher-150x100.jpg 150w, https:\/\/old.vfmg.ch\/wp-content\/uploads\/2016\/03\/Locher-768x512.jpg 768w, https:\/\/old.vfmg.ch\/wp-content\/uploads\/2016\/03\/Locher-100x67.jpg 100w, https:\/\/old.vfmg.ch\/wp-content\/uploads\/2016\/03\/Locher-360x240.jpg 360w, https:\/\/old.vfmg.ch\/wp-content\/uploads\/2016\/03\/Locher.jpg 1179w\" sizes=\"auto, (max-width: 199px) 100vw, 199px\" \/><\/a><\/td>\n<td><\/td>\n<td><\/td>\n<\/tr>\n<tr>\n<td>Lieu: Castelbuono<\/td>\n<td><\/td>\n<td><\/td>\n<\/tr>\n<\/tbody>\n<\/table>\n<dl>\n<dt>T\u00e2ches<\/dt>\n<dd>Implantation d'\u00e9glises<br \/>\nTravail parmi les enfants et les jeunes<\/dd>\n<\/dl>\n<h2 id=\"mistreanu\">Mirjam und Valentino Mistreanu<\/h2>\n<table border=\"0\">\n<tbody>\n<tr valign=\"top\">\n<td><a href=\"\/\/vfmg.ch\/wp-content\/uploads\/2008\/07\/i_mistreanu-m.jpg\"><img loading=\"lazy\" decoding=\"async\" class=\"alignnone size-full wp-image-1370\" src=\"\/\/vfmg.ch\/wp-content\/uploads\/2008\/07\/i_mistreanu-m.jpg\" alt=\"i_mistreanu-m\" width=\"200\" height=\"135\" srcset=\"https:\/\/old.vfmg.ch\/wp-content\/uploads\/2008\/07\/i_mistreanu-m.jpg 200w, https:\/\/old.vfmg.ch\/wp-content\/uploads\/2008\/07\/i_mistreanu-m-150x101.jpg 150w, https:\/\/old.vfmg.ch\/wp-content\/uploads\/2008\/07\/i_mistreanu-m-100x68.jpg 100w\" sizes=\"auto, (max-width: 200px) 100vw, 200px\" \/><\/a><\/td>\n<td><\/td>\n<td><\/td>\n<\/tr>\n<tr>\n<td>Lieu: Volturara<\/td>\n<td><\/td>\n<td><\/td>\n<\/tr>\n<\/tbody>\n<\/table>\n<dl>\n<dt>T\u00e2ches<\/dt>\n<dd>Travail parmi les enfants et les jeunes<br \/>\nFormation<\/dd>\n<\/dl>\n<h2 id=\"projekte\">Projets<\/h2>\n<p><a href=\"https:\/\/old.vfmg.ch\/wp-content\/uploads\/2021\/09\/Missionsprojekt_Ciolino-f_2021-09-1.pdf\">Giovanni und Daniela Ciolino, <\/a>Cefal\u00f9\/I<\/p>\n","protected":false},"excerpt":{"rendered":"<p>Kurt und Patricia Locher Lieu: Castelbuono T\u00e2ches Implantation d&#8217;\u00e9glises Travail parmi les enfants et les jeunes Mirjam und Valentino Mistreanu Lieu: Volturara T\u00e2ches Travail parmi les enfants et les jeunes Formation Projets Giovanni und Daniela Ciolino, Cefal\u00f9\/I<\/p>\n","protected":false},"author":12,"featured_media":0,"parent":2144,"menu_order":0,"comment_status":"closed","ping_status":"open","template":"","meta":{"footnotes":""},"class_list":["post-2149","page","type-page","status-publish","hentry","category-1-id","post-seq-1","post-parity-odd","meta-position-corners","fix"],"publishpress_future_action":{"enabled":false,"date":"2026-05-17 22:11:28","action":"change-status","newStatus":"draft","terms":[],"taxonomy":"translation_priority","extraData":[]},"publishpress_future_workflow_manual_trigger":{"enabledWorkflows":[]},"_links":{"self":[{"href":"https:\/\/old.vfmg.ch\/fr\/wp-json\/wp\/v2\/pages\/2149","targetHints":{"allow":["GET"]}}],"collection":[{"href":"https:\/\/old.vfmg.ch\/fr\/wp-json\/wp\/v2\/pages"}],"about":[{"href":"https:\/\/old.vfmg.ch\/fr\/wp-json\/wp\/v2\/types\/page"}],"author":[{"embeddable":true,"href":"https:\/\/old.vfmg.ch\/fr\/wp-json\/wp\/v2\/users\/12"}],"replies":[{"embeddable":true,"href":"https:\/\/old.vfmg.ch\/fr\/wp-json\/wp\/v2\/comments?post=2149"}],"version-history":[{"count":3,"href":"https:\/\/old.vfmg.ch\/fr\/wp-json\/wp\/v2\/pages\/2149\/revisions"}],"predecessor-version":[{"id":11590,"href":"https:\/\/old.vfmg.ch\/fr\/wp-json\/wp\/v2\/pages\/2149\/revisions\/11590"}],"up":[{"embeddable":true,"href":"https:\/\/old.vfmg.ch\/fr\/wp-json\/wp\/v2\/pages\/2144"}],"wp:attachment":[{"href":"https:\/\/old.vfmg.ch\/fr\/wp-json\/wp\/v2\/media?parent=2149"}],"curies":[{"name":"wp","href":"https:\/\/api.w.org\/{rel}","templated":true}]}}