{"id":2181,"date":"2012-07-26T08:15:36","date_gmt":"2012-07-26T08:15:36","guid":{"rendered":"\/\/vfmg.ch\/?p=2181"},"modified":"2022-04-08T11:12:27","modified_gmt":"2022-04-08T10:12:27","slug":"enfants-jeunes","status":"publish","type":"page","link":"https:\/\/old.vfmg.ch\/fr\/groupedetravail\/enfants-jeunes\/","title":{"rendered":"Enfants et jeunes"},"content":{"rendered":"<p>Dans le cadre de ses \u00e9glises locales mais aussi au niveau romand est organis\u00e9 une palette d'activit\u00e9s destin\u00e9es aux enfants, aux adolescents et jeunes avec l'objectif principal de partager les messages bibliques et d'enseigner les enfants dans les valeurs chr\u00e9tiennes.<\/p>\n<p>Chaque ann\u00e9e diff\u00e9rents camps et activit\u00e9s sont organis\u00e9s par notre f\u00e9d\u00e9ration :<\/p>\n<p><em><strong>Actuellement aucune activit\u00e9 organis\u00e9e.<\/strong><\/em><\/p>\n<p>Pour de plus amples renseignements, nous vous invitons \u00e0 prendre contact avec l'\u00e9glise locale la plus proche de chez vous ou avec notre bureau de Rubigen.<\/p>\n<p><!-- [if gte mso 10]> <mce:style><! \/* Style Definitions *\/ table.MsoNormalTable {mso-style-name:\"Normale Tabelle\"; mso-tstyle-rowband-size:0; mso-tstyle-colband-size:0; mso-style-noshow:yes; mso-style-priority:99; mso-style-qformat:yes; mso-style-parent:\"\"; mso-padding-alt:0cm 5.4pt 0cm 5.4pt; mso-para-margin:0cm; mso-para-margin-bottom:.0001pt; mso-pagination:widow-orphan; font-size:11.0pt; font-family:\"Calibri\",\"sans-serif\"; mso-ascii-font-family:Calibri; mso-ascii-theme-font:minor-latin; mso-fareast-font-family:\"Times New Roman\"; mso-fareast-theme-font:minor-fareast; mso-hansi-font-family:Calibri; mso-hansi-theme-font:minor-latin; mso-bidi-font-family:\"Times New Roman\"; mso-bidi-theme-font:minor-bidi;} > <! [endif] >\n\nDans le cadre de ses \u00e9glises locales mais aussi au niveau romand est organis\u00e9 une palette d'activit\u00e9s destin\u00e9es aux enfants, aux adolescents et jeunes avec l'objectif principal de partager les messages bibliques et d'enseigner les enfants dans les valeurs chr\u00e9tiennes.\n\nChaque ann\u00e9e diff\u00e9rents camps et activit\u00e9s sont organis\u00e9s par notre f\u00e9d\u00e9ration&nbsp;:\n\n\n<table align=\"left\" border=\"0\" cellpadding=\"0\" cellspacing=\"0\">\n\n\n<tbody>\n\n\n<tr>\n\n\n<td valign=\"top\" width=\"222\"><strong><em>Activit\u00e9<\/em><\/strong><\/td>\n\n\n\n\n<td valign=\"top\" width=\"130\"><strong><em>Age<\/em><\/strong><\/td>\n\n\n\n\n<td valign=\"top\" width=\"272\"><strong><em>Date<\/em><\/strong><\/td>\n\n\n<\/tr>\n\n\n\n\n<tr>\n\n\n<td valign=\"top\" width=\"222\">CAMP DE SKI<\/td>\n\n\n\n\n<td valign=\"top\" width=\"130\">d\u00e8s 16 ans<\/td>\n\n\n\n\n<td valign=\"top\" width=\"272\">26 D\u00e9cembre - au 2 janvier<\/td>\n\n\n<\/tr>\n\n\n\n\n<tr>\n\n\n<td valign=\"top\" width=\"222\">CAMP CATECHUMENES<\/td>\n\n\n\n\n<td valign=\"top\" width=\"130\">15 - 17 ans<\/td>\n\n\n\n\n<td valign=\"top\" width=\"272\">1 semaine en \u00e9t\u00e9<\/td>\n\n\n<\/tr>\n\n\n\n\n<tr>\n\n\n<td valign=\"top\" width=\"222\">WEEK-END ADOS<\/td>\n\n\n\n\n<td valign=\"top\" width=\"130\">12-16 ans<\/td>\n\n\n\n\n<td valign=\"top\" width=\"272\">Durant le WE de l'ascension<\/td>\n\n\n<\/tr>\n\n\n\n\n<tr>\n\n\n<td valign=\"top\" width=\"222\">CAMP D'ENFANTS<\/td>\n\n\n\n\n<td valign=\"top\" width=\"130\">8 - 12 ans<\/td>\n\n\n\n\n<td valign=\"top\" width=\"272\">6 jours en \u00e9t\u00e9<\/td>\n\n\n<\/tr>\n\n\n\n\n<tr>\n\n\n<td valign=\"top\" width=\"222\">WEEK-END JEUNES<\/td>\n\n\n\n\n<td valign=\"top\" width=\"130\">d\u00e8s 16 ans<\/td>\n\n\n\n\n<td valign=\"top\" width=\"272\">Fin Septembre<\/td>\n\n\n<\/tr>\n\n\n<\/tbody>\n\n\n<\/table>\n\n\nPour de plus amples renseignements, nous vous invitons \u00e0 prendre contact avec l'\u00e9glise locale la plus proche de chez vous ou avec notre bureau de Rubigen.<--><\/p>\n","protected":false},"excerpt":{"rendered":"<p>Dans le cadre de ses \u00e9glises locales mais aussi au niveau romand est organis\u00e9 une palette d&#8217;activit\u00e9s destin\u00e9es aux enfants, aux adolescents et jeunes avec l&#8217;objectif principal de partager les messages bibliques et d&#8217;enseigner les enfants dans les valeurs chr\u00e9tiennes. Chaque ann\u00e9e diff\u00e9rents camps et activit\u00e9s sont organis\u00e9s par notre f\u00e9d\u00e9ration : Actuellement aucune activit\u00e9 <a href='https:\/\/old.vfmg.ch\/fr\/groupedetravail\/enfants-jeunes\/' class='excerpt-more'>[&#8230;]<\/a><\/p>\n","protected":false},"author":12,"featured_media":0,"parent":2216,"menu_order":0,"comment_status":"closed","ping_status":"open","template":"","meta":{"footnotes":""},"class_list":["post-2181","page","type-page","status-publish","hentry","category-1-id","post-seq-1","post-parity-odd","meta-position-corners","fix"],"publishpress_future_action":{"enabled":false,"date":"2026-05-17 22:11:28","action":"change-status","newStatus":"draft","terms":[],"taxonomy":"translation_priority","extraData":[]},"publishpress_future_workflow_manual_trigger":{"enabledWorkflows":[]},"_links":{"self":[{"href":"https:\/\/old.vfmg.ch\/fr\/wp-json\/wp\/v2\/pages\/2181","targetHints":{"allow":["GET"]}}],"collection":[{"href":"https:\/\/old.vfmg.ch\/fr\/wp-json\/wp\/v2\/pages"}],"about":[{"href":"https:\/\/old.vfmg.ch\/fr\/wp-json\/wp\/v2\/types\/page"}],"author":[{"embeddable":true,"href":"https:\/\/old.vfmg.ch\/fr\/wp-json\/wp\/v2\/users\/12"}],"replies":[{"embeddable":true,"href":"https:\/\/old.vfmg.ch\/fr\/wp-json\/wp\/v2\/comments?post=2181"}],"version-history":[{"count":1,"href":"https:\/\/old.vfmg.ch\/fr\/wp-json\/wp\/v2\/pages\/2181\/revisions"}],"predecessor-version":[{"id":11934,"href":"https:\/\/old.vfmg.ch\/fr\/wp-json\/wp\/v2\/pages\/2181\/revisions\/11934"}],"up":[{"embeddable":true,"href":"https:\/\/old.vfmg.ch\/fr\/wp-json\/wp\/v2\/pages\/2216"}],"wp:attachment":[{"href":"https:\/\/old.vfmg.ch\/fr\/wp-json\/wp\/v2\/media?parent=2181"}],"curies":[{"name":"wp","href":"https:\/\/api.w.org\/{rel}","templated":true}]}}