{"id":2182,"date":"2012-11-01T15:03:27","date_gmt":"2012-11-01T15:03:27","guid":{"rendered":"\/\/vfmg.ch\/?p=2182"},"modified":"2022-09-23T09:21:29","modified_gmt":"2022-09-23T08:21:29","slug":"liens","status":"publish","type":"page","link":"https:\/\/old.vfmg.ch\/fr\/liens\/","title":{"rendered":"Liens"},"content":{"rendered":"<table class=\"einfache_liste\">\n<tbody>\n<tr>\n<td class=\"einfache_liste\">\n<h3>Enfants - Jeunes<\/h3>\n<\/td>\n<td><\/td>\n<\/tr>\n<tr>\n<td>Ligue pour la lecture de la Bible<\/td>\n<td><a href=\"http:\/\/www.ligue.ch\">http:\/\/www.ligue.ch<\/a><\/td>\n<\/tr>\n<tr>\n<td>\n<h3>Evangelisation<\/h3>\n<\/td>\n<td><\/td>\n<\/tr>\n<tr>\n<td>Comment rencontrer Dieu<\/td>\n<td><a href=\"http:\/\/www.msd-online.ch\/fr\/\">http:\/\/www.msd-online.ch<\/a><\/td>\n<\/tr>\n<tr>\n<td>42 jours pour mes amis<\/td>\n<td><a href=\"http:\/\/42jours.ch\/\">http:\/\/42jours.ch<\/a><\/td>\n<\/tr>\n<tr>\n<td>\n<h3>Mission<\/h3>\n<\/td>\n<td><\/td>\n<\/tr>\n<tr>\n<td>Il Faro, Nicosia<\/td>\n<td><a href=\"http:\/\/www.ilfaronicosia.org\">http:\/\/www.ilfaronicosia.org<\/a><\/td>\n<\/tr>\n<tr>\n<td>\n<h3>Missions partenaires<\/h3>\n<\/td>\n<td><\/td>\n<\/tr>\n<tr>\n<td>France<\/td>\n<td><a href=\"http:\/\/www.france-mission.org\" target=\"_blank\" rel=\"noopener noreferrer\">http:\/\/www.france-mission.org<\/a><\/td>\n<\/tr>\n<tr>\n<td>Autriche<\/td>\n<td><a href=\"http:\/\/www.beg.or.at\" target=\"_blank\" rel=\"noopener noreferrer\">http:\/\/www.beg.or.at<\/a><\/td>\n<\/tr>\n<tr>\n<td>Italie<\/td>\n<td><a href=\"https:\/\/www.ucbc-italia.org\/\" target=\"_blank\" rel=\"noopener noreferrer\">https:\/\/www.ucbc-italia.org\/\/<\/a><\/td>\n<\/tr>\n<tr>\n<td>\n<h3>Maison de retraite<\/h3>\n<\/td>\n<td><\/td>\n<\/tr>\n<tr>\n<td>Wydenhof, Rubigen<\/td>\n<td><a href=\"http:\/\/www.wydenhof-rubigen.ch\">http:\/\/www.wydenhof-rubigen.ch<\/a><\/td>\n<\/tr>\n<tr>\n<td>\n<h3>Unions et oeuvres<\/h3>\n<\/td>\n<td><\/td>\n<\/tr>\n<tr>\n<td>Ligue pour la lecture de la Bible<\/td>\n<td><a href=\"http:\/\/www.ligue.ch\">http:\/\/www.ligue.ch<\/a><\/td>\n<\/tr>\n<tr>\n<td>R\u00e9seau \u00e9vang\u00e9lique<\/td>\n<td><a href=\"http:\/\/www.evangelique.ch\/\">http:\/\/www.evangelique.ch\/<\/a><\/td>\n<\/tr>\n<\/tbody>\n<\/table>\n<p>&nbsp;<\/p>\n","protected":false},"excerpt":{"rendered":"<p>Enfants &#8211; Jeunes Ligue pour la lecture de la Bible http:\/\/www.ligue.ch Evangelisation Comment rencontrer Dieu http:\/\/www.msd-online.ch 42 jours pour mes amis http:\/\/42jours.ch Mission Il Faro, Nicosia http:\/\/www.ilfaronicosia.org Missions partenaires France http:\/\/www.france-mission.org Autriche http:\/\/www.beg.or.at Italie https:\/\/www.ucbc-italia.org\/\/ Maison de retraite Wydenhof, Rubigen http:\/\/www.wydenhof-rubigen.ch Unions et oeuvres Ligue pour la lecture de la Bible http:\/\/www.ligue.ch R\u00e9seau \u00e9vang\u00e9lique http:\/\/www.evangelique.ch\/ <a href='https:\/\/old.vfmg.ch\/fr\/liens\/' class='excerpt-more'>[&#8230;]<\/a><\/p>\n","protected":false},"author":12,"featured_media":0,"parent":0,"menu_order":0,"comment_status":"closed","ping_status":"open","template":"","meta":{"footnotes":""},"class_list":["post-2182","page","type-page","status-publish","hentry","category-1-id","post-seq-1","post-parity-odd","meta-position-corners","fix"],"publishpress_future_action":{"enabled":false,"date":"2026-05-17 22:11:25","action":"change-status","newStatus":"draft","terms":[],"taxonomy":"translation_priority","extraData":[]},"publishpress_future_workflow_manual_trigger":{"enabledWorkflows":[]},"_links":{"self":[{"href":"https:\/\/old.vfmg.ch\/fr\/wp-json\/wp\/v2\/pages\/2182","targetHints":{"allow":["GET"]}}],"collection":[{"href":"https:\/\/old.vfmg.ch\/fr\/wp-json\/wp\/v2\/pages"}],"about":[{"href":"https:\/\/old.vfmg.ch\/fr\/wp-json\/wp\/v2\/types\/page"}],"author":[{"embeddable":true,"href":"https:\/\/old.vfmg.ch\/fr\/wp-json\/wp\/v2\/users\/12"}],"replies":[{"embeddable":true,"href":"https:\/\/old.vfmg.ch\/fr\/wp-json\/wp\/v2\/comments?post=2182"}],"version-history":[{"count":4,"href":"https:\/\/old.vfmg.ch\/fr\/wp-json\/wp\/v2\/pages\/2182\/revisions"}],"predecessor-version":[{"id":12291,"href":"https:\/\/old.vfmg.ch\/fr\/wp-json\/wp\/v2\/pages\/2182\/revisions\/12291"}],"wp:attachment":[{"href":"https:\/\/old.vfmg.ch\/fr\/wp-json\/wp\/v2\/media?parent=2182"}],"curies":[{"name":"wp","href":"https:\/\/api.w.org\/{rel}","templated":true}]}}