{"id":2187,"date":"2013-03-26T10:11:45","date_gmt":"2013-03-26T10:11:45","guid":{"rendered":"\/\/vfmg.ch\/?p=2187"},"modified":"2023-01-04T11:21:48","modified_gmt":"2023-01-04T10:21:48","slug":"service-2","status":"publish","type":"page","link":"https:\/\/old.vfmg.ch\/fr\/service-2\/","title":{"rendered":"Service"},"content":{"rendered":"<p>Nous nous effor\u00e7ons de vous offrir un service comp\u00e9tent.<\/p>\n<p>Adressez vos questions aux personnes suivantes:<\/p>\n<p><a href=\"mailto:wilf.gasser@vfmg.ch\">Wilf Gasser<\/a>, Tel. 079 336 54 31<br \/>\nPr\u00e9sident, UAM<\/p>\n<p><a href=\"mailto:donat.waber@vfmg.ch?subject=Rubrik%20Service\">Donat Waber<\/a>, Tel. 031 722 15 47 (du lundi au vendredi)<br \/>\nSecr\u00e9taire g\u00e9n\u00e9ral, comptabilit\u00e9, administration du personnel<\/p>\n<p><a href=\"mailto:sekretariat@vfmg.ch\">Christine Straessler<\/a>, Tel. 031 722 15 45 (lundi, mardi et mercredi le matins)<br \/>\nSecr\u00e9tariat<\/p>\n<p><a href=\"mailto:buchhaltung@vfmg.ch\">Rebekka Marti<\/a>, Tel. 031 722 15 46 (mardi et jeudi)<br \/>\nComptabilit\u00e9 et secr\u00e9tariat<\/p>\n<p><a href=\"mailto:grafik@vfmg.ch?subject=Rubrik%20Service\">Regula Braun<\/a>, Tel. 031 722 15 48 (lundi et mercredi)<br \/>\nGrafik et Layout<\/p>\n<p>&nbsp;<\/p>\n<p>Union des Assembl\u00e9es Missionnaires<br \/>\nWorbstrasse 36<br \/>\nCH-3113 Rubigen<\/p>\n<p>Telefax-Nr. 031 722 15 49<br \/>\nSipcall-Nr. 032 510 36 45 (Appel gratuit pour acc\u00e8s Freecall-Network)<\/p>\n<p>Compte poste: 45-5152-8<br \/>\nIBAN: CH81 0900 0000 4500 5152 8<br \/>\nBIC POFICHBEXXX<\/p>\n","protected":false},"excerpt":{"rendered":"<p>Nous nous effor\u00e7ons de vous offrir un service comp\u00e9tent. Adressez vos questions aux personnes suivantes: Wilf Gasser, Tel. 079 336 54 31 Pr\u00e9sident, UAM Donat Waber, Tel. 031 722 15 47 (du lundi au vendredi) Secr\u00e9taire g\u00e9n\u00e9ral, comptabilit\u00e9, administration du personnel Christine Straessler, Tel. 031 722 15 45 (lundi, mardi et mercredi le matins) Secr\u00e9tariat <a href='https:\/\/old.vfmg.ch\/fr\/service-2\/' class='excerpt-more'>[&#8230;]<\/a><\/p>\n","protected":false},"author":12,"featured_media":0,"parent":0,"menu_order":0,"comment_status":"closed","ping_status":"open","template":"","meta":{"footnotes":""},"class_list":["post-2187","page","type-page","status-publish","hentry","category-505-id","category-1-id","post-seq-1","post-parity-odd","meta-position-corners","fix"],"publishpress_future_action":{"enabled":false,"date":"2026-05-17 22:12:06","action":"change-status","newStatus":"draft","terms":[],"taxonomy":"translation_priority","extraData":[]},"publishpress_future_workflow_manual_trigger":{"enabledWorkflows":[]},"_links":{"self":[{"href":"https:\/\/old.vfmg.ch\/fr\/wp-json\/wp\/v2\/pages\/2187","targetHints":{"allow":["GET"]}}],"collection":[{"href":"https:\/\/old.vfmg.ch\/fr\/wp-json\/wp\/v2\/pages"}],"about":[{"href":"https:\/\/old.vfmg.ch\/fr\/wp-json\/wp\/v2\/types\/page"}],"author":[{"embeddable":true,"href":"https:\/\/old.vfmg.ch\/fr\/wp-json\/wp\/v2\/users\/12"}],"replies":[{"embeddable":true,"href":"https:\/\/old.vfmg.ch\/fr\/wp-json\/wp\/v2\/comments?post=2187"}],"version-history":[{"count":2,"href":"https:\/\/old.vfmg.ch\/fr\/wp-json\/wp\/v2\/pages\/2187\/revisions"}],"predecessor-version":[{"id":12572,"href":"https:\/\/old.vfmg.ch\/fr\/wp-json\/wp\/v2\/pages\/2187\/revisions\/12572"}],"wp:attachment":[{"href":"https:\/\/old.vfmg.ch\/fr\/wp-json\/wp\/v2\/media?parent=2187"}],"curies":[{"name":"wp","href":"https:\/\/api.w.org\/{rel}","templated":true}]}}