{"id":2196,"date":"2012-10-25T14:37:43","date_gmt":"2012-10-25T14:37:43","guid":{"rendered":"\/\/vfmg.ch\/?p=2196"},"modified":"2013-02-25T13:37:35","modified_gmt":"2013-02-25T13:37:35","slug":"missionmarseille","status":"publish","type":"page","link":"https:\/\/old.vfmg.ch\/fr\/mission\/missionmarseille\/","title":{"rendered":"Mission Marseille"},"content":{"rendered":"<table style=\"width: 830px; height: 320px;\" border=\"0\">\n<tbody>\n<tr>\n<td>\u00a0<img loading=\"lazy\" decoding=\"async\" class=\"alignnone size-medium wp-image-1337\" alt=\"f__karte_frankreich\" src=\"http:\/\/vfmg.ch\/wp-content\/uploads\/2008\/07\/f__karte_frankreich-300x293.gif\" width=\"300\" height=\"292\" srcset=\"https:\/\/old.vfmg.ch\/wp-content\/uploads\/2008\/07\/f__karte_frankreich-300x293.gif 300w, https:\/\/old.vfmg.ch\/wp-content\/uploads\/2008\/07\/f__karte_frankreich-150x146.gif 150w, https:\/\/old.vfmg.ch\/wp-content\/uploads\/2008\/07\/f__karte_frankreich-100x98.gif 100w, https:\/\/old.vfmg.ch\/wp-content\/uploads\/2008\/07\/f__karte_frankreich-246x240.gif 246w, https:\/\/old.vfmg.ch\/wp-content\/uploads\/2008\/07\/f__karte_frankreich-24x24.gif 24w, https:\/\/old.vfmg.ch\/wp-content\/uploads\/2008\/07\/f__karte_frankreich-36x36.gif 36w, https:\/\/old.vfmg.ch\/wp-content\/uploads\/2008\/07\/f__karte_frankreich-48x48.gif 48w\" sizes=\"auto, (max-width: 300px) 100vw, 300px\" \/><\/td>\n<td>\u00a0<strong>Marseille, c'est ...<br \/> <\/strong><\/td>\n<\/tr>\n<\/tbody>\n<\/table>\n<table style=\"width: 657px; height: 65px;\" border=\"0\">\n<tbody>\n<tr valign=\"top\">\n<td><img loading=\"lazy\" decoding=\"async\" class=\"alignnone size-medium wp-image-3536\" alt=\"Schloss von Marseille\" src=\"http:\/\/vfmg.ch\/wp-content\/uploads\/2012\/11\/f_marseille_Chateau_d_f-300x225.jpg\" width=\"300\" height=\"225\" srcset=\"https:\/\/old.vfmg.ch\/wp-content\/uploads\/2012\/11\/f_marseille_Chateau_d_f-300x225.jpg 300w, https:\/\/old.vfmg.ch\/wp-content\/uploads\/2012\/11\/f_marseille_Chateau_d_f-150x113.jpg 150w, https:\/\/old.vfmg.ch\/wp-content\/uploads\/2012\/11\/f_marseille_Chateau_d_f-768x576.jpg 768w, https:\/\/old.vfmg.ch\/wp-content\/uploads\/2012\/11\/f_marseille_Chateau_d_f-100x75.jpg 100w, https:\/\/old.vfmg.ch\/wp-content\/uploads\/2012\/11\/f_marseille_Chateau_d_f-320x240.jpg 320w, https:\/\/old.vfmg.ch\/wp-content\/uploads\/2012\/11\/f_marseille_Chateau_d_f.jpg 800w\" sizes=\"auto, (max-width: 300px) 100vw, 300px\" \/><\/td>\n<td><img loading=\"lazy\" decoding=\"async\" class=\"alignnone  wp-image-1500\" alt=\"f_quartier-Marseill\" src=\"http:\/\/vfmg.ch\/wp-content\/uploads\/2010\/04\/f_quartier-Marseill.jpg\" width=\"300\" height=\"200\" srcset=\"https:\/\/old.vfmg.ch\/wp-content\/uploads\/2010\/04\/f_quartier-Marseill.jpg 150w, https:\/\/old.vfmg.ch\/wp-content\/uploads\/2010\/04\/f_quartier-Marseill-100x67.jpg 100w\" sizes=\"auto, (max-width: 300px) 100vw, 300px\" \/><\/td>\n<td><img loading=\"lazy\" decoding=\"async\" class=\"alignnone size-medium wp-image-1501\" alt=\"f_savons_de_Marseille\" src=\"http:\/\/vfmg.ch\/wp-content\/uploads\/2010\/04\/f_savons_de_Marseille-300x225.jpg\" width=\"300\" height=\"225\" srcset=\"https:\/\/old.vfmg.ch\/wp-content\/uploads\/2010\/04\/f_savons_de_Marseille-300x225.jpg 300w, https:\/\/old.vfmg.ch\/wp-content\/uploads\/2010\/04\/f_savons_de_Marseille-150x113.jpg 150w, https:\/\/old.vfmg.ch\/wp-content\/uploads\/2010\/04\/f_savons_de_Marseille-768x576.jpg 768w, https:\/\/old.vfmg.ch\/wp-content\/uploads\/2010\/04\/f_savons_de_Marseille-100x75.jpg 100w, https:\/\/old.vfmg.ch\/wp-content\/uploads\/2010\/04\/f_savons_de_Marseille-320x240.jpg 320w, https:\/\/old.vfmg.ch\/wp-content\/uploads\/2010\/04\/f_savons_de_Marseille.jpg 800w\" sizes=\"auto, (max-width: 300px) 100vw, 300px\" \/><\/td>\n<\/tr>\n<tr valign=\"top\">\n<td>la vue du Ch\u00e2teau d'lf<\/td>\n<td>l'ambiance de quartiers<\/td>\n<td>le savon<\/td>\n<\/tr>\n<\/tbody>\n<\/table>\n<table style=\"width: 832px; height: 219px;\" border=\"0\">\n<tbody>\n<tr>\n<td>\u00a0<\/td>\n<\/tr>\n<tr>\n<td>... <strong>et c'est aussi<br \/> <\/strong><\/td>\n<\/tr>\n<tr>\n<td>\n<ul>\n<li>43 \u00e9glises protestantes pour 900'000 habitants<\/li>\n<\/ul>\n<\/td>\n<\/tr>\n<tr>\n<td>\n<ul>\n<li>4 groupes qui travaillent \u00e0 l'\u00e9vang\u00e9lisation des enfants et jeunes<\/li>\n<\/ul>\n<\/td>\n<\/tr>\n<tr>\n<td>\n<ul>\n<li>dles scouts qui touchent env. 80 enfants<\/li>\n<\/ul>\n<\/td>\n<\/tr>\n<tr>\n<td>\n<ul>\n<li>\"quartier libre\" qui travaille dans un quartier maghr\u00e9bin et qui atteint jusqu'\u00e0<\/li>\n<\/ul>\n<\/td>\n<\/tr>\n<tr>\n<td>200 enfants du quartier, avec des activit\u00e9s en plein air le mercredi apr\u00e8s-midi<\/td>\n<\/tr>\n<tr>\n<td>\n<ul>\n<li>la \"r\u00e9conciliation\" qui travaille \u00e9galement dans un quartier<\/li>\n<\/ul>\n<\/td>\n<\/tr>\n<\/tbody>\n<\/table>\n<table style=\"width: 841px; height: 56px;\" border=\"0\">\n<tbody>\n<tr>\n<td>\u00a0<\/td>\n<td>\u00a0<\/td>\n<\/tr>\n<tr valign=\"top\">\n<td style=\"width: 300px;\">\n<ul>\n<li>\"Chante Colline\", centre d'accueil sur les hauteurs de Marseille et projet p\u00e9dagogique qui touche les enfants de diff\u00e9rents lieux de la ville. Son but: promouvoir la spiritualit\u00e9, la paix et l'amiti\u00e9 entre les personnes et notamment les enfants, les adolescents et jeunes avec eux-m\u00eames, entre eux et envers les adultes suivant le message de la Bible.<\/li>\n<\/ul>\n<\/td>\n<td><img loading=\"lazy\" decoding=\"async\" class=\"alignnone size-medium wp-image-3547\" alt=\"f_chanteco vue mer\" src=\"http:\/\/vfmg.ch\/wp-content\/uploads\/2012\/11\/f_chanteco-vue-mer-300x200.jpg\" width=\"300\" height=\"200\" srcset=\"https:\/\/old.vfmg.ch\/wp-content\/uploads\/2012\/11\/f_chanteco-vue-mer-300x200.jpg 300w, https:\/\/old.vfmg.ch\/wp-content\/uploads\/2012\/11\/f_chanteco-vue-mer-1400x933.jpg 1400w, https:\/\/old.vfmg.ch\/wp-content\/uploads\/2012\/11\/f_chanteco-vue-mer-150x100.jpg 150w, https:\/\/old.vfmg.ch\/wp-content\/uploads\/2012\/11\/f_chanteco-vue-mer-768x512.jpg 768w, https:\/\/old.vfmg.ch\/wp-content\/uploads\/2012\/11\/f_chanteco-vue-mer-1536x1024.jpg 1536w, https:\/\/old.vfmg.ch\/wp-content\/uploads\/2012\/11\/f_chanteco-vue-mer-100x67.jpg 100w, https:\/\/old.vfmg.ch\/wp-content\/uploads\/2012\/11\/f_chanteco-vue-mer-360x240.jpg 360w, https:\/\/old.vfmg.ch\/wp-content\/uploads\/2012\/11\/f_chanteco-vue-mer.jpg 1620w\" sizes=\"auto, (max-width: 300px) 100vw, 300px\" \/><\/td>\n<\/tr>\n<\/tbody>\n<\/table>\n<p><br class=\"_mce_marker\" \/><br class=\"_mce_marker\" \/><\/p>\n","protected":false},"excerpt":{"rendered":"<p>\u00a0 \u00a0Marseille, c&#8217;est &#8230; la vue du Ch\u00e2teau d&#8217;lf l&#8217;ambiance de quartiers le savon \u00a0 &#8230; et c&#8217;est aussi 43 \u00e9glises protestantes pour 900&#8217;000 habitants 4 groupes qui travaillent \u00e0 l&#8217;\u00e9vang\u00e9lisation des enfants et jeunes dles scouts qui touchent env. 80 enfants &#8220;quartier libre&#8221; qui travaille dans un quartier maghr\u00e9bin et qui atteint jusqu&#8217;\u00e0 200 <a href='https:\/\/old.vfmg.ch\/fr\/mission\/missionmarseille\/' class='excerpt-more'>[&#8230;]<\/a><\/p>\n","protected":false},"author":12,"featured_media":0,"parent":2144,"menu_order":0,"comment_status":"closed","ping_status":"open","template":"","meta":{"footnotes":""},"class_list":["post-2196","page","type-page","status-publish","hentry","category-1-id","post-seq-1","post-parity-odd","meta-position-corners","fix"],"publishpress_future_action":{"enabled":false,"date":"2026-05-17 22:11:27","action":"change-status","newStatus":"draft","terms":[],"taxonomy":"translation_priority","extraData":[]},"publishpress_future_workflow_manual_trigger":{"enabledWorkflows":[]},"_links":{"self":[{"href":"https:\/\/old.vfmg.ch\/fr\/wp-json\/wp\/v2\/pages\/2196","targetHints":{"allow":["GET"]}}],"collection":[{"href":"https:\/\/old.vfmg.ch\/fr\/wp-json\/wp\/v2\/pages"}],"about":[{"href":"https:\/\/old.vfmg.ch\/fr\/wp-json\/wp\/v2\/types\/page"}],"author":[{"embeddable":true,"href":"https:\/\/old.vfmg.ch\/fr\/wp-json\/wp\/v2\/users\/12"}],"replies":[{"embeddable":true,"href":"https:\/\/old.vfmg.ch\/fr\/wp-json\/wp\/v2\/comments?post=2196"}],"version-history":[{"count":0,"href":"https:\/\/old.vfmg.ch\/fr\/wp-json\/wp\/v2\/pages\/2196\/revisions"}],"up":[{"embeddable":true,"href":"https:\/\/old.vfmg.ch\/fr\/wp-json\/wp\/v2\/pages\/2144"}],"wp:attachment":[{"href":"https:\/\/old.vfmg.ch\/fr\/wp-json\/wp\/v2\/media?parent=2196"}],"curies":[{"name":"wp","href":"https:\/\/api.w.org\/{rel}","templated":true}]}}