{"id":2199,"date":"2012-11-01T14:58:22","date_gmt":"2012-11-01T14:58:22","guid":{"rendered":"\/\/vfmg.ch\/?p=2199"},"modified":"2022-03-22T16:52:18","modified_gmt":"2022-03-22T15:52:18","slug":"statutsprofiletprisesdeposition","status":"publish","type":"page","link":"https:\/\/old.vfmg.ch\/fr\/statutsprofiletprisesdeposition\/","title":{"rendered":"Statuts, Profil, Prises de position"},"content":{"rendered":"<p>Les statuts d\u00e9finissent les buts et objectifs ainsi que les bases l\u00e9gales de l'UAM.<\/p>\n<p>Les prises de position et le profil donnent un visage \u00e0 l'Union et \u00e0 ses \u00e9glises affili\u00e9es. Ces documents de base aident \u00e0 la compr\u00e9hension du mode de fonctionnement.<br \/>\nTous ces documents peuvent \u00eatre t\u00e9l\u00e9charg\u00e9s en format PDF.<\/p>\n<table style=\"height: 336px; width: 28.1117%;\" border=\"0\">\n<tbody>\n<tr style=\"height: 24px;\">\n<td style=\"height: 24px;\"><strong>Statuts et Profil<\/strong><\/td>\n<\/tr>\n<tr style=\"height: 24px;\">\n<td style=\"height: 24px;\"><a href=\"\/\/vfmg.ch\/wp-content\/uploads\/2013\/02\/3.01-Statuts.pdf\" target=\"_blank\" rel=\"noopener\">Statuts UAM<\/a><\/td>\n<\/tr>\n<tr style=\"height: 24px;\">\n<td style=\"height: 24px;\"><a href=\"https:\/\/old.vfmg.ch\/wp-content\/uploads\/2022\/02\/5.1-Confession-de-foi.pdf\">Confession de foi<\/a><\/td>\n<\/tr>\n<tr style=\"height: 24px;\">\n<td style=\"height: 24px;\"><a href=\"\/\/www.vfmg.ch\/wp-content\/uploads\/2010\/07\/Profil_UAM_2008.pdf\" target=\"_blank\" rel=\"noopener\">Profil<\/a><\/td>\n<\/tr>\n<tr style=\"height: 24px;\">\n<td style=\"height: 24px;\"><\/td>\n<\/tr>\n<tr style=\"height: 24px;\">\n<td style=\"height: 24px;\"><strong>Prises de position<br \/>\n<\/strong><\/td>\n<\/tr>\n<tr style=\"height: 24px;\">\n<td style=\"height: 24px;\"><a href=\"\/\/vfmg.ch\/wp-content\/uploads\/2013\/02\/5.3-Lignes-directrice-dons-spirituels.pdf\" target=\"_blank\" rel=\"noopener\">Dons Spirituels<\/a><\/td>\n<\/tr>\n<tr style=\"height: 24px;\">\n<td style=\"height: 24px;\"><a href=\"\/\/vfmg.ch\/wp-content\/uploads\/2013\/02\/5.4-Le-service-de-la-femme.pdf\" target=\"_blank\" rel=\"noopener\">Service de la femme dans l'\u00e9glise<\/a><\/td>\n<\/tr>\n<tr style=\"height: 24px;\">\n<td style=\"height: 24px;\"><a href=\"\/\/vfmg.ch\/wp-content\/uploads\/2013\/02\/5.5-Prise-de-position-divorce-et-remariage.pdf\" target=\"_blank\" rel=\"noopener\">Divorce et remariage<\/a><\/td>\n<\/tr>\n<tr style=\"height: 24px;\">\n<td style=\"height: 24px;\"><a href=\"\/\/www.vfmg.ch\/wp-content\/uploads\/2013\/03\/5.6-Proph\u00e9tie-aujourdhui.pdf\" target=\"_blank\" rel=\"noopener\">Proph\u00e9tie aujourd'hui<\/a><\/td>\n<\/tr>\n<tr style=\"height: 24px;\">\n<td style=\"height: 24px;\"><\/td>\n<\/tr>\n<tr style=\"height: 24px;\">\n<td style=\"height: 24px;\"><\/td>\n<\/tr>\n<tr style=\"height: 24px;\">\n<td style=\"height: 24px;\"><\/td>\n<\/tr>\n<tr style=\"height: 24px;\">\n<td style=\"height: 24px;\"><a href=\"\/\/vfmg.ch\/wp-content\/uploads\/2013\/02\/Incineration.pdf\" target=\"_blank\" rel=\"noopener\">Questions au sujet de l'incin\u00e9ration<\/a><\/td>\n<\/tr>\n<\/tbody>\n<\/table>\n<p>&nbsp;<\/p>\n","protected":false},"excerpt":{"rendered":"<p>Les statuts d\u00e9finissent les buts et objectifs ainsi que les bases l\u00e9gales de l&#8217;UAM. Les prises de position et le profil donnent un visage \u00e0 l&#8217;Union et \u00e0 ses \u00e9glises affili\u00e9es. Ces documents de base aident \u00e0 la compr\u00e9hension du mode de fonctionnement. Tous ces documents peuvent \u00eatre t\u00e9l\u00e9charg\u00e9s en format PDF. Statuts et Profil <a href='https:\/\/old.vfmg.ch\/fr\/statutsprofiletprisesdeposition\/' class='excerpt-more'>[&#8230;]<\/a><\/p>\n","protected":false},"author":12,"featured_media":0,"parent":0,"menu_order":0,"comment_status":"closed","ping_status":"open","template":"","meta":{"footnotes":""},"class_list":["post-2199","page","type-page","status-publish","hentry","category-505-id","category-1-id","post-seq-1","post-parity-odd","meta-position-corners","fix"],"publishpress_future_action":{"enabled":false,"date":"2026-05-17 22:11:27","action":"change-status","newStatus":"draft","terms":[],"taxonomy":"translation_priority","extraData":[]},"publishpress_future_workflow_manual_trigger":{"enabledWorkflows":[]},"_links":{"self":[{"href":"https:\/\/old.vfmg.ch\/fr\/wp-json\/wp\/v2\/pages\/2199","targetHints":{"allow":["GET"]}}],"collection":[{"href":"https:\/\/old.vfmg.ch\/fr\/wp-json\/wp\/v2\/pages"}],"about":[{"href":"https:\/\/old.vfmg.ch\/fr\/wp-json\/wp\/v2\/types\/page"}],"author":[{"embeddable":true,"href":"https:\/\/old.vfmg.ch\/fr\/wp-json\/wp\/v2\/users\/12"}],"replies":[{"embeddable":true,"href":"https:\/\/old.vfmg.ch\/fr\/wp-json\/wp\/v2\/comments?post=2199"}],"version-history":[{"count":2,"href":"https:\/\/old.vfmg.ch\/fr\/wp-json\/wp\/v2\/pages\/2199\/revisions"}],"predecessor-version":[{"id":11787,"href":"https:\/\/old.vfmg.ch\/fr\/wp-json\/wp\/v2\/pages\/2199\/revisions\/11787"}],"wp:attachment":[{"href":"https:\/\/old.vfmg.ch\/fr\/wp-json\/wp\/v2\/media?parent=2199"}],"curies":[{"name":"wp","href":"https:\/\/api.w.org\/{rel}","templated":true}]}}