{"id":2204,"date":"2012-10-23T12:18:18","date_gmt":"2012-10-23T12:18:18","guid":{"rendered":"\/\/vfmg.ch\/?p=2204"},"modified":"2022-04-25T09:44:06","modified_gmt":"2022-04-25T08:44:06","slug":"fmg-muensingen","status":"publish","type":"page","link":"https:\/\/old.vfmg.ch\/fr\/eglises\/fmg-muensingen\/","title":{"rendered":"3110 M\u00fcnsingen"},"content":{"rendered":"<table class=\"gemeinden\">\n<tbody>\n<tr>\n<th>Adresse:<\/th>\n<td>Begegnungszentrum<br \/>\nS\u00e4gegasse 11<br \/>\n3110 M\u00fcnsingen<\/td>\n<\/tr>\n<tr>\n<td><strong>Homepage:<\/strong><\/td>\n<td><a href=\"https:\/\/www.bez-muensingen.ch\/\" target=\"_blank\" rel=\"noopener\">http:\/\/www.fmg-muensingen.ch<\/a>, <a href=\"mailto:office@fmg-muensingen.ch\">e-Mail senden<\/a><\/td>\n<\/tr>\n<tr>\n<th>Gottesdienst:<\/th>\n<td>jeden Sonntag 10.00 Uhr<\/td>\n<\/tr>\n<tr>\n<th>Wochentags:<\/th>\n<td>Kleingruppen<\/td>\n<\/tr>\n<tr>\n<th>Kontakt:<\/th>\n<td>Stefan Weber, Pastor, M\u00fcnsingen<br \/>\nT\u00e9l 031 721 22 93, <a href=\"mailto:stefan.weber@vfmg.ch\">e-Mail senden<\/a><br \/>\nTimon Forster, Pastor, M\u00fcnsingen<br \/>\nT\u00e9l 031 721 22 93, <a href=\"mailto:timon.forster@vfmg.ch\">e-Mail senden<\/a><br \/>\nBenoit Leuenberger, Jugendarbeiter, Konolfingen<br \/>\nT\u00e9l 031 721 22 93, <a href=\"mailto:benoit.leuenberger@vfmg.ch\">e-Mail senden<\/a><\/td>\n<\/tr>\n<\/tbody>\n<\/table>\n","protected":false},"excerpt":{"rendered":"<p>Adresse: Begegnungszentrum S\u00e4gegasse 11 3110 M\u00fcnsingen Homepage: http:\/\/www.fmg-muensingen.ch, e-Mail senden Gottesdienst: jeden Sonntag 10.00 Uhr Wochentags: Kleingruppen Kontakt: Stefan Weber, Pastor, M\u00fcnsingen T\u00e9l 031 721 22 93, e-Mail senden Timon Forster, Pastor, M\u00fcnsingen T\u00e9l 031 721 22 93, e-Mail senden Benoit Leuenberger, Jugendarbeiter, Konolfingen T\u00e9l 031 721 22 93, e-Mail senden<\/p>\n","protected":false},"author":12,"featured_media":0,"parent":2779,"menu_order":0,"comment_status":"closed","ping_status":"closed","template":"","meta":{"footnotes":""},"class_list":["post-2204","page","type-page","status-publish","hentry","category-1-id","post-seq-1","post-parity-odd","meta-position-corners","fix"],"publishpress_future_action":{"enabled":false,"date":"2026-05-17 22:12:24","action":"change-status","newStatus":"draft","terms":[],"taxonomy":"translation_priority","extraData":[]},"publishpress_future_workflow_manual_trigger":{"enabledWorkflows":[]},"_links":{"self":[{"href":"https:\/\/old.vfmg.ch\/fr\/wp-json\/wp\/v2\/pages\/2204","targetHints":{"allow":["GET"]}}],"collection":[{"href":"https:\/\/old.vfmg.ch\/fr\/wp-json\/wp\/v2\/pages"}],"about":[{"href":"https:\/\/old.vfmg.ch\/fr\/wp-json\/wp\/v2\/types\/page"}],"author":[{"embeddable":true,"href":"https:\/\/old.vfmg.ch\/fr\/wp-json\/wp\/v2\/users\/12"}],"replies":[{"embeddable":true,"href":"https:\/\/old.vfmg.ch\/fr\/wp-json\/wp\/v2\/comments?post=2204"}],"version-history":[{"count":3,"href":"https:\/\/old.vfmg.ch\/fr\/wp-json\/wp\/v2\/pages\/2204\/revisions"}],"predecessor-version":[{"id":11963,"href":"https:\/\/old.vfmg.ch\/fr\/wp-json\/wp\/v2\/pages\/2204\/revisions\/11963"}],"up":[{"embeddable":true,"href":"https:\/\/old.vfmg.ch\/fr\/wp-json\/wp\/v2\/pages\/2779"}],"wp:attachment":[{"href":"https:\/\/old.vfmg.ch\/fr\/wp-json\/wp\/v2\/media?parent=2204"}],"curies":[{"name":"wp","href":"https:\/\/api.w.org\/{rel}","templated":true}]}}