{"id":2215,"date":"2012-10-23T12:44:24","date_gmt":"2012-10-23T12:44:24","guid":{"rendered":"\/\/vfmg.ch\/?p=2215"},"modified":"2022-09-06T08:37:36","modified_gmt":"2022-09-06T07:37:36","slug":"fmg-steffisburg","status":"publish","type":"page","link":"https:\/\/old.vfmg.ch\/fr\/eglises\/fmg-steffisburg\/","title":{"rendered":"3613 Steffisburg"},"content":{"rendered":"<table class=\"gemeinden\">\n<tbody>\n<tr>\n<th>Adresse:<\/th>\n<td>Kirche B-Nord<br \/>\nBernstrasse 124 (hinter \u00abGlas Troesch\u00bb)<br \/>\n3613 Steffisburg<\/td>\n<\/tr>\n<tr>\n<td><strong>Homepage:<\/strong><\/td>\n<td><a href=\"http:\/\/www.b-nord.ch\/\" target=\"_blank\" rel=\"noopener noreferrer\">http:\/\/www.b-nord.ch<\/a><\/td>\n<\/tr>\n<tr>\n<th>Gottesdienst:<\/th>\n<td>jeden Sonntag 10.00 Uhr<\/td>\n<\/tr>\n<tr>\n<th>Wochentags:<\/th>\n<td>Donnerstag Gebet\/Kleingruppen nach Programm<\/td>\n<\/tr>\n<tr>\n<th>Kontakt:<\/th>\n<td>Christian Weidmann, Pastor, Steffisburg<br \/>\nT\u00e9l 033 437 03 21, <a href=\"mailto:christian.weidmann@vfmg.ch\" target=\"_blank\" rel=\"noopener noreferrer\">e-Mail senden<\/a><br \/>\nSozialdiakonie T\u00e9l 033 437 03 31<br \/>\nJugendarbeit T\u00e9l 033 437 03 38<\/td>\n<\/tr>\n<\/tbody>\n<\/table>\n<p><code><div class=\"leaflet-map WPLeafletMap\" style=\"height:350px; width:100%;\"><\/div><script>\nwindow.WPLeafletMapPlugin = window.WPLeafletMapPlugin || [];\nwindow.WPLeafletMapPlugin.push(function WPLeafletMapShortcode() {\/*<script>*\/\nvar baseUrl = atob('aHR0cHM6Ly97c30udGlsZS5vcGVuc3RyZWV0bWFwLm9yZy97en0ve3h9L3t5fS5wbmc=');\nvar base = (!baseUrl && window.MQ) ?\n    window.MQ.mapLayer() : L.tileLayer(baseUrl,\n        L.Util.extend({}, {\n            detectRetina: 0,\n        },\n        {\"subdomains\":\"abc\",\"noWrap\":false,\"maxZoom\":20}        )\n    );\n    var options = L.Util.extend({}, {\n        layers: [base],\n        attributionControl: false\n    },\n    {\"zoomControl\":true,\"scrollWheelZoom\":true,\"doubleClickZoom\":true,\"fitBounds\":false,\"minZoom\":0,\"maxZoom\":20,\"maxBounds\":null,\"attribution\":\"<a href=\\\"http:\\\/\\\/leafletjs.com\\\" title=\\\"Eine Javascript-Bibliothek f\\u00fcr interaktive Karten\\\">Leaflet<\\\/a>; \\u00a9 <a href=\\\"http:\\\/\\\/www.openstreetmap.org\\\/copyright\\\">OpenStreetMap<\\\/a> Mitwirkende\"},\n    {});\nwindow.WPLeafletMapPlugin.createMap(options).setView([46.77118415,7.6192765076992],16);});<\/script><\/code><\/p>\n","protected":false},"excerpt":{"rendered":"<p>Adresse: Kirche B-Nord Bernstrasse 124 (hinter \u00abGlas Troesch\u00bb) 3613 Steffisburg Homepage: http:\/\/www.b-nord.ch Gottesdienst: jeden Sonntag 10.00 Uhr Wochentags: Donnerstag Gebet\/Kleingruppen nach Programm Kontakt: Christian Weidmann, Pastor, Steffisburg T\u00e9l 033 437 03 21, e-Mail senden Sozialdiakonie T\u00e9l 033 437 03 31 Jugendarbeit T\u00e9l 033 437 03 38<\/p>\n","protected":false},"author":12,"featured_media":0,"parent":2779,"menu_order":0,"comment_status":"closed","ping_status":"open","template":"","meta":{"footnotes":""},"class_list":["post-2215","page","type-page","status-publish","hentry","category-1-id","post-seq-1","post-parity-odd","meta-position-corners","fix"],"publishpress_future_action":{"enabled":false,"date":"2026-05-17 22:12:23","action":"change-status","newStatus":"draft","terms":[],"taxonomy":"translation_priority","extraData":[]},"publishpress_future_workflow_manual_trigger":{"enabledWorkflows":[]},"_links":{"self":[{"href":"https:\/\/old.vfmg.ch\/fr\/wp-json\/wp\/v2\/pages\/2215","targetHints":{"allow":["GET"]}}],"collection":[{"href":"https:\/\/old.vfmg.ch\/fr\/wp-json\/wp\/v2\/pages"}],"about":[{"href":"https:\/\/old.vfmg.ch\/fr\/wp-json\/wp\/v2\/types\/page"}],"author":[{"embeddable":true,"href":"https:\/\/old.vfmg.ch\/fr\/wp-json\/wp\/v2\/users\/12"}],"replies":[{"embeddable":true,"href":"https:\/\/old.vfmg.ch\/fr\/wp-json\/wp\/v2\/comments?post=2215"}],"version-history":[{"count":3,"href":"https:\/\/old.vfmg.ch\/fr\/wp-json\/wp\/v2\/pages\/2215\/revisions"}],"predecessor-version":[{"id":12264,"href":"https:\/\/old.vfmg.ch\/fr\/wp-json\/wp\/v2\/pages\/2215\/revisions\/12264"}],"up":[{"embeddable":true,"href":"https:\/\/old.vfmg.ch\/fr\/wp-json\/wp\/v2\/pages\/2779"}],"wp:attachment":[{"href":"https:\/\/old.vfmg.ch\/fr\/wp-json\/wp\/v2\/media?parent=2215"}],"curies":[{"name":"wp","href":"https:\/\/api.w.org\/{rel}","templated":true}]}}