{"id":2216,"date":"2012-10-25T07:12:04","date_gmt":"2012-10-25T07:12:04","guid":{"rendered":"\/\/vfmg.ch\/?p=2216"},"modified":"2012-10-25T07:20:32","modified_gmt":"2012-10-25T07:20:32","slug":"groupedetravail","status":"publish","type":"page","link":"https:\/\/old.vfmg.ch\/fr\/groupedetravail\/","title":{"rendered":"Groupes de travail"},"content":{"rendered":"<p>L'Union soutien les \u00e9glises locales et leurs responsables au moyens de s\u00e9minaires de formation au niveau local, r\u00e9gional ou national. Du personnel sp\u00e9cialis\u00e9, engag\u00e9 par l'UAM est \u00e9galement \u00e0 leur disposition. La majeure partie du travail est pourtant fournie par les \u00e9glises elles-m\u00eames. Vous trouvez plus d'informations sur les pages internet des \u00e9glises respectives.<\/p>\n","protected":false},"excerpt":{"rendered":"<p>L&#8217;Union soutien les \u00e9glises locales et leurs responsables au moyens de s\u00e9minaires de formation au niveau local, r\u00e9gional ou national. Du personnel sp\u00e9cialis\u00e9, engag\u00e9 par l&#8217;UAM est \u00e9galement \u00e0 leur disposition. La majeure partie du travail est pourtant fournie par les \u00e9glises elles-m\u00eames. Vous trouvez plus d&#8217;informations sur les pages internet des \u00e9glises respectives.<\/p>\n","protected":false},"author":12,"featured_media":0,"parent":0,"menu_order":0,"comment_status":"closed","ping_status":"closed","template":"","meta":{"footnotes":""},"class_list":["post-2216","page","type-page","status-publish","hentry","category-1-id","post-seq-1","post-parity-odd","meta-position-corners","fix"],"publishpress_future_action":{"enabled":false,"date":"2026-05-17 22:12:25","action":"change-status","newStatus":"draft","terms":[],"taxonomy":"translation_priority","extraData":[]},"publishpress_future_workflow_manual_trigger":{"enabledWorkflows":[]},"_links":{"self":[{"href":"https:\/\/old.vfmg.ch\/fr\/wp-json\/wp\/v2\/pages\/2216","targetHints":{"allow":["GET"]}}],"collection":[{"href":"https:\/\/old.vfmg.ch\/fr\/wp-json\/wp\/v2\/pages"}],"about":[{"href":"https:\/\/old.vfmg.ch\/fr\/wp-json\/wp\/v2\/types\/page"}],"author":[{"embeddable":true,"href":"https:\/\/old.vfmg.ch\/fr\/wp-json\/wp\/v2\/users\/12"}],"replies":[{"embeddable":true,"href":"https:\/\/old.vfmg.ch\/fr\/wp-json\/wp\/v2\/comments?post=2216"}],"version-history":[{"count":0,"href":"https:\/\/old.vfmg.ch\/fr\/wp-json\/wp\/v2\/pages\/2216\/revisions"}],"wp:attachment":[{"href":"https:\/\/old.vfmg.ch\/fr\/wp-json\/wp\/v2\/media?parent=2216"}],"curies":[{"name":"wp","href":"https:\/\/api.w.org\/{rel}","templated":true}]}}