{"id":2217,"date":"2012-10-23T12:46:29","date_gmt":"2012-10-23T12:46:29","guid":{"rendered":"\/\/vfmg.ch\/?p=2217"},"modified":"2023-02-28T11:22:24","modified_gmt":"2023-02-28T10:22:24","slug":"fmg-frutigen","status":"publish","type":"page","link":"https:\/\/old.vfmg.ch\/fr\/eglises\/fmg-frutigen\/","title":{"rendered":"3714 Frutigen"},"content":{"rendered":"<table class=\"gemeinden\">\n<tbody>\n<tr>\n<td><\/td>\n<td>Rybr\u00fcggstr. 5<br \/>\n3714 Frutigen<\/td>\n<\/tr>\n<tr>\n<td><strong>Homepage:<\/strong><\/td>\n<td><a href=\"http:\/\/www.fmg-frutigen.ch\/\" target=\"_blank\" rel=\"noopener\">http:\/\/www.fmg-frutigen.ch<\/a><br \/>\n<a href=\"http:\/\/www.ekklesia.ch\/\" target=\"_blank\" rel=\"noopener\">http:\/\/www.ekklesia.ch<\/a><br \/>\n<a href=\"http:\/\/www.jungschibruegg.ch\/\" target=\"_blank\" rel=\"noopener\">http:\/\/www.jungschibruegg.ch<\/a><\/td>\n<\/tr>\n<tr>\n<th>Gottesdienst:<\/th>\n<td>jeden Sonntag 10.00 Uhr<br \/>\nausser 1. Sonntag 17 Uhr E-Generation-Gottesdienst<\/td>\n<\/tr>\n<tr>\n<th>Wochentags:<\/th>\n<td>Termine gem\u00e4ss Programm<\/td>\n<\/tr>\n<tr>\n<th>Kontakt:<\/th>\n<td>Etienne Josi, Pastor, Frutigen<br \/>\nT\u00e9l 033 671 41 55, <a href=\"mailto:etienne.josi@vfmg.ch\">e-Mail senden<\/a><br \/>\nChristof Inniger, Pastor, Frutigen<br \/>\nT\u00e9l 079 282 61 24, <a href=\"mailto:christof.inniger@vfmg.ch\" target=\"_blank\" rel=\"noopener\">e-Mail senden<\/a><\/td>\n<\/tr>\n<\/tbody>\n<\/table>\n<p>&nbsp;<\/p>\n","protected":false},"excerpt":{"rendered":"<p>Rybr\u00fcggstr. 5 3714 Frutigen Homepage: http:\/\/www.fmg-frutigen.ch http:\/\/www.ekklesia.ch http:\/\/www.jungschibruegg.ch Gottesdienst: jeden Sonntag 10.00 Uhr ausser 1. Sonntag 17 Uhr E-Generation-Gottesdienst Wochentags: Termine gem\u00e4ss Programm Kontakt: Etienne Josi, Pastor, Frutigen T\u00e9l 033 671 41 55, e-Mail senden Christof Inniger, Pastor, Frutigen T\u00e9l 079 282 61 24, e-Mail senden &nbsp;<\/p>\n","protected":false},"author":12,"featured_media":0,"parent":2779,"menu_order":0,"comment_status":"closed","ping_status":"open","template":"","meta":{"footnotes":""},"class_list":["post-2217","page","type-page","status-publish","hentry","category-1-id","post-seq-1","post-parity-odd","meta-position-corners","fix"],"publishpress_future_action":{"enabled":false,"date":"2026-05-17 22:12:45","action":"change-status","newStatus":"draft","terms":[],"taxonomy":"translation_priority","extraData":[]},"publishpress_future_workflow_manual_trigger":{"enabledWorkflows":[]},"_links":{"self":[{"href":"https:\/\/old.vfmg.ch\/fr\/wp-json\/wp\/v2\/pages\/2217","targetHints":{"allow":["GET"]}}],"collection":[{"href":"https:\/\/old.vfmg.ch\/fr\/wp-json\/wp\/v2\/pages"}],"about":[{"href":"https:\/\/old.vfmg.ch\/fr\/wp-json\/wp\/v2\/types\/page"}],"author":[{"embeddable":true,"href":"https:\/\/old.vfmg.ch\/fr\/wp-json\/wp\/v2\/users\/12"}],"replies":[{"embeddable":true,"href":"https:\/\/old.vfmg.ch\/fr\/wp-json\/wp\/v2\/comments?post=2217"}],"version-history":[{"count":2,"href":"https:\/\/old.vfmg.ch\/fr\/wp-json\/wp\/v2\/pages\/2217\/revisions"}],"predecessor-version":[{"id":12655,"href":"https:\/\/old.vfmg.ch\/fr\/wp-json\/wp\/v2\/pages\/2217\/revisions\/12655"}],"up":[{"embeddable":true,"href":"https:\/\/old.vfmg.ch\/fr\/wp-json\/wp\/v2\/pages\/2779"}],"wp:attachment":[{"href":"https:\/\/old.vfmg.ch\/fr\/wp-json\/wp\/v2\/media?parent=2217"}],"curies":[{"name":"wp","href":"https:\/\/api.w.org\/{rel}","templated":true}]}}