{"id":2220,"date":"2012-10-23T12:49:20","date_gmt":"2012-10-23T12:49:20","guid":{"rendered":"\/\/vfmg.ch\/?p=2220"},"modified":"2022-01-03T11:58:46","modified_gmt":"2022-01-03T10:58:46","slug":"fmg-oberwil","status":"publish","type":"page","link":"https:\/\/old.vfmg.ch\/fr\/eglises\/fmg-oberwil\/","title":{"rendered":"3765 Oberwil i. S."},"content":{"rendered":"<table class=\"gemeinden\">\n<tbody>\n<tr>\n<th>Adresse:<\/th>\n<td>Gemeindezentrum Weissenstalden<br \/>\n3765 Oberwil i.S.<\/td>\n<\/tr>\n<tr>\n<th>Cultes:<\/th>\n<td>1. bis 5. Sonntag, 9.50 Uhr mit wenigen Ausnahmen<\/td>\n<\/tr>\n<tr>\n<th>Site internet:<\/th>\n<td><a href=\"http:\/\/www.fmg-oberwil.ch\" target=\"_blank\" rel=\"noopener noreferrer\">http:\/\/www.fmg-oberwil.ch<\/a><\/td>\n<\/tr>\n<tr>\n<th>En semaine:<\/th>\n<td>jeden Donnerstag 20.00 Uhr Bibel-\/Gebetsstunde oder Hauskreise<\/td>\n<\/tr>\n<tr>\n<th>Contact:<\/th>\n<td>Niklaus Gafner, Erlenbach i.S.<br \/>\nT\u00e9l 079 797 14 23, <a href=\"mailto:niklaus.gafner@bluewin.ch\">e-Mail senden<\/a><br \/>\nFrank K\u00f6hler, Pastor, Oberwil i.S.<br \/>\nT\u00e9l 033 783 00 40, <a href=\"mailto:frank.koehler@vfmg.ch\">e-Mail senden<\/a><\/td>\n<\/tr>\n<\/tbody>\n<\/table>\n","protected":false},"excerpt":{"rendered":"<p>Adresse: Gemeindezentrum Weissenstalden 3765 Oberwil i.S. Cultes: 1. bis 5. Sonntag, 9.50 Uhr mit wenigen Ausnahmen Site internet: http:\/\/www.fmg-oberwil.ch En semaine: jeden Donnerstag 20.00 Uhr Bibel-\/Gebetsstunde oder Hauskreise Contact: Niklaus Gafner, Erlenbach i.S. T\u00e9l 079 797 14 23, e-Mail senden Frank K\u00f6hler, Pastor, Oberwil i.S. T\u00e9l 033 783 00 40, e-Mail senden<\/p>\n","protected":false},"author":12,"featured_media":0,"parent":2779,"menu_order":0,"comment_status":"closed","ping_status":"open","template":"","meta":{"footnotes":""},"class_list":["post-2220","page","type-page","status-publish","hentry","category-1-id","post-seq-1","post-parity-odd","meta-position-corners","fix"],"publishpress_future_action":{"enabled":false,"date":"2026-05-17 22:12:24","action":"change-status","newStatus":"draft","terms":[],"taxonomy":"translation_priority","extraData":[]},"publishpress_future_workflow_manual_trigger":{"enabledWorkflows":[]},"_links":{"self":[{"href":"https:\/\/old.vfmg.ch\/fr\/wp-json\/wp\/v2\/pages\/2220","targetHints":{"allow":["GET"]}}],"collection":[{"href":"https:\/\/old.vfmg.ch\/fr\/wp-json\/wp\/v2\/pages"}],"about":[{"href":"https:\/\/old.vfmg.ch\/fr\/wp-json\/wp\/v2\/types\/page"}],"author":[{"embeddable":true,"href":"https:\/\/old.vfmg.ch\/fr\/wp-json\/wp\/v2\/users\/12"}],"replies":[{"embeddable":true,"href":"https:\/\/old.vfmg.ch\/fr\/wp-json\/wp\/v2\/comments?post=2220"}],"version-history":[{"count":3,"href":"https:\/\/old.vfmg.ch\/fr\/wp-json\/wp\/v2\/pages\/2220\/revisions"}],"predecessor-version":[{"id":11730,"href":"https:\/\/old.vfmg.ch\/fr\/wp-json\/wp\/v2\/pages\/2220\/revisions\/11730"}],"up":[{"embeddable":true,"href":"https:\/\/old.vfmg.ch\/fr\/wp-json\/wp\/v2\/pages\/2779"}],"wp:attachment":[{"href":"https:\/\/old.vfmg.ch\/fr\/wp-json\/wp\/v2\/media?parent=2220"}],"curies":[{"name":"wp","href":"https:\/\/api.w.org\/{rel}","templated":true}]}}