{"id":2235,"date":"2012-10-23T13:08:55","date_gmt":"2012-10-23T13:08:55","guid":{"rendered":"\/\/vfmg.ch\/?p=2235"},"modified":"2023-03-27T08:14:33","modified_gmt":"2023-03-27T07:14:33","slug":"fmg-hunzenschwil","status":"publish","type":"page","link":"https:\/\/old.vfmg.ch\/fr\/eglises\/fmg-hunzenschwil\/","title":{"rendered":"5502 Hunzenschwil"},"content":{"rendered":"<table class=\"gemeinden\" style=\"width: 469px; height: 296px;\">\n<tbody>\n<tr>\n<th>Adresse:<\/th>\n<td>Schafisheimerstrasse 4<br \/>\n5502 Hunzenschwil<br \/>\nT\u00e9l 062 897 15 38<\/td>\n<\/tr>\n<tr>\n<td><strong>Homepage:<\/strong><\/td>\n<td><a href=\"http:\/\/www.fmgh.ch\/\" target=\"_blank\" rel=\"noopener\">http:\/\/www.fmgh.ch<\/a><\/td>\n<\/tr>\n<tr>\n<th>Gottesdienst:<\/th>\n<td>Sonntag 9.30 Uhr<br \/>\n2-monatlich Jugend-Gottesdienst Sonntag, 18.00 Uhr<\/td>\n<\/tr>\n<tr>\n<th>Wochentags:<\/th>\n<td>Dienstag, 20.00 Uhr Gebet<\/td>\n<\/tr>\n<tr>\n<th>Kontakt:<\/th>\n<td>Gideon B\u00fcchli, Pastor, Lenzburg<br \/>\nT\u00e9l 062 897 15 38, <a href=\"mailto:gideon.buechli@vfmg.ch\">e-Mail senden<\/a><br \/>\nIda Baumann, Hunzenschwil<br \/>\nT\u00e9l 062 897 46 14, <a href=\"mailto:ida.baumann@bluewin.ch\">e-Mail senden<\/a><\/td>\n<\/tr>\n<\/tbody>\n<\/table>\n<p>&nbsp;<\/p>\n","protected":false},"excerpt":{"rendered":"<p>Adresse: Schafisheimerstrasse 4 5502 Hunzenschwil T\u00e9l 062 897 15 38 Homepage: http:\/\/www.fmgh.ch Gottesdienst: Sonntag 9.30 Uhr 2-monatlich Jugend-Gottesdienst Sonntag, 18.00 Uhr Wochentags: Dienstag, 20.00 Uhr Gebet Kontakt: Gideon B\u00fcchli, Pastor, Lenzburg T\u00e9l 062 897 15 38, e-Mail senden Ida Baumann, Hunzenschwil T\u00e9l 062 897 46 14, e-Mail senden &nbsp;<\/p>\n","protected":false},"author":12,"featured_media":0,"parent":2779,"menu_order":0,"comment_status":"closed","ping_status":"open","template":"","meta":{"footnotes":""},"class_list":["post-2235","page","type-page","status-publish","hentry","category-1-id","post-seq-1","post-parity-odd","meta-position-corners","fix"],"publishpress_future_action":{"enabled":false,"date":"2026-05-17 22:31:05","action":"change-status","newStatus":"draft","terms":[],"taxonomy":"translation_priority","extraData":[]},"publishpress_future_workflow_manual_trigger":{"enabledWorkflows":[]},"_links":{"self":[{"href":"https:\/\/old.vfmg.ch\/fr\/wp-json\/wp\/v2\/pages\/2235","targetHints":{"allow":["GET"]}}],"collection":[{"href":"https:\/\/old.vfmg.ch\/fr\/wp-json\/wp\/v2\/pages"}],"about":[{"href":"https:\/\/old.vfmg.ch\/fr\/wp-json\/wp\/v2\/types\/page"}],"author":[{"embeddable":true,"href":"https:\/\/old.vfmg.ch\/fr\/wp-json\/wp\/v2\/users\/12"}],"replies":[{"embeddable":true,"href":"https:\/\/old.vfmg.ch\/fr\/wp-json\/wp\/v2\/comments?post=2235"}],"version-history":[{"count":3,"href":"https:\/\/old.vfmg.ch\/fr\/wp-json\/wp\/v2\/pages\/2235\/revisions"}],"predecessor-version":[{"id":12681,"href":"https:\/\/old.vfmg.ch\/fr\/wp-json\/wp\/v2\/pages\/2235\/revisions\/12681"}],"up":[{"embeddable":true,"href":"https:\/\/old.vfmg.ch\/fr\/wp-json\/wp\/v2\/pages\/2779"}],"wp:attachment":[{"href":"https:\/\/old.vfmg.ch\/fr\/wp-json\/wp\/v2\/media?parent=2235"}],"curies":[{"name":"wp","href":"https:\/\/api.w.org\/{rel}","templated":true}]}}