{"id":2238,"date":"2012-10-23T13:12:52","date_gmt":"2012-10-23T13:12:52","guid":{"rendered":"\/\/vfmg.ch\/?p=2238"},"modified":"2022-10-31T10:59:34","modified_gmt":"2022-10-31T09:59:34","slug":"fmg-celerina","status":"publish","type":"page","link":"https:\/\/old.vfmg.ch\/fr\/eglises\/fmg-celerina\/","title":{"rendered":"7505 Celerina"},"content":{"rendered":"<table class=\"gemeinden\" style=\"width: 47.6122%;\">\n<tbody>\n<tr>\n<th style=\"width: 26.0223%;\">Adresse:<\/th>\n<td style=\"width: 94.3887%;\">Gewerbezentrum Innpark<br \/>\nVia Nouva 9<br \/>\n7505 Celerina<\/td>\n<\/tr>\n<tr>\n<td style=\"width: 26.0223%;\"><strong>Homepage:<\/strong><\/td>\n<td style=\"width: 94.3887%;\"><a href=\"http:\/\/www.freikirche-celerina.ch\">http:\/\/www.freikirche-celerina.ch<\/a><\/td>\n<\/tr>\n<tr>\n<th style=\"width: 26.0223%;\">Gottesdienst:<\/th>\n<td style=\"width: 94.3887%;\">jeden Sonntag 10.00 Uhr<br \/>\nausser jeden 1. Sonntag im Monat 17.00 Uhr<\/td>\n<\/tr>\n<tr>\n<th style=\"width: 26.0223%;\">Wochentags:<\/th>\n<td style=\"width: 94.3887%;\">jeden Donnerstag 6.45 Uhr Gebetstreffen<\/td>\n<\/tr>\n<tr>\n<th style=\"width: 26.0223%;\">Kontakt:<\/th>\n<td style=\"width: 94.3887%;\">Daniel M\u00fcller, Pastor, Pontresina<br \/>\nT\u00e9l 081 517 96 70, <a href=\"mailto:daniel.mueller@vfmg.ch\">e-Mail senden<\/a><br \/>\nJonathan Stern, Co-Pastor, Samedan<br \/>\nT\u00e9l 081 517 96 71, <a href=\"mailto:jonathan.stern@vfmg.ch\">e-Mail senden<\/a><\/td>\n<\/tr>\n<\/tbody>\n<\/table>\n<p>&nbsp;<\/p>\n","protected":false},"excerpt":{"rendered":"<p>Adresse: Gewerbezentrum Innpark Via Nouva 9 7505 Celerina Homepage: http:\/\/www.freikirche-celerina.ch Gottesdienst: jeden Sonntag 10.00 Uhr ausser jeden 1. Sonntag im Monat 17.00 Uhr Wochentags: jeden Donnerstag 6.45 Uhr Gebetstreffen Kontakt: Daniel M\u00fcller, Pastor, Pontresina T\u00e9l 081 517 96 70, e-Mail senden Jonathan Stern, Co-Pastor, Samedan T\u00e9l 081 517 96 71, e-Mail senden &nbsp;<\/p>\n","protected":false},"author":12,"featured_media":0,"parent":2779,"menu_order":0,"comment_status":"closed","ping_status":"open","template":"","meta":{"footnotes":""},"class_list":["post-2238","page","type-page","status-publish","hentry","category-1-id","post-seq-1","post-parity-odd","meta-position-corners","fix"],"publishpress_future_action":{"enabled":false,"date":"2026-05-17 22:12:24","action":"change-status","newStatus":"draft","terms":[],"taxonomy":"translation_priority","extraData":[]},"publishpress_future_workflow_manual_trigger":{"enabledWorkflows":[]},"_links":{"self":[{"href":"https:\/\/old.vfmg.ch\/fr\/wp-json\/wp\/v2\/pages\/2238","targetHints":{"allow":["GET"]}}],"collection":[{"href":"https:\/\/old.vfmg.ch\/fr\/wp-json\/wp\/v2\/pages"}],"about":[{"href":"https:\/\/old.vfmg.ch\/fr\/wp-json\/wp\/v2\/types\/page"}],"author":[{"embeddable":true,"href":"https:\/\/old.vfmg.ch\/fr\/wp-json\/wp\/v2\/users\/12"}],"replies":[{"embeddable":true,"href":"https:\/\/old.vfmg.ch\/fr\/wp-json\/wp\/v2\/comments?post=2238"}],"version-history":[{"count":3,"href":"https:\/\/old.vfmg.ch\/fr\/wp-json\/wp\/v2\/pages\/2238\/revisions"}],"predecessor-version":[{"id":12327,"href":"https:\/\/old.vfmg.ch\/fr\/wp-json\/wp\/v2\/pages\/2238\/revisions\/12327"}],"up":[{"embeddable":true,"href":"https:\/\/old.vfmg.ch\/fr\/wp-json\/wp\/v2\/pages\/2779"}],"wp:attachment":[{"href":"https:\/\/old.vfmg.ch\/fr\/wp-json\/wp\/v2\/media?parent=2238"}],"curies":[{"name":"wp","href":"https:\/\/api.w.org\/{rel}","templated":true}]}}