{"id":2239,"date":"2012-10-23T13:16:02","date_gmt":"2012-10-23T13:16:02","guid":{"rendered":"\/\/vfmg.ch\/?p=2239"},"modified":"2022-11-07T12:10:39","modified_gmt":"2022-11-07T11:10:39","slug":"fmg-unterengadin","status":"publish","type":"page","link":"https:\/\/old.vfmg.ch\/fr\/eglises\/fmg-unterengadin\/","title":{"rendered":"7550 Scuol (Unterengadin)"},"content":{"rendered":"<table class=\"gemeinden\">\n<tbody>\n<tr>\n<th>Adresse:<\/th>\n<td>Gallaria Milo<br \/>\nStradun 400, 1. Stock<br \/>\n7550 Scuol<\/td>\n<\/tr>\n<tr>\n<td valign=\"top\"><strong>Homepage:<\/strong><\/td>\n<td valign=\"top\"><a href=\"http:\/\/www.raspadalibra.ch\/\" target=\"_blank\" rel=\"noopener\">http:\/\/www.raspadalibra.ch<\/a><\/td>\n<\/tr>\n<tr>\n<th>Gottesdienst:<\/th>\n<td>gem\u00e4ss publiziertem Programm auf unserer Homepage<br \/>\nGottesdienstzeiten k\u00f6nnen variieren, morgens oder abends<\/td>\n<\/tr>\n<tr>\n<th>Wochentags:<\/th>\n<td>gem\u00e4ss publiziertem Programm auf unserer Homepage<\/td>\n<\/tr>\n<tr>\n<th>Kontakt:<\/th>\n<td>Oskar Schwarz, Co-Leitung, Sent<br \/>\nT\u00e9l 079 429 82 52, <a href=\"mailto:oskarschwarz@outlook.com\">e-Mail senden<\/a><\/td>\n<\/tr>\n<\/tbody>\n<\/table>\n","protected":false},"excerpt":{"rendered":"<p>Adresse: Gallaria Milo Stradun 400, 1. Stock 7550 Scuol Homepage: http:\/\/www.raspadalibra.ch Gottesdienst: gem\u00e4ss publiziertem Programm auf unserer Homepage Gottesdienstzeiten k\u00f6nnen variieren, morgens oder abends Wochentags: gem\u00e4ss publiziertem Programm auf unserer Homepage Kontakt: Oskar Schwarz, Co-Leitung, Sent T\u00e9l 079 429 82 52, e-Mail senden<\/p>\n","protected":false},"author":12,"featured_media":0,"parent":2779,"menu_order":0,"comment_status":"closed","ping_status":"open","template":"","meta":{"footnotes":""},"class_list":["post-2239","page","type-page","status-publish","hentry","category-1-id","post-seq-1","post-parity-odd","meta-position-corners","fix"],"publishpress_future_action":{"enabled":false,"date":"2026-05-17 22:31:53","action":"change-status","newStatus":"draft","terms":[],"taxonomy":"translation_priority","extraData":[]},"publishpress_future_workflow_manual_trigger":{"enabledWorkflows":[]},"_links":{"self":[{"href":"https:\/\/old.vfmg.ch\/fr\/wp-json\/wp\/v2\/pages\/2239","targetHints":{"allow":["GET"]}}],"collection":[{"href":"https:\/\/old.vfmg.ch\/fr\/wp-json\/wp\/v2\/pages"}],"about":[{"href":"https:\/\/old.vfmg.ch\/fr\/wp-json\/wp\/v2\/types\/page"}],"author":[{"embeddable":true,"href":"https:\/\/old.vfmg.ch\/fr\/wp-json\/wp\/v2\/users\/12"}],"replies":[{"embeddable":true,"href":"https:\/\/old.vfmg.ch\/fr\/wp-json\/wp\/v2\/comments?post=2239"}],"version-history":[{"count":2,"href":"https:\/\/old.vfmg.ch\/fr\/wp-json\/wp\/v2\/pages\/2239\/revisions"}],"predecessor-version":[{"id":12468,"href":"https:\/\/old.vfmg.ch\/fr\/wp-json\/wp\/v2\/pages\/2239\/revisions\/12468"}],"up":[{"embeddable":true,"href":"https:\/\/old.vfmg.ch\/fr\/wp-json\/wp\/v2\/pages\/2779"}],"wp:attachment":[{"href":"https:\/\/old.vfmg.ch\/fr\/wp-json\/wp\/v2\/media?parent=2239"}],"curies":[{"name":"wp","href":"https:\/\/api.w.org\/{rel}","templated":true}]}}