{"id":2240,"date":"2012-10-18T14:45:53","date_gmt":"2012-10-18T14:45:53","guid":{"rendered":"\/\/vfmg.ch\/?p=2240"},"modified":"2021-10-06T10:58:56","modified_gmt":"2021-10-06T09:58:56","slug":"fmg-zuerich","status":"publish","type":"page","link":"https:\/\/old.vfmg.ch\/fr\/eglises\/fmg-zuerich\/","title":{"rendered":"8037 Z\u00fcrich"},"content":{"rendered":"<table class=\"gemeinden\">\n<tbody>\n<tr>\n<th>Adresse:<\/th>\n<td>Elim Begegnungszentrum<br \/>\nHabsburgstrasse 17<br \/>\n8037 Z\u00fcrich<br \/>\nT\u00e9l 044 271 09 22<\/td>\n<\/tr>\n<tr>\n<td><strong>Homepage:<\/strong><\/td>\n<td><a href=\"http:\/\/www.elim.ch\/\" target=\"_blank\" rel=\"noopener\">http:\/\/www.elim.ch<\/a> \/ <a href=\"mailto:elim@gmx.ch\">e-Mail senden<\/a><\/td>\n<\/tr>\n<tr>\n<th>Gottesdienst:<\/th>\n<td>jeden Sonntag 10.00 Uhr<\/td>\n<\/tr>\n<tr>\n<th>Wochentags:<\/th>\n<td>regelm\u00e4ssige Hauskreise und Kleingruppen<br \/>\n2. Mittwoch 19.45 Uhr gemeinsame Gebetszeit<\/td>\n<\/tr>\n<tr>\n<th>Kontakt:<\/th>\n<td>J\u00fcrg Birnstiel, Schlieren<br \/>\nT\u00e9l 044 730 99 16, <a href=\"mailto:juerg.birnstiel@vfmg.ch\">e-Mail senden<\/a><\/td>\n<\/tr>\n<\/tbody>\n<\/table>\n<p>&nbsp;<\/p>\n","protected":false},"excerpt":{"rendered":"<p>Adresse: Elim Begegnungszentrum Habsburgstrasse 17 8037 Z\u00fcrich T\u00e9l 044 271 09 22 Homepage: http:\/\/www.elim.ch \/ e-Mail senden Gottesdienst: jeden Sonntag 10.00 Uhr Wochentags: regelm\u00e4ssige Hauskreise und Kleingruppen 2. Mittwoch 19.45 Uhr gemeinsame Gebetszeit Kontakt: J\u00fcrg Birnstiel, Schlieren T\u00e9l 044 730 99 16, e-Mail senden &nbsp;<\/p>\n","protected":false},"author":12,"featured_media":0,"parent":2779,"menu_order":0,"comment_status":"closed","ping_status":"open","template":"","meta":{"footnotes":""},"class_list":["post-2240","page","type-page","status-publish","hentry","category-1-id","post-seq-1","post-parity-odd","meta-position-corners","fix"],"publishpress_future_action":{"enabled":false,"date":"2026-05-17 22:31:05","action":"change-status","newStatus":"draft","terms":[],"taxonomy":"translation_priority","extraData":[]},"publishpress_future_workflow_manual_trigger":{"enabledWorkflows":[]},"_links":{"self":[{"href":"https:\/\/old.vfmg.ch\/fr\/wp-json\/wp\/v2\/pages\/2240","targetHints":{"allow":["GET"]}}],"collection":[{"href":"https:\/\/old.vfmg.ch\/fr\/wp-json\/wp\/v2\/pages"}],"about":[{"href":"https:\/\/old.vfmg.ch\/fr\/wp-json\/wp\/v2\/types\/page"}],"author":[{"embeddable":true,"href":"https:\/\/old.vfmg.ch\/fr\/wp-json\/wp\/v2\/users\/12"}],"replies":[{"embeddable":true,"href":"https:\/\/old.vfmg.ch\/fr\/wp-json\/wp\/v2\/comments?post=2240"}],"version-history":[{"count":3,"href":"https:\/\/old.vfmg.ch\/fr\/wp-json\/wp\/v2\/pages\/2240\/revisions"}],"predecessor-version":[{"id":9236,"href":"https:\/\/old.vfmg.ch\/fr\/wp-json\/wp\/v2\/pages\/2240\/revisions\/9236"}],"up":[{"embeddable":true,"href":"https:\/\/old.vfmg.ch\/fr\/wp-json\/wp\/v2\/pages\/2779"}],"wp:attachment":[{"href":"https:\/\/old.vfmg.ch\/fr\/wp-json\/wp\/v2\/media?parent=2240"}],"curies":[{"name":"wp","href":"https:\/\/api.w.org\/{rel}","templated":true}]}}