{"id":2273,"date":"2012-10-25T14:39:52","date_gmt":"2012-10-25T14:39:52","guid":{"rendered":"\/\/vfmg.ch\/?p=2273"},"modified":"2017-02-02T16:28:02","modified_gmt":"2017-02-02T16:28:02","slug":"soutenir","status":"publish","type":"page","link":"https:\/\/old.vfmg.ch\/fr\/mission\/soutenir\/","title":{"rendered":"Soutenir"},"content":{"rendered":"<p>Les missionnaires re\u00e7oivent leur soutien financier de la Suisse. A cet effet, des partenariats sont conclus entre les \u00e9glises locales et les missionnaires. D'autre part, les missionnaires sont \u00e9galement soutenus par leur cercle d'amis personnels.<\/p>\n<p>Des dons pour les projets sp\u00e9cifiques et selon les pays sont \u00e9galement les bienvenus. Si vous le d\u00e9sirez, nous vous envoyons volontiers des bulletins de versement.<\/p>\n<p>Compte poste: 45-5152-8<br \/>\nIBAN: CH81 0900 0000 4500 5152 8<br \/>\nBIC POFICHBEXXX<\/p>\n","protected":false},"excerpt":{"rendered":"<p>Les missionnaires re\u00e7oivent leur soutien financier de la Suisse. A cet effet, des partenariats sont conclus entre les \u00e9glises locales et les missionnaires. D&#8217;autre part, les missionnaires sont \u00e9galement soutenus par leur cercle d&#8217;amis personnels. Des dons pour les projets sp\u00e9cifiques et selon les pays sont \u00e9galement les bienvenus. Si vous le d\u00e9sirez, nous vous <a href='https:\/\/old.vfmg.ch\/fr\/mission\/soutenir\/' class='excerpt-more'>[&#8230;]<\/a><\/p>\n","protected":false},"author":12,"featured_media":0,"parent":2144,"menu_order":0,"comment_status":"closed","ping_status":"open","template":"","meta":{"footnotes":""},"class_list":["post-2273","page","type-page","status-publish","hentry","category-1-id","post-seq-1","post-parity-odd","meta-position-corners","fix"],"publishpress_future_action":{"enabled":false,"date":"2026-05-17 22:11:54","action":"change-status","newStatus":"draft","terms":[],"taxonomy":"translation_priority","extraData":[]},"publishpress_future_workflow_manual_trigger":{"enabledWorkflows":[]},"_links":{"self":[{"href":"https:\/\/old.vfmg.ch\/fr\/wp-json\/wp\/v2\/pages\/2273","targetHints":{"allow":["GET"]}}],"collection":[{"href":"https:\/\/old.vfmg.ch\/fr\/wp-json\/wp\/v2\/pages"}],"about":[{"href":"https:\/\/old.vfmg.ch\/fr\/wp-json\/wp\/v2\/types\/page"}],"author":[{"embeddable":true,"href":"https:\/\/old.vfmg.ch\/fr\/wp-json\/wp\/v2\/users\/12"}],"replies":[{"embeddable":true,"href":"https:\/\/old.vfmg.ch\/fr\/wp-json\/wp\/v2\/comments?post=2273"}],"version-history":[{"count":0,"href":"https:\/\/old.vfmg.ch\/fr\/wp-json\/wp\/v2\/pages\/2273\/revisions"}],"up":[{"embeddable":true,"href":"https:\/\/old.vfmg.ch\/fr\/wp-json\/wp\/v2\/pages\/2144"}],"wp:attachment":[{"href":"https:\/\/old.vfmg.ch\/fr\/wp-json\/wp\/v2\/media?parent=2273"}],"curies":[{"name":"wp","href":"https:\/\/api.w.org\/{rel}","templated":true}]}}