{"id":2274,"date":"2012-10-25T14:35:56","date_gmt":"2012-10-25T14:35:56","guid":{"rendered":"\/\/vfmg.ch\/?p=2274"},"modified":"2012-10-25T14:35:56","modified_gmt":"2012-10-25T14:35:56","slug":"priere","status":"publish","type":"page","link":"https:\/\/old.vfmg.ch\/fr\/mission\/priere\/","title":{"rendered":"Pri\u00e8re"},"content":{"rendered":"<p>La meilleure chose que nous puissions faire les uns pour les autres, c'est prier. Corrie ten Boom<\/p>\n<p>Le soutien par la pri\u00e8re est un \u00e9l\u00e9ment porteur pour les missionnaires. Partager les joies, les peines, les questionnements et prier ensemble pour trouver des r\u00e9ponses nous unis et nous avons ainsi la possibilit\u00e9 de participer activement \u00e0 la t\u00e2che missionnaire.<\/p>\n<p>Nous vous envoyons volontiers notre carnet de pri\u00e8re mensuel. Vous pouvez le commander au 031 722 15 45 ou par couriel: sekretariat@vfmg.ch.<br \/>\nL'abonnement est gratuit avec contribution facultative en fin d'ann\u00e9e.<\/p>\n","protected":false},"excerpt":{"rendered":"<p>La meilleure chose que nous puissions faire les uns pour les autres, c&#8217;est prier. Corrie ten Boom Le soutien par la pri\u00e8re est un \u00e9l\u00e9ment porteur pour les missionnaires. Partager les joies, les peines, les questionnements et prier ensemble pour trouver des r\u00e9ponses nous unis et nous avons ainsi la possibilit\u00e9 de participer activement \u00e0 <a href='https:\/\/old.vfmg.ch\/fr\/mission\/priere\/' class='excerpt-more'>[&#8230;]<\/a><\/p>\n","protected":false},"author":12,"featured_media":0,"parent":2144,"menu_order":0,"comment_status":"closed","ping_status":"open","template":"","meta":{"footnotes":""},"class_list":["post-2274","page","type-page","status-publish","hentry","category-1-id","post-seq-1","post-parity-odd","meta-position-corners","fix"],"publishpress_future_action":{"enabled":false,"date":"2026-05-17 22:12:06","action":"change-status","newStatus":"draft","terms":[],"taxonomy":"translation_priority","extraData":[]},"publishpress_future_workflow_manual_trigger":{"enabledWorkflows":[]},"_links":{"self":[{"href":"https:\/\/old.vfmg.ch\/fr\/wp-json\/wp\/v2\/pages\/2274","targetHints":{"allow":["GET"]}}],"collection":[{"href":"https:\/\/old.vfmg.ch\/fr\/wp-json\/wp\/v2\/pages"}],"about":[{"href":"https:\/\/old.vfmg.ch\/fr\/wp-json\/wp\/v2\/types\/page"}],"author":[{"embeddable":true,"href":"https:\/\/old.vfmg.ch\/fr\/wp-json\/wp\/v2\/users\/12"}],"replies":[{"embeddable":true,"href":"https:\/\/old.vfmg.ch\/fr\/wp-json\/wp\/v2\/comments?post=2274"}],"version-history":[{"count":0,"href":"https:\/\/old.vfmg.ch\/fr\/wp-json\/wp\/v2\/pages\/2274\/revisions"}],"up":[{"embeddable":true,"href":"https:\/\/old.vfmg.ch\/fr\/wp-json\/wp\/v2\/pages\/2144"}],"wp:attachment":[{"href":"https:\/\/old.vfmg.ch\/fr\/wp-json\/wp\/v2\/media?parent=2274"}],"curies":[{"name":"wp","href":"https:\/\/api.w.org\/{rel}","templated":true}]}}