{"id":2275,"date":"2012-10-23T14:40:34","date_gmt":"2012-10-23T14:40:34","guid":{"rendered":"\/\/vfmg.ch\/?p=2275"},"modified":"2013-02-21T15:00:05","modified_gmt":"2013-02-21T15:00:05","slug":"arriereplanitalie","status":"publish","type":"page","link":"https:\/\/old.vfmg.ch\/fr\/mission\/arriereplanitalie\/","title":{"rendered":"Arri\u00e8re-plan Italie"},"content":{"rendered":"<p>Ce pays d'Europe relativement grand, qui, dans l'antiquit\u00e9, \u00e9tait le noyau de l'Empire Romain, avait un impact important sur le d\u00e9veloppement de la culture de l'Europe occidentale: la loi romaine, la langue latine ou l'art au Moyen \u00c2ge et \u00e0 la Renaissance avaient une grande influence. Apr\u00e8s l'effondrement de l'Empire Romain, l'Eglise catholique est devenue une puissance. L'Italie est rest\u00e9e un pays catholique. Non seulement le Vatican au c\u0153ur de Rome t\u00e9moigne de cette puissance, mais l'Italie n'est pas imaginable sans le catholicisme. La religion donnait le ton dans beaucoup de constructions et pas seulement pour les \u00e9glises. Les productions artistiques de toutes expressions, et m\u00eame l'administration \u00e9tait et est encore bas\u00e9e sur une conception catholique.<\/p>\n<p>L'Italie a environ 58 mio d'habitants et se place dans l'Union Europ\u00e9enne en 4\u00e8me position apr\u00e8s l'Allemagne, la France et l'Angleterre. L'\u00e9conomie et la prosp\u00e9rit\u00e9 montrent un important contraste Nord-Sud. Ceci a des r\u00e9percussions politiques significatives et, en raison d'une grande migration du Sud vers le Nord, celui-ci souffre d'une p\u00e9nurie d'emplois.<\/p>\n<p>L'Italie est connue pour ses changements rapides du gouvernement en partie corrompu, pour l'inefficacit\u00e9 de son administration et pour sa criminalit\u00e9 organis\u00e9e (Mafia, Camorra), qui ont une tr\u00e8s grande influence sur la vie sociale.<\/p>\n<p>Presque 80% de la population actuelle de l'Italie est catholique. S'y ajoutent environ 15% de citoyens qui n'appartiennent \u00e0 aucune religion et le reste se partage entre diff\u00e9rentes religions et confessions. Dans certaines r\u00e9gions, les populations immigrantes (par exemple les Albanais de foi musulmane) changent la donne. Une population juive se trouve dans les grandes villes du Nord et \u00e0 Rome. Un cas particulier est les protestants Vaudois dont la moiti\u00e9 de l'effectif mondial vit dispers\u00e9 dans toute l'Italie, principalement dans la r\u00e9gion ouest de Turin. Il y a une pr\u00e9sence \u00e9vang\u00e9lique dans seulement 1'500 localit\u00e9s sur 33'000 en Italie. Des 1,6 mio d'\u00e9tudiants, seulement une tr\u00e8s petite part est active dans les groupes missionnaires universitaires.<\/p>\n<p>L'Italie est un pays de mission. Depuis 1984, le catholicisme n'est plus religion d'Etat, mais la pens\u00e9e et les traditions catholiques influencent la vie sociale et religieuse. L'indiff\u00e9rence vis-\u00e0-vis des questions cruciales de la vie est difficile \u00e0 vaincre. En plus, l'occultisme est tr\u00e8s r\u00e9pandu.<\/p>\n<p>L'Italie a besoin de missionnaires qui implantent de nouvelles \u00e9glises, qui soutiennent les \u00e9glises existantes et qui forment et encouragent la succession pour permettre le transfert de responsabilit\u00e9s aux g\u00e9n\u00e9rations futures.<\/p>\n","protected":false},"excerpt":{"rendered":"<p>Ce pays d&#8217;Europe relativement grand, qui, dans l&#8217;antiquit\u00e9, \u00e9tait le noyau de l&#8217;Empire Romain, avait un impact important sur le d\u00e9veloppement de la culture de l&#8217;Europe occidentale : la loi romaine, la langue latine ou l&#8217;art au Moyen \u00c3\u201age et \u00e0 la Renaissance avaient une grande influence. Apr\u00e8s l&#8217;effondrement de l&#8217;Empire Romain, l&#8217;Eglise catholique est devenue une puissance.<\/p>\n<p>L&#8217;Italie a environ 58 mio d&#8217;habitants et se place dans l&#8217;Union Europ\u00e9enne en 4\u00e8me position apr\u00e8s l&#8217;Allemagne, la France et l&#8217;Angleterre. L&#8217;\u00e9conomie et la prosp\u00e9rit\u00e9 montrent un important contraste Nord-Sud. Ceci a des r\u00e9percussions politiques significatives et, en raison d&#8217;une grande migration du Sud vers le Nord, celui-ci souffre d&#8217;une p\u00e9nurie d&#8217;emplois.<\/p>\n<p>Presque 80% de la population actuelle de l&#8217;Italie est catholique. S&#8217;y ajoutent environ 15% de citoyens qui n&#8217;appartiennent \u00e0 aucune religion et le reste se partage entre diff\u00e9rentes religions et confessions. Dans certaines r\u00e9gions, les populations immigrantes (par exemple les Albanais de foi musulmane) changent la donne. Dans les grandes villes du nord et \u00e0 Rome on trouve encore une communeaut\u00e9 juive. Il y a une pr\u00e9sence \u00e9vang\u00e9lique dans seulement 1&#8217;500 localit\u00e9s sur 33&#8217;000 en Italie.<\/p>\n<p>L&#8217;Italie est un pays de mission. Depuis 1984, le catholicisme n&#8217;est plus religion d&#8217;Etat, mais la pens\u00e9e et les traditions catholiques influencent la vie sociale et religieuse et met un frein \u00e0 l&#8217;\u00e9tude personnelle de la Bible.<\/p>\n<p>L&#8217;Italie a besoin de missionnaires qui implantent de nouvelles \u00e9glises, qui soutiennent les \u00e9glises existantes, qui forment et encouragent la succession pour permettre le transfert de responsabilit\u00e9s aux g\u00e9n\u00e9rations futures.<\/p>\n","protected":false},"author":12,"featured_media":0,"parent":2144,"menu_order":0,"comment_status":"closed","ping_status":"open","template":"","meta":{"footnotes":""},"class_list":["post-2275","page","type-page","status-publish","hentry","category-1-id","post-seq-1","post-parity-odd","meta-position-corners","fix"],"publishpress_future_action":{"enabled":false,"date":"2026-05-17 22:31:50","action":"change-status","newStatus":"draft","terms":[],"taxonomy":"translation_priority","extraData":[]},"publishpress_future_workflow_manual_trigger":{"enabledWorkflows":[]},"_links":{"self":[{"href":"https:\/\/old.vfmg.ch\/fr\/wp-json\/wp\/v2\/pages\/2275","targetHints":{"allow":["GET"]}}],"collection":[{"href":"https:\/\/old.vfmg.ch\/fr\/wp-json\/wp\/v2\/pages"}],"about":[{"href":"https:\/\/old.vfmg.ch\/fr\/wp-json\/wp\/v2\/types\/page"}],"author":[{"embeddable":true,"href":"https:\/\/old.vfmg.ch\/fr\/wp-json\/wp\/v2\/users\/12"}],"replies":[{"embeddable":true,"href":"https:\/\/old.vfmg.ch\/fr\/wp-json\/wp\/v2\/comments?post=2275"}],"version-history":[{"count":0,"href":"https:\/\/old.vfmg.ch\/fr\/wp-json\/wp\/v2\/pages\/2275\/revisions"}],"up":[{"embeddable":true,"href":"https:\/\/old.vfmg.ch\/fr\/wp-json\/wp\/v2\/pages\/2144"}],"wp:attachment":[{"href":"https:\/\/old.vfmg.ch\/fr\/wp-json\/wp\/v2\/media?parent=2275"}],"curies":[{"name":"wp","href":"https:\/\/api.w.org\/{rel}","templated":true}]}}