{"id":2276,"date":"2012-10-24T08:59:36","date_gmt":"2012-10-24T08:59:36","guid":{"rendered":"\/\/vfmg.ch\/?p=2276"},"modified":"2012-10-24T08:59:36","modified_gmt":"2012-10-24T08:59:36","slug":"arriereplanautriche","status":"publish","type":"page","link":"https:\/\/old.vfmg.ch\/fr\/mission\/arriereplanautriche\/","title":{"rendered":"Arri\u00e8re-plan Autriche"},"content":{"rendered":"<p>L'Autriche, situ\u00e9e entre l'Europe de l'Est et de l'Ouest \u00e9tait d\u00e9j\u00e0 au temps Romains, un pays tampon entre l'Empire Romain et les peuples envahissants de l'Est. Plus tard, l'arm\u00e9e autrichienne a vaincu les troupes turques aux portes de Vienne et a ainsi \u00e9vit\u00e9 l'islamisation de l'Europe de l'ouest. Durant la guerre froide et dans la deuxi\u00e8me partie du 20<sup>\u00e8me<\/sup> si\u00e8cle, l'Autriche faisait \u00e9galement tampon entre l'Est et l'Ouest. Apr\u00e8s la chute du rideau de fer, ce pays est devenu la porte vers l'Est et un lien important pour les nouveaux pays de l'Union Europ\u00e9enne, de l'Europe centrale et du Balkan.<\/p>\n<p>L'Autriche d'aujourd'hui \u00e9tait jusqu'en 1918 le c\u0153ur de l'Empire Autriche-Hongrie. La d\u00e9faite militaire \u00e0 la fin de la 1<sup>\u00e8re<\/sup> guerre mondiale en octobre\/novembre 1918, marquait \u00e9galement la fin de la monarchie Habsbourgeoise. Depuis, l'Autriche \u00e9tait \u2013 avec une interruption lors du mouvement socialiste \u2013 une d\u00e9mocratie \u00e0 plusieurs partis.<\/p>\n<p>Aujourd'hui, l'Autriche est un pays riche et fortement industrialis\u00e9, accorde une grande valeur \u00e0 la culture et au paysage et est devenu une des destinations principales pour le tourisme. \u00bc de la population se concentre sur la r\u00e9gion de Vienne.<\/p>\n<p>La foi chr\u00e9tienne a marqu\u00e9 l'histoire de l'Autriche. D\u00e8s174 la pr\u00e9sence de chr\u00e9tiens est document\u00e9e. Au temps de la r\u00e9formation, la majeure partie des habitants \u00e9tait protestante. La contre-r\u00e9formation a apport\u00e9 une vague de pers\u00e9cution suivie d'un retour au catholicisme. Un recensement en 2001 a montr\u00e9 que 71% des 8,3 millions d'habitants \u00e9taient catholiques et 4,5% protestants (Eglise Luth\u00e9rienne et Eglise R\u00e9form\u00e9e).<\/p>\n<p>Le mouvement \u00e9vang\u00e9lique est petit et dispers\u00e9, malgr\u00e9 d'\u00e9normes efforts des missions \u00e9trang\u00e8res. Sans ce soutien de l'\u00e9tranger il est impensable que ce secteur puisse se d\u00e9velopper. Dans un grand nombre d'\u00e9glises, c'est encore la premi\u00e8re g\u00e9n\u00e9ration qui s'engage. Dans certaines il y a d\u00e9j\u00e0 une deuxi\u00e8me, voir troisi\u00e8me g\u00e9n\u00e9ration au travail, ce qui favorise le transfert des responsabilit\u00e9s \u00e0 des nationaux. L'\u00e9vangile a trouv\u00e9 un terrain favorable dans les universit\u00e9s. Beaucoup d'\u00e9tudiants se sont tourn\u00e9s vers J\u00e9sus au cours des ann\u00e9es pass\u00e9es et on les retrouve dans les groupes de responsables des \u00e9glises \u00e9vang\u00e9liques.<\/p>\n<p>Pourtant, des missionnaires sont encore n\u00e9cessaires afin de poursuivre le travail d'implantation d'\u00e9glises \u00e9vang\u00e9liques. Les \u00e9glises locales sont souvent tr\u00e8s petites et ne sont pas en mesure de soutenir leur pasteur ou missionnaire. Il manque \u00e9galement des jeunes autrichiens avec une bonne formation th\u00e9ologique.<\/p>\n","protected":false},"excerpt":{"rendered":"<p>L&#8217;Autriche, situ\u00e9e entre l&#8217;Europe de l&#8217;Est et de l&#8217;Ouest. L&#8217;Autriche est un pays riche et fortement industrialis\u00e9 mais accorde une grande valeur \u00e0 la culture et au paysage. La plus importante zone de lotissement est la r\u00e9gion de Vienne avec pr\u00e8s d&#8217;un quart (env. 2 millions) d&#8217;habitants de tout le pays.<\/p>\n<p>La foi chr\u00e9tienne a marqu\u00e9 l&#8217;histoire de l&#8217;Autriche. D\u00e8s174 la pr\u00e9sence de chr\u00e9tiens est document\u00e9e. Au temps de la r\u00e9formation, la majeure partie des habitants \u00e9tait protestante. La contre-r\u00e9formation a apport\u00e9 une vague de pers\u00e9cution suivie d&#8217;un retour au catholicisme. Un recensement en 2001 a montr\u00e9 que 71% des 8,3 millions d&#8217;habitants \u00e9taient catholiques et 4,5% protestants (Eglise Luth\u00e9rienne et Eglise R\u00e9form\u00e9e).<\/p>\n<p>Le mouvement \u00e9vang\u00e9lique est petit et dispers\u00e9, malgr\u00e9 d&#8217;\u00e9normes efforts des missions \u00e9trang\u00e8res. Dans les \u00e9glises, les responsabilit\u00e9s sont de plus en plus port\u00e9s par des nationaux. Beaucoup d&#8217;\u00e9tudiants se sont tourn\u00e9s vers J\u00e9sus au cours des ann\u00e9es pass\u00e9es et on les retrouve dans les groupes de responsables des \u00e9glises \u00e9vang\u00e9liques.<\/p>\n<p>Pourtant, des missionnaires sont encore n\u00e9cessaires afin de poursuivre le travail d&#8217;implantation d&#8217;\u00e9glises \u00e9vang\u00e9liques. Les \u00e9glises locales sont souvent tr\u00e8s petites et ne sont pas en mesure de soutenir leur pasteur ou missionnaire. Il manque \u00e9galement des jeunes autrichiens avec une bonne formation th\u00e9ologique.<\/p>\n","protected":false},"author":12,"featured_media":0,"parent":2144,"menu_order":0,"comment_status":"closed","ping_status":"open","template":"","meta":{"footnotes":""},"class_list":["post-2276","page","type-page","status-publish","hentry","category-1-id","post-seq-1","post-parity-odd","meta-position-corners","fix"],"publishpress_future_action":{"enabled":false,"date":"2026-05-17 22:11:55","action":"change-status","newStatus":"draft","terms":[],"taxonomy":"translation_priority","extraData":[]},"publishpress_future_workflow_manual_trigger":{"enabledWorkflows":[]},"_links":{"self":[{"href":"https:\/\/old.vfmg.ch\/fr\/wp-json\/wp\/v2\/pages\/2276","targetHints":{"allow":["GET"]}}],"collection":[{"href":"https:\/\/old.vfmg.ch\/fr\/wp-json\/wp\/v2\/pages"}],"about":[{"href":"https:\/\/old.vfmg.ch\/fr\/wp-json\/wp\/v2\/types\/page"}],"author":[{"embeddable":true,"href":"https:\/\/old.vfmg.ch\/fr\/wp-json\/wp\/v2\/users\/12"}],"replies":[{"embeddable":true,"href":"https:\/\/old.vfmg.ch\/fr\/wp-json\/wp\/v2\/comments?post=2276"}],"version-history":[{"count":0,"href":"https:\/\/old.vfmg.ch\/fr\/wp-json\/wp\/v2\/pages\/2276\/revisions"}],"up":[{"embeddable":true,"href":"https:\/\/old.vfmg.ch\/fr\/wp-json\/wp\/v2\/pages\/2144"}],"wp:attachment":[{"href":"https:\/\/old.vfmg.ch\/fr\/wp-json\/wp\/v2\/media?parent=2276"}],"curies":[{"name":"wp","href":"https:\/\/api.w.org\/{rel}","templated":true}]}}