{"id":2279,"date":"2012-10-25T14:36:41","date_gmt":"2012-10-25T14:36:41","guid":{"rendered":"\/\/vfmg.ch\/?p=2279"},"modified":"2018-03-12T07:02:35","modified_gmt":"2018-03-12T07:02:35","slug":"missionitaliecalabre","status":"publish","type":"page","link":"https:\/\/old.vfmg.ch\/fr\/mission\/missionitaliecalabre\/","title":{"rendered":"Mission en Italie: exemple en Calabre"},"content":{"rendered":"<table style=\"width: 100%;\" border=\"0\">\n<tbody>\n<tr>\n<td><img loading=\"lazy\" decoding=\"async\" class=\"alignnone size-medium wp-image-1343\" alt=\"i__karte_italien\" src=\"http:\/\/vfmg.ch\/wp-content\/uploads\/2008\/07\/i__karte_italien.gif\" width=\"253\" height=\"300\" \/><\/td>\n<td><img loading=\"lazy\" decoding=\"async\" class=\"alignnone size-medium wp-image-1551\" alt=\"i_baertschi_el\" src=\"http:\/\/vfmg.ch\/wp-content\/uploads\/2010\/04\/i_baertschi_el-300x232.png\" width=\"300\" height=\"232\" srcset=\"https:\/\/old.vfmg.ch\/wp-content\/uploads\/2010\/04\/i_baertschi_el-300x232.png 300w, https:\/\/old.vfmg.ch\/wp-content\/uploads\/2010\/04\/i_baertschi_el-150x116.png 150w, https:\/\/old.vfmg.ch\/wp-content\/uploads\/2010\/04\/i_baertschi_el-100x77.png 100w, https:\/\/old.vfmg.ch\/wp-content\/uploads\/2010\/04\/i_baertschi_el-310x240.png 310w, https:\/\/old.vfmg.ch\/wp-content\/uploads\/2010\/04\/i_baertschi_el.png 349w\" sizes=\"auto, (max-width: 300px) 100vw, 300px\" \/><\/p>\n<p>Ernst et Lydia B\u00e4rtschi, Corigliano Calabro<\/p>\n<\/td>\n<\/tr>\n<\/tbody>\n<\/table>\n<table style=\"width: 100%;\" border=\"0\">\n<tbody>\n<tr>\n<td><img loading=\"lazy\" decoding=\"async\" class=\"alignnone size-full wp-image-1552\" alt=\"i_corigliano\" src=\"http:\/\/vfmg.ch\/wp-content\/uploads\/2010\/04\/i_corigliano.jpg\" width=\"180\" height=\"135\" srcset=\"https:\/\/old.vfmg.ch\/wp-content\/uploads\/2010\/04\/i_corigliano.jpg 180w, https:\/\/old.vfmg.ch\/wp-content\/uploads\/2010\/04\/i_corigliano-150x113.jpg 150w, https:\/\/old.vfmg.ch\/wp-content\/uploads\/2010\/04\/i_corigliano-100x75.jpg 100w\" sizes=\"auto, (max-width: 180px) 100vw, 180px\" \/><\/td>\n<td><img loading=\"lazy\" decoding=\"async\" class=\"alignnone size-full wp-image-1553\" alt=\"i_orange\" src=\"http:\/\/vfmg.ch\/wp-content\/uploads\/2010\/04\/i_orange.png\" width=\"136\" height=\"181\" srcset=\"https:\/\/old.vfmg.ch\/wp-content\/uploads\/2010\/04\/i_orange.png 136w, https:\/\/old.vfmg.ch\/wp-content\/uploads\/2010\/04\/i_orange-113x150.png 113w, https:\/\/old.vfmg.ch\/wp-content\/uploads\/2010\/04\/i_orange-75x100.png 75w\" sizes=\"auto, (max-width: 136px) 100vw, 136px\" \/><\/td>\n<td><img loading=\"lazy\" decoding=\"async\" class=\"alignnone size-full wp-image-1554\" alt=\"i_chiesa_corigliano\" src=\"http:\/\/vfmg.ch\/wp-content\/uploads\/2010\/04\/i_chiesa_corigliano.png\" width=\"270\" height=\"203\" srcset=\"https:\/\/old.vfmg.ch\/wp-content\/uploads\/2010\/04\/i_chiesa_corigliano.png 270w, https:\/\/old.vfmg.ch\/wp-content\/uploads\/2010\/04\/i_chiesa_corigliano-150x113.png 150w, https:\/\/old.vfmg.ch\/wp-content\/uploads\/2010\/04\/i_chiesa_corigliano-100x75.png 100w\" sizes=\"auto, (max-width: 270px) 100vw, 270px\" \/><\/td>\n<\/tr>\n<tr>\n<td>Corigliano avec ch\u00e2teau<\/td>\n<td>Oranger<\/td>\n<td>Chiesa<\/td>\n<\/tr>\n<\/tbody>\n<\/table>\n<p><strong>La r\u00e9gion<br \/> <\/strong><\/p>\n<p>La r\u00e9gion de Calabre a 5 provinces: Cosenza, Crotone, Vibo Valentia, Catanzaro etReggio di Calabria. Corigliano est situ\u00e9 au nord dans la proivince de Cosenza, entour\u00e9 de plantations d'orangers et de mandarines. Sur les coteaux se trouvent des oliviers. C'est une r\u00e9gion tr\u00e8s fertile, avec des montagnes et le bord de mer. Corigliano est une ville de 40'000 habitants et en plus de notre \u00e9glise elle a encore deux petits groupes \u00e9vang\u00e9liques.<\/p>\n<p><strong>Notre travail<\/strong><\/p>\n<p>L'\u00e9vang\u00e9lisation est la vision principale de notre \u00e9glise. L'\u00e9glise de Corigliano a vu le jour en 1977 quand nous d\u00e9butions avec nos activit\u00e9s d'\u00e9vang\u00e9lisation. Nous partageons l'\u00e9vangile au moyen de la distribution de trait\u00e9s et de Bibles avec notre stand aux grandes foires. En automne c'est la diffusion des calendriers MSD et \u00e2\u20ac\u0153Tesori Nascosti\u00e2\u20ac\u009d. Bien entendu nous avons aussi les activit\u00e9s normales comme toute \u00e9glise \u00e9vang\u00e9lique. Nous travaillons \u00e9galement dans les r\u00e9gions voisines: Spezzano Albanese (Aussenstation), Roggiano Gravina (Groupe de maison) et nous collaborons avec une \u00e9glise Br\u00fcdergemeinde \u00e0Torre Melissa.<\/p>\n<p><strong>Lieu<\/strong><\/p>\n<p>Nous nous r\u00e9jouissons d'accueillir des visiteurs et aussi des groupes de jeunes qui viennent se faire une id\u00e9e du travail sur place. Tu peux volontiers participer aux distributions de calendriers.<\/p>\n<p>Possibilit\u00e9s de collaboration:<\/p>\n<ul>\n<li>Travail parmi les jeunes<\/li>\n<li>Travail parmi les enfants<\/li>\n<li>Evang\u00e9lisation<\/li>\n<\/ul>\n<p>Prends contact par courriel ou par t\u00e9l\u00e9phone:<\/p>\n<p class=\"paragraph_style\" style=\"padding-bottom: 0pt;\">Ernst etLydia B\u00e4rtschi<br \/> Via Crotone 6<br \/> I-87064 Corigliano Calabro (CS)<br \/> Courriel: <a href=\"mailto:ernstbaertschi@yahoo.it\">ernstbaertschi@yahoo.it<\/a><br \/> t\u00e9l: 00390983885983<br \/> web: <a href=\"http:\/\/www.cbccorigliano.altervista.org\" target=\"_blank\">www.cbccorigliano.altervista.org<\/a><\/p>\n<p><strong>Ensemble gagnons la Calbre pour Christ!<\/strong><\/p>\n<div id=\"_mcePaste\" style=\"overflow: hidden; position: absolute; left: -10000px; top: 0px; width: 1px; height: 1px;\">\n<div class=\"style_SkipStroke shape-with-text\" id=\"id1\" style=\"height: 144px; left: 434px; position: absolute; top: 23px; width: 240px; z-index: 1;\">\n<div class=\"text-content graphic_textbox_layout_style_default_External_240_144\" style=\"padding: 0px;\">\n<div class=\"graphic_textbox_layout_style_default\">\n<p class=\"paragraph_style\" style=\"padding-top: 0pt;\">Adresse:<\/p>\n<p class=\"paragraph_style\">Ernst und Lydia B\u00e4rtschi<\/p>\n<p class=\"paragraph_style\">Via Crotone 6<\/p>\n<p class=\"paragraph_style\">I-87064 Corigliano Calabro (CS)<\/p>\n<p class=\"paragraph_style\">e-Mail: <a title=\"mailto:ernstbaertschi@yahoo.it\" href=\"mailto:ernstbaertschi@yahoo.it\">ernstbaertschi@yahoo.it<\/a><\/p>\n<p class=\"paragraph_style\">tel: 00390983885983<\/p>\n<p class=\"paragraph_style\" style=\"padding-bottom: 0pt;\">web: <a title=\"http:\/\/www.cbccorigliano.altervista.org\" href=\"http:\/\/www.cbccorigliano.altervista.org\/\">www.cbccorigliano.altervista.org<\/a><\/p>\n<\/div>\n<\/div>\n<\/div>\n<\/div>\n","protected":false},"excerpt":{"rendered":"<p>Ernst et Lydia B\u00e4rtschi, Corigliano Calabro Corigliano avec ch\u00e2teau Oranger Chiesa La r\u00e9gion La r\u00e9gion de Calabre a 5 provinces: Cosenza, Crotone, Vibo Valentia, Catanzaro etReggio di Calabria. Corigliano est situ\u00e9 au nord dans la proivince de Cosenza, entour\u00e9 de plantations d&#8217;orangers et de mandarines. Sur les coteaux se trouvent des oliviers. C&#8217;est une r\u00e9gion <a href='https:\/\/old.vfmg.ch\/fr\/mission\/missionitaliecalabre\/' class='excerpt-more'>[&#8230;]<\/a><\/p>\n","protected":false},"author":12,"featured_media":0,"parent":2144,"menu_order":0,"comment_status":"closed","ping_status":"open","template":"","meta":{"footnotes":""},"class_list":["post-2279","page","type-page","status-publish","hentry","category-1-id","post-seq-1","post-parity-odd","meta-position-corners","fix"],"publishpress_future_action":{"enabled":false,"date":"2026-05-17 22:11:52","action":"change-status","newStatus":"draft","terms":[],"taxonomy":"translation_priority","extraData":[]},"publishpress_future_workflow_manual_trigger":{"enabledWorkflows":[]},"_links":{"self":[{"href":"https:\/\/old.vfmg.ch\/fr\/wp-json\/wp\/v2\/pages\/2279","targetHints":{"allow":["GET"]}}],"collection":[{"href":"https:\/\/old.vfmg.ch\/fr\/wp-json\/wp\/v2\/pages"}],"about":[{"href":"https:\/\/old.vfmg.ch\/fr\/wp-json\/wp\/v2\/types\/page"}],"author":[{"embeddable":true,"href":"https:\/\/old.vfmg.ch\/fr\/wp-json\/wp\/v2\/users\/12"}],"replies":[{"embeddable":true,"href":"https:\/\/old.vfmg.ch\/fr\/wp-json\/wp\/v2\/comments?post=2279"}],"version-history":[{"count":0,"href":"https:\/\/old.vfmg.ch\/fr\/wp-json\/wp\/v2\/pages\/2279\/revisions"}],"up":[{"embeddable":true,"href":"https:\/\/old.vfmg.ch\/fr\/wp-json\/wp\/v2\/pages\/2144"}],"wp:attachment":[{"href":"https:\/\/old.vfmg.ch\/fr\/wp-json\/wp\/v2\/media?parent=2279"}],"curies":[{"name":"wp","href":"https:\/\/api.w.org\/{rel}","templated":true}]}}