{"id":2281,"date":"2012-10-25T12:01:36","date_gmt":"2012-10-25T12:01:36","guid":{"rendered":"\/\/vfmg.ch\/?p=2281"},"modified":"2013-02-25T13:37:36","modified_gmt":"2013-02-25T13:37:36","slug":"missionautriche","status":"publish","type":"page","link":"https:\/\/old.vfmg.ch\/fr\/mission\/missionautriche\/","title":{"rendered":"Mission en Autriche: Innsbruck"},"content":{"rendered":"<table style=\"width: 100%; height: 320px;\" border=\"0\">\n<tbody>\n<tr>\n<td><strong><img loading=\"lazy\" decoding=\"async\" class=\"alignnone size-medium wp-image-1360\" alt=\"a__karte_oesterreich\" src=\"http:\/\/vfmg.ch\/wp-content\/uploads\/2008\/07\/a__karte_oesterreich-300x154.gif\" width=\"300\" height=\"154\" srcset=\"https:\/\/old.vfmg.ch\/wp-content\/uploads\/2008\/07\/a__karte_oesterreich-300x154.gif 300w, https:\/\/old.vfmg.ch\/wp-content\/uploads\/2008\/07\/a__karte_oesterreich-150x77.gif 150w, https:\/\/old.vfmg.ch\/wp-content\/uploads\/2008\/07\/a__karte_oesterreich-100x51.gif 100w, https:\/\/old.vfmg.ch\/wp-content\/uploads\/2008\/07\/a__karte_oesterreich-468x240.gif 468w\" sizes=\"auto, (max-width: 300px) 100vw, 300px\" \/><br \/> <\/strong><\/td>\n<td valign=\"middle\">Max und Margrit Eugster, Innsbruck<strong><img loading=\"lazy\" decoding=\"async\" class=\"size-full wp-image-1347 alignleft\" alt=\"a_eugster_m\" src=\"http:\/\/vfmg.ch\/wp-content\/uploads\/2008\/07\/a_eugster_m.jpg\" width=\"200\" height=\"135\" srcset=\"https:\/\/old.vfmg.ch\/wp-content\/uploads\/2008\/07\/a_eugster_m.jpg 200w, https:\/\/old.vfmg.ch\/wp-content\/uploads\/2008\/07\/a_eugster_m-150x101.jpg 150w, https:\/\/old.vfmg.ch\/wp-content\/uploads\/2008\/07\/a_eugster_m-100x68.jpg 100w\" sizes=\"auto, (max-width: 200px) 100vw, 200px\" \/><br \/> <\/strong><\/td>\n<\/tr>\n<\/tbody>\n<\/table>\n<h3>Le couple Eugster raconte<\/h3>\n<div><span style=\"font-family: arial;\"><span style=\"font-family: Arial;\">Rencontre inattendue avec des sans-abris: deux jeunes, rencontr\u00e9s dans la rue, sont venus \u00e0 notre petit-d\u00e9jeuner de pri\u00e8re dans notre \u00e9glise. Si cel\u00e0 continue, je deviendrai pasteur pour les sdf \u00e0 Innsbruck.<\/span><\/span><\/div>\n<div><span style=\"font-family: arial;\"><span style=\"font-family: Arial;\">Une autre fois, suite a des pluies torrentielles avec de la gr\u00eale, le centre ville s'est trouv\u00e9 inond\u00e9. Un haut fonctionnaire attendait un taxi directement devant nos locaux. Toutefois le taxi ne pouvait passer suite \u00e0 l'inondation. Il demanda donc \u00e0 une jeune femme de notre \u00e9glise qui se trouvait l\u00e0 avec sa camionnette, si elle pouvait le conduire \u00e0 l'a\u00e9roport. Avec notre fils Philippe, elle a effectu\u00e9 ce transport et en route ils ont apprit que le monsieur venait d'acheter un appartement dans notre rue. Ils ont profit\u00e9 de l'occasion et lui ont parl\u00e9 de notre \u00e9glise \u00e9vang\u00e9lique et il a promis de venir nous rendre visite.<\/span><span style=\"font-family: Arial; font-size: x-small;\"><span><br \/> <\/span><\/span><\/span><\/div>\n<p>&nbsp;<\/p>\n<div id=\"ext-gen1801\"><span style=\"font-family: arial;\"><span style=\"font-family: Arial; font-size: x-small;\"><span>Nous sommes curieux de voir la suite et comment Dieu conduira ces personnes..<\/span><\/span><\/span><\/div>\n","protected":false},"excerpt":{"rendered":"<p>Max und Margrit Eugster, Innsbruck Le couple Eugster raconte Rencontre inattendue avec des sans-abris: deux jeunes, rencontr\u00e9s dans la rue, sont venus \u00e0 notre petit-d\u00e9jeuner de pri\u00e8re dans notre \u00e9glise. Si cel\u00e0 continue, je deviendrai pasteur pour les sdf \u00e0 Innsbruck. Une autre fois, suite a des pluies torrentielles avec de la gr\u00eale, le centre <a href='https:\/\/old.vfmg.ch\/fr\/mission\/missionautriche\/' class='excerpt-more'>[&#8230;]<\/a><\/p>\n","protected":false},"author":12,"featured_media":0,"parent":2144,"menu_order":0,"comment_status":"closed","ping_status":"open","template":"","meta":{"footnotes":""},"class_list":["post-2281","page","type-page","status-publish","hentry","category-1-id","post-seq-1","post-parity-odd","meta-position-corners","fix"],"publishpress_future_action":{"enabled":false,"date":"2026-05-17 22:12:45","action":"change-status","newStatus":"draft","terms":[],"taxonomy":"translation_priority","extraData":[]},"publishpress_future_workflow_manual_trigger":{"enabledWorkflows":[]},"_links":{"self":[{"href":"https:\/\/old.vfmg.ch\/fr\/wp-json\/wp\/v2\/pages\/2281","targetHints":{"allow":["GET"]}}],"collection":[{"href":"https:\/\/old.vfmg.ch\/fr\/wp-json\/wp\/v2\/pages"}],"about":[{"href":"https:\/\/old.vfmg.ch\/fr\/wp-json\/wp\/v2\/types\/page"}],"author":[{"embeddable":true,"href":"https:\/\/old.vfmg.ch\/fr\/wp-json\/wp\/v2\/users\/12"}],"replies":[{"embeddable":true,"href":"https:\/\/old.vfmg.ch\/fr\/wp-json\/wp\/v2\/comments?post=2281"}],"version-history":[{"count":0,"href":"https:\/\/old.vfmg.ch\/fr\/wp-json\/wp\/v2\/pages\/2281\/revisions"}],"up":[{"embeddable":true,"href":"https:\/\/old.vfmg.ch\/fr\/wp-json\/wp\/v2\/pages\/2144"}],"wp:attachment":[{"href":"https:\/\/old.vfmg.ch\/fr\/wp-json\/wp\/v2\/media?parent=2281"}],"curies":[{"name":"wp","href":"https:\/\/api.w.org\/{rel}","templated":true}]}}