{"id":2769,"date":"2012-10-18T14:23:35","date_gmt":"2012-10-18T14:23:35","guid":{"rendered":"http:\/\/vfmg.ch\/?page_id=2769"},"modified":"2013-02-21T13:14:16","modified_gmt":"2013-02-21T13:14:16","slug":"kurzportraet","status":"publish","type":"page","link":"https:\/\/old.vfmg.ch\/fr\/portrait-3\/kurzportraet\/","title":{"rendered":"Portrait de l&#8217;UAM"},"content":{"rendered":"<p>Plus de 40 \u00e9glises \u00e9vang\u00e9liques, en grande partie autonomes, sont reli\u00e9es dans l'Union fond\u00e9e en automne 1967. Environs 4'000 personnes participent r\u00e9guli\u00e8rement \u00e0 la vie de ces \u00e9glises. Les \u00e9glises francophones forment un groupe en partie autonome au sein de l'Union.<\/p>\n<p>L'Union apporte son soutien dans les domaines d'int\u00e9r\u00eat commun comme l'engagement parmi les enfants et les jeunes, les couples, les familles, la diaconie et organise des activit\u00e9s au niveau national. L'Union se charge de l'administration du personnel des \u00e9glises et de l'Union, ainsi que de la formation continue. Elle est \u00e9galement responsable du domaine de la mission UAM en Suisse et dans les pays limitrophes.<\/p>\n<p>L'UAM soutient et encourage les \u00e9glises en Suisse par un suivi r\u00e9gulier, la formation des responsables, la motivation \u00e0 l'implantation d'\u00e9glises, l'\u00e9vang\u00e9lisation et les cultes r\u00e9guliers du dimanche. L'UAM soutient une pr\u00e9dication sur les bases bibliques et la formation de pr\u00e9dicateurs la\u00efcs. Elle encourage \u00e9galement le service de diaconie en tant que part int\u00e9grante de la vie chr\u00e9tienne dans les \u00e9glises et dans la soci\u00e9t\u00e9 et la relation entre diaconie et \u00e9vang\u00e9lisation. L'UAM et ses \u00e9glises sont financ\u00e9es par des dons b\u00e9n\u00e9voles.<\/p>\n<p>Le but est d'\u00eatre des communaut\u00e9s multi g\u00e9n\u00e9rationnelles, qui encouragent la relation avec Dieu et entre les membres et dans lesquels le partage des joies et des peines est naturel. L'affiliation est ouverte \u00e0 tout un chacun qui reconna\u00eet la Bible comme base de la foi, qui croit en J\u00e9sus-Christ comme son Sauveur personnel, qui veut le suivre et participe activement \u00e0 la vie de l'\u00e9glise.<\/p>\n<p>Dans le secteur de la mission \u00e0 l'\u00e9tranger, l'UAM se concentre sur les pays limitrophes \u00e0 majorit\u00e9 catholique, soit la France, l'Italie et l'Autriche o\u00f9 l'implantation d'\u00e9glises pionni\u00e8res est soutenue. La formation de collaborateurs autochtones ainsi que la cr\u00e9ation de r\u00e9seaux nationaux sont \u00e9galement au programme.<\/p>\n<p>Le secr\u00e9tariat central \u00e0 Rubigen se charge des t\u00e2ches administratives g\u00e9n\u00e9rales et de l'administration du personnel. La maison de retraite \u00e0 Rubigen avec 45 pensionnaires fait \u00e9galement partie de l'UAM.<\/p>\n<p>D\u00e8s 1987, l'UAM fait partie de l'Union des \u00e9glises \u00e9vang\u00e9liques de Suisse (VFG) et travaille entre autre aussi \u00e9troitement avec les Unions FEG et Pilgermission St. Chrischona. Beaucoup d'\u00e9glises sont elles-m\u00eames membres dans les sections locales de l'Alliance \u00e9vang\u00e9lique Suisse.<\/p>\n","protected":false},"excerpt":{"rendered":"<p>Plus de 40 \u00e9glises \u00e9vang\u00e9liques, en grande partie autonomes, sont reli\u00e9es dans l&#8217;Union fond\u00e9e en automne 1967. Environs 4&#8217;000 personnes participent r\u00e9guli\u00e8rement \u00e0 la vie de ces \u00e9glises. Les \u00e9glises francophones forment un groupe en partie autonome au sein de l&#8217;Union. L&#8217;Union apporte son soutien dans les domaines d&#8217;int\u00e9r\u00eat commun comme l&#8217;engagement parmi les enfants <a href='https:\/\/old.vfmg.ch\/fr\/portrait-3\/kurzportraet\/' class='excerpt-more'>[&#8230;]<\/a><\/p>\n","protected":false},"author":4,"featured_media":0,"parent":3482,"menu_order":0,"comment_status":"closed","ping_status":"open","template":"","meta":{"footnotes":""},"class_list":["post-2769","page","type-page","status-publish","hentry","category-505-id","post-seq-1","post-parity-odd","meta-position-corners","fix"],"publishpress_future_action":{"enabled":false,"date":"2026-05-17 22:31:53","action":"change-status","newStatus":"draft","terms":[],"taxonomy":"translation_priority","extraData":[]},"publishpress_future_workflow_manual_trigger":{"enabledWorkflows":[]},"_links":{"self":[{"href":"https:\/\/old.vfmg.ch\/fr\/wp-json\/wp\/v2\/pages\/2769","targetHints":{"allow":["GET"]}}],"collection":[{"href":"https:\/\/old.vfmg.ch\/fr\/wp-json\/wp\/v2\/pages"}],"about":[{"href":"https:\/\/old.vfmg.ch\/fr\/wp-json\/wp\/v2\/types\/page"}],"author":[{"embeddable":true,"href":"https:\/\/old.vfmg.ch\/fr\/wp-json\/wp\/v2\/users\/4"}],"replies":[{"embeddable":true,"href":"https:\/\/old.vfmg.ch\/fr\/wp-json\/wp\/v2\/comments?post=2769"}],"version-history":[{"count":0,"href":"https:\/\/old.vfmg.ch\/fr\/wp-json\/wp\/v2\/pages\/2769\/revisions"}],"up":[{"embeddable":true,"href":"https:\/\/old.vfmg.ch\/fr\/wp-json\/wp\/v2\/pages\/3482"}],"wp:attachment":[{"href":"https:\/\/old.vfmg.ch\/fr\/wp-json\/wp\/v2\/media?parent=2769"}],"curies":[{"name":"wp","href":"https:\/\/api.w.org\/{rel}","templated":true}]}}