{"id":2773,"date":"2012-10-18T14:37:57","date_gmt":"2012-10-18T14:37:57","guid":{"rendered":"http:\/\/vfmg.ch\/?page_id=2773"},"modified":"2013-03-04T10:47:16","modified_gmt":"2013-03-04T10:47:16","slug":"formation","status":"publish","type":"page","link":"https:\/\/old.vfmg.ch\/fr\/groupedetravail\/formation\/","title":{"rendered":"Formation"},"content":{"rendered":"<h2>Buts<\/h2>\n<p>Au moyen de nos propositions de formation, nous encourageons notre personnel \u00e0 approfondir et \u00e9largir ses connaissances et capacit\u00e9s, en les invitant \u00e0 se perfectionner au niveau professionnel et personnel.<\/p>\n<p>Nous soutenons des groupes d\u2019\u00e9tude r\u00e9gionaux, la formation des pasteurs la\u00efques et proposons des conf\u00e9rences, cours et s\u00e9minaires sur diff\u00e9rents th\u00e8mes et pour un public vari\u00e9.<\/p>\n<h2>Organisation<\/h2>\n<p>L'organisation de la formation initiale et c0mpl\u00e9mentaire est dans les comp\u00e9tences du Comit\u00e9 UAM. La commission pour la formation \u00e9labore r\u00e9guli\u00e8rement\u00a0 un programme annuel \u00e0 l'attention du Comit\u00e9 UAM. La commission conseille les collaborateurs et collaboratrices dans leurs questionnement au sujet de leur formation individuelle. Elle pr\u00eate attention aux d\u00e9veloppement et au perfectionnement des propositions de formation.<\/p>\n<h2>Offres<\/h2>\n<p><strong>Groupes d'\u00e9tude r\u00e9gionaux: <\/strong>L'UAM lance et soutient des groupes d'\u00e9tudes r\u00e9gionaux pour les pasteurs, dans lesquels ils peuvent \u00e9changer leurs exp\u00e9riences, se soutenir, s'entre-aider et aussi se corriger mutuellement. Formation pour responsables: l'UAM organise des cours de base r\u00e9gionaux pour des personnes la\u00efques qui sont dispos\u00e9es \u00e0 servir dans des fonctions \u00e0 responsabilit\u00e9.<\/p>\n<p><strong>Formation pour pr\u00e9dicateurs la\u00efcs: <\/strong>selon besoins, des cours de base sont propos\u00e9s pour des personnes collaborant dans les \u00e9glises locales et dispos\u00e9es \u00e0 s'engager dans la pr\u00e9dication, dans l'encadrement de cultes ou dans la direction de groupes de maison.<\/p>\n<p><strong>Formation des adultes: <\/strong>l'UAM recrute des personnes ou des \u00e9quipes\u00a0 pour organiser des cours pour des besoins sp\u00e9cifiques des \u00e9glises locales ou groupe d'\u00e9glises d'une r\u00e9gion.<\/p>\n<p>&nbsp;<\/p>\n","protected":false},"excerpt":{"rendered":"<p>Buts Au moyen de nos propositions de formation, nous encourageons notre personnel \u00e0 approfondir et \u00e9largir ses connaissances et capacit\u00e9s, en les invitant \u00e0 se perfectionner au niveau professionnel et personnel. Nous soutenons des groupes d\u2019\u00e9tude r\u00e9gionaux, la formation des pasteurs la\u00efques et proposons des conf\u00e9rences, cours et s\u00e9minaires sur diff\u00e9rents th\u00e8mes et pour un <a href='https:\/\/old.vfmg.ch\/fr\/groupedetravail\/formation\/' class='excerpt-more'>[&#8230;]<\/a><\/p>\n","protected":false},"author":4,"featured_media":0,"parent":2216,"menu_order":0,"comment_status":"closed","ping_status":"open","template":"","meta":{"footnotes":""},"class_list":["post-2773","page","type-page","status-publish","hentry","post-seq-1","post-parity-odd","meta-position-corners","fix"],"publishpress_future_action":{"enabled":false,"date":"2026-05-17 22:12:25","action":"change-status","newStatus":"draft","terms":[],"taxonomy":"translation_priority","extraData":[]},"publishpress_future_workflow_manual_trigger":{"enabledWorkflows":[]},"_links":{"self":[{"href":"https:\/\/old.vfmg.ch\/fr\/wp-json\/wp\/v2\/pages\/2773","targetHints":{"allow":["GET"]}}],"collection":[{"href":"https:\/\/old.vfmg.ch\/fr\/wp-json\/wp\/v2\/pages"}],"about":[{"href":"https:\/\/old.vfmg.ch\/fr\/wp-json\/wp\/v2\/types\/page"}],"author":[{"embeddable":true,"href":"https:\/\/old.vfmg.ch\/fr\/wp-json\/wp\/v2\/users\/4"}],"replies":[{"embeddable":true,"href":"https:\/\/old.vfmg.ch\/fr\/wp-json\/wp\/v2\/comments?post=2773"}],"version-history":[{"count":0,"href":"https:\/\/old.vfmg.ch\/fr\/wp-json\/wp\/v2\/pages\/2773\/revisions"}],"up":[{"embeddable":true,"href":"https:\/\/old.vfmg.ch\/fr\/wp-json\/wp\/v2\/pages\/2216"}],"wp:attachment":[{"href":"https:\/\/old.vfmg.ch\/fr\/wp-json\/wp\/v2\/media?parent=2773"}],"curies":[{"name":"wp","href":"https:\/\/api.w.org\/{rel}","templated":true}]}}