{"id":2812,"date":"2012-10-23T12:15:58","date_gmt":"2012-10-23T12:15:58","guid":{"rendered":"http:\/\/vfmg.ch\/?page_id=2812"},"modified":"2019-06-26T09:11:45","modified_gmt":"2019-06-26T09:11:45","slug":"fmg-bern","status":"publish","type":"page","link":"https:\/\/old.vfmg.ch\/fr\/eglises\/fmg-bern\/","title":{"rendered":"3013 Bern"},"content":{"rendered":"<table class=\"gemeinden\" style=\"width: 768.25px;\">\n<tbody>\n<tr>\n<th style=\"width: 126px;\">Adresse:<\/th>\n<td style=\"width: 625.25px;\">Gemeindezentrum<br \/>\nTalweg 2<br \/>\n3013 Bern<\/td>\n<\/tr>\n<tr>\n<td style=\"text-align: left; width: 126px;\"><strong>Homepage:<\/strong><\/td>\n<td style=\"width: 625.25px;\"><a href=\"http:\/\/www.fmg-bern.ch\/\" target=\"_blank\" rel=\"noopener\">http:\/\/www.fmg-bern.ch<\/a><\/td>\n<\/tr>\n<tr>\n<th style=\"width: 126px;\">Gottesdienst:<\/th>\n<td style=\"width: 625.25px;\">jeden Sonntag 10.00 Uhr<br \/>\n(Abweichungen sind im Monatsprogramm ersichtlich)<br \/>\n6x j\u00e4hrlich Danksteu-Gottesdienst Samstag, 19.00 Uhr<\/td>\n<\/tr>\n<tr>\n<th style=\"width: 126px;\">Wochentags:<\/th>\n<td style=\"width: 625.25px;\">Donnerstag 19.30 Uhr abwechselnd 2-w\u00f6chentlich<br \/>\nBibeltraining oder Gemeindegebet<\/td>\n<\/tr>\n<tr>\n<th style=\"width: 126px;\">Kontakt:<\/th>\n<td style=\"width: 625.25px;\">Robert Gautschi, Pastor, Urtenen-Sch\u00f6nb\u00fchl<br \/>\nT\u00e9l 079 755 05 20, <a href=\"mailto:robert.gautschi@vfmg.ch\">e-Mail senden<\/a><br \/>\nThomas Knupp, Pastor, Aeschi<br \/>\nT\u00e9l 033 654 86 31, <a href=\"mailto:thomas.knupp@vfmg.ch\">e-Mail senden<\/a><\/td>\n<\/tr>\n<\/tbody>\n<\/table>\n<p>&nbsp;<\/p>\n","protected":false},"excerpt":{"rendered":"<p>Adresse: Gemeindezentrum Talweg 2 3013 Bern Homepage: http:\/\/www.fmg-bern.ch Gottesdienst: jeden Sonntag 10.00 Uhr (Abweichungen sind im Monatsprogramm ersichtlich) 6x j\u00e4hrlich Danksteu-Gottesdienst Samstag, 19.00 Uhr Wochentags: Donnerstag 19.30 Uhr abwechselnd 2-w\u00f6chentlich Bibeltraining oder Gemeindegebet Kontakt: Robert Gautschi, Pastor, Urtenen-Sch\u00f6nb\u00fchl T\u00e9l 079 755 05 20, e-Mail senden Thomas Knupp, Pastor, Aeschi T\u00e9l 033 654 86 31, e-Mail <a href='https:\/\/old.vfmg.ch\/fr\/eglises\/fmg-bern\/' class='excerpt-more'>[&#8230;]<\/a><\/p>\n","protected":false},"author":4,"featured_media":0,"parent":2779,"menu_order":0,"comment_status":"closed","ping_status":"open","template":"","meta":{"footnotes":""},"class_list":["post-2812","page","type-page","status-publish","hentry","category-505-id","post-seq-1","post-parity-odd","meta-position-corners","fix"],"publishpress_future_action":{"enabled":false,"date":"2026-05-17 22:12:23","action":"change-status","newStatus":"draft","terms":[],"taxonomy":"translation_priority","extraData":[]},"publishpress_future_workflow_manual_trigger":{"enabledWorkflows":[]},"_links":{"self":[{"href":"https:\/\/old.vfmg.ch\/fr\/wp-json\/wp\/v2\/pages\/2812","targetHints":{"allow":["GET"]}}],"collection":[{"href":"https:\/\/old.vfmg.ch\/fr\/wp-json\/wp\/v2\/pages"}],"about":[{"href":"https:\/\/old.vfmg.ch\/fr\/wp-json\/wp\/v2\/types\/page"}],"author":[{"embeddable":true,"href":"https:\/\/old.vfmg.ch\/fr\/wp-json\/wp\/v2\/users\/4"}],"replies":[{"embeddable":true,"href":"https:\/\/old.vfmg.ch\/fr\/wp-json\/wp\/v2\/comments?post=2812"}],"version-history":[{"count":2,"href":"https:\/\/old.vfmg.ch\/fr\/wp-json\/wp\/v2\/pages\/2812\/revisions"}],"predecessor-version":[{"id":9585,"href":"https:\/\/old.vfmg.ch\/fr\/wp-json\/wp\/v2\/pages\/2812\/revisions\/9585"}],"up":[{"embeddable":true,"href":"https:\/\/old.vfmg.ch\/fr\/wp-json\/wp\/v2\/pages\/2779"}],"wp:attachment":[{"href":"https:\/\/old.vfmg.ch\/fr\/wp-json\/wp\/v2\/media?parent=2812"}],"curies":[{"name":"wp","href":"https:\/\/api.w.org\/{rel}","templated":true}]}}