{"id":2899,"date":"2012-10-23T13:50:43","date_gmt":"2012-10-23T13:50:43","guid":{"rendered":"http:\/\/vfmg.ch\/?page_id=2899"},"modified":"2023-04-12T08:02:12","modified_gmt":"2023-04-12T07:02:12","slug":"2899-2-2","status":"publish","type":"page","link":"https:\/\/old.vfmg.ch\/fr\/groupedetravail\/2899-2-2\/","title":{"rendered":"Couples et familles"},"content":{"rendered":"<p>\u00ab\u00a0C'est \u00e0 la maison que doit commencer ce qui illuminera la patrie\u00a0\u00bb, cette affirmation de Jeremias Gotthelf nous motive \u00e0 nous investir au bien des couples et des familles dans la soci\u00e9t\u00e9 et dans nos \u00e9glises.En plus de s\u00e9minaires pour fianc\u00e9s, pour parents, de la relation d'aide pour couples, les th\u00e8mes sont aussi repris dans les pr\u00e9dications en nous appuyant sur la Bible.<\/p>\n<p>Les \u00e9glises locales sont \u00e0 votre disposition pour plus de renseignements.<\/p>\n<p>&nbsp;<\/p>\n<p>&nbsp;<\/p>\n<p>&nbsp;<\/p>\n<p>&nbsp;<\/p>\n<p>&nbsp;<\/p>\n<p>&nbsp;<\/p>\n<p>&nbsp;<\/p>\n<p>&nbsp;<\/p>\n<p>&nbsp;<\/p>\n<p>&nbsp;<\/p>\n<p>&nbsp;<\/p>\n<p>.<\/p>\n","protected":false},"excerpt":{"rendered":"<p>\u00ab\u00a0C&#8217;est \u00e0 la maison que doit commencer ce qui illuminera la patrie\u00a0\u00bb, cette affirmation de Jeremias Gotthelf nous motive \u00e0 nous investir au bien des couples et des familles dans la soci\u00e9t\u00e9 et dans nos \u00e9glises.En plus de s\u00e9minaires pour fianc\u00e9s, pour parents, de la relation d&#8217;aide pour couples, les th\u00e8mes sont aussi repris dans <a href='https:\/\/old.vfmg.ch\/fr\/groupedetravail\/2899-2-2\/' class='excerpt-more'>[&#8230;]<\/a><\/p>\n","protected":false},"author":4,"featured_media":0,"parent":2216,"menu_order":0,"comment_status":"closed","ping_status":"open","template":"","meta":{"footnotes":""},"class_list":["post-2899","page","type-page","status-publish","hentry","post-seq-1","post-parity-odd","meta-position-corners","fix"],"publishpress_future_action":{"enabled":false,"date":"2026-05-17 22:11:53","action":"change-status","newStatus":"draft","terms":[],"taxonomy":"translation_priority","extraData":[]},"publishpress_future_workflow_manual_trigger":{"enabledWorkflows":[]},"_links":{"self":[{"href":"https:\/\/old.vfmg.ch\/fr\/wp-json\/wp\/v2\/pages\/2899","targetHints":{"allow":["GET"]}}],"collection":[{"href":"https:\/\/old.vfmg.ch\/fr\/wp-json\/wp\/v2\/pages"}],"about":[{"href":"https:\/\/old.vfmg.ch\/fr\/wp-json\/wp\/v2\/types\/page"}],"author":[{"embeddable":true,"href":"https:\/\/old.vfmg.ch\/fr\/wp-json\/wp\/v2\/users\/4"}],"replies":[{"embeddable":true,"href":"https:\/\/old.vfmg.ch\/fr\/wp-json\/wp\/v2\/comments?post=2899"}],"version-history":[{"count":2,"href":"https:\/\/old.vfmg.ch\/fr\/wp-json\/wp\/v2\/pages\/2899\/revisions"}],"predecessor-version":[{"id":12699,"href":"https:\/\/old.vfmg.ch\/fr\/wp-json\/wp\/v2\/pages\/2899\/revisions\/12699"}],"up":[{"embeddable":true,"href":"https:\/\/old.vfmg.ch\/fr\/wp-json\/wp\/v2\/pages\/2216"}],"wp:attachment":[{"href":"https:\/\/old.vfmg.ch\/fr\/wp-json\/wp\/v2\/media?parent=2899"}],"curies":[{"name":"wp","href":"https:\/\/api.w.org\/{rel}","templated":true}]}}