{"id":2901,"date":"2012-10-23T13:53:09","date_gmt":"2012-10-23T13:53:09","guid":{"rendered":"http:\/\/vfmg.ch\/?page_id=2901"},"modified":"2013-02-21T13:27:00","modified_gmt":"2013-02-21T13:27:00","slug":"evangelisation-2","status":"publish","type":"page","link":"https:\/\/old.vfmg.ch\/fr\/groupedetravail\/evangelisation-2\/","title":{"rendered":"Evang\u00e9lisation"},"content":{"rendered":"<p>L'\u00e9vang\u00e9lisation, c'est surtout l'engagement de chacun et chacune, \u00e0 partager la Bonne Nouvelle de l'\u00e9vangile avec les autres et \u00e0 les inviter \u00e0 entrer en relation personnelle avec Dieu.<\/p>\n<p>L'\u00e9vang\u00e9lisation est donc principalement la t\u00e2che des \u00e9glises locales dans leur lieu de vie.<\/p>\n<p>L'UAM, encourage et soutien les \u00e9glises locales dans cette vision.<\/p>\n<p>&nbsp;<\/p>\n<p>Mat\u00e9riel disponible en fran\u00e7ais pour l'\u00e9vang\u00e9lisation personnelle: <a href=\"http:\/\/www.msd-online.ch\/\" target=\"_blank\">www.msd-online.ch<\/a><\/p>\n","protected":false},"excerpt":{"rendered":"<p>L&#8217;\u00e9vang\u00e9lisation, c&#8217;est surtout l&#8217;engagement de chacun et chacune, \u00e0 partager la Bonne Nouvelle de l&#8217;\u00e9vangile avec les autres et \u00e0 les inviter \u00e0 entrer en relation personnelle avec Dieu. L&#8217;\u00e9vang\u00e9lisation est donc principalement la t\u00e2che des \u00e9glises locales dans leur lieu de vie. L&#8217;UAM, encourage et soutien les \u00e9glises locales dans cette vision. &nbsp; Mat\u00e9riel <a href='https:\/\/old.vfmg.ch\/fr\/groupedetravail\/evangelisation-2\/' class='excerpt-more'>[&#8230;]<\/a><\/p>\n","protected":false},"author":4,"featured_media":0,"parent":2216,"menu_order":0,"comment_status":"closed","ping_status":"open","template":"","meta":{"footnotes":""},"class_list":["post-2901","page","type-page","status-publish","hentry","post-seq-1","post-parity-odd","meta-position-corners","fix"],"publishpress_future_action":{"enabled":false,"date":"2026-05-17 22:12:07","action":"change-status","newStatus":"draft","terms":[],"taxonomy":"translation_priority","extraData":[]},"publishpress_future_workflow_manual_trigger":{"enabledWorkflows":[]},"_links":{"self":[{"href":"https:\/\/old.vfmg.ch\/fr\/wp-json\/wp\/v2\/pages\/2901","targetHints":{"allow":["GET"]}}],"collection":[{"href":"https:\/\/old.vfmg.ch\/fr\/wp-json\/wp\/v2\/pages"}],"about":[{"href":"https:\/\/old.vfmg.ch\/fr\/wp-json\/wp\/v2\/types\/page"}],"author":[{"embeddable":true,"href":"https:\/\/old.vfmg.ch\/fr\/wp-json\/wp\/v2\/users\/4"}],"replies":[{"embeddable":true,"href":"https:\/\/old.vfmg.ch\/fr\/wp-json\/wp\/v2\/comments?post=2901"}],"version-history":[{"count":0,"href":"https:\/\/old.vfmg.ch\/fr\/wp-json\/wp\/v2\/pages\/2901\/revisions"}],"up":[{"embeddable":true,"href":"https:\/\/old.vfmg.ch\/fr\/wp-json\/wp\/v2\/pages\/2216"}],"wp:attachment":[{"href":"https:\/\/old.vfmg.ch\/fr\/wp-json\/wp\/v2\/media?parent=2901"}],"curies":[{"name":"wp","href":"https:\/\/api.w.org\/{rel}","templated":true}]}}