{"id":2907,"date":"2012-10-23T13:59:05","date_gmt":"2012-10-23T13:59:05","guid":{"rendered":"http:\/\/vfmg.ch\/?page_id=2907"},"modified":"2022-06-28T10:28:01","modified_gmt":"2022-06-28T09:28:01","slug":"2907-2","status":"publish","type":"page","link":"https:\/\/old.vfmg.ch\/fr\/groupedetravail\/2907-2\/","title":{"rendered":"Troisi\u00e8me \u00e2ge"},"content":{"rendered":"<p>L'UAM d\u00e9sire relever les d\u00e9fis de l'\u00e2ge de la retraite.<\/p>\n<p>Elle souhaite:<\/p>\n<p>- encourager \u00e0 d\u00e9couvrir les beaut\u00e9s de cette tranche d'\u00e2ge;<br \/>\n- encourager les personnes \u00e2g\u00e9es \u00e0 vieillir dignement;<br \/>\n- motiver cette g\u00e9n\u00e9ration \u00e0 s'investir b\u00e9n\u00e9volement dans la soci\u00e9t\u00e9 et dans l'\u00e9glise.<\/p>\n<table border=\"0\" width=\"371\">\n<thead>\n<tr>\n<td>Personnes de contact :<\/td>\n<td><\/td>\n<\/tr>\n<\/thead>\n<tbody>\n<tr>\n<td valign=\"top\">Benjamin Steffen<br \/>\nSennhofweg 6<br \/>\n4852 Rothrist<br \/>\n062 794 04 73, <a href=\"mailto:benjamin.steffen@vfmg.ch\">e-Mail<\/a><\/td>\n<td valign=\"top\">Thomas Knupp<br \/>\nRossernstrasse 17<br \/>\n3703 Aeschi<br \/>\n033 654 86 31, <a href=\"mailto:thomas.knupp@vfmg.ch\">e-Mail<\/a><\/td>\n<\/tr>\n<\/tbody>\n<\/table>\n","protected":false},"excerpt":{"rendered":"<p>L&#8217;UAM d\u00e9sire relever les d\u00e9fis de l&#8217;\u00e2ge de la retraite. Elle souhaite: &#8211; encourager \u00e0 d\u00e9couvrir les beaut\u00e9s de cette tranche d&#8217;\u00e2ge; &#8211; encourager les personnes \u00e2g\u00e9es \u00e0 vieillir dignement; &#8211; motiver cette g\u00e9n\u00e9ration \u00e0 s&#8217;investir b\u00e9n\u00e9volement dans la soci\u00e9t\u00e9 et dans l&#8217;\u00e9glise. Personnes de contact : Benjamin Steffen Sennhofweg 6 4852 Rothrist 062 794 <a href='https:\/\/old.vfmg.ch\/fr\/groupedetravail\/2907-2\/' class='excerpt-more'>[&#8230;]<\/a><\/p>\n","protected":false},"author":4,"featured_media":0,"parent":2216,"menu_order":0,"comment_status":"closed","ping_status":"open","template":"","meta":{"footnotes":""},"class_list":["post-2907","page","type-page","status-publish","hentry","post-seq-1","post-parity-odd","meta-position-corners","fix"],"publishpress_future_action":{"enabled":false,"date":"2026-05-17 22:11:54","action":"change-status","newStatus":"draft","terms":[],"taxonomy":"translation_priority","extraData":[]},"publishpress_future_workflow_manual_trigger":{"enabledWorkflows":[]},"_links":{"self":[{"href":"https:\/\/old.vfmg.ch\/fr\/wp-json\/wp\/v2\/pages\/2907","targetHints":{"allow":["GET"]}}],"collection":[{"href":"https:\/\/old.vfmg.ch\/fr\/wp-json\/wp\/v2\/pages"}],"about":[{"href":"https:\/\/old.vfmg.ch\/fr\/wp-json\/wp\/v2\/types\/page"}],"author":[{"embeddable":true,"href":"https:\/\/old.vfmg.ch\/fr\/wp-json\/wp\/v2\/users\/4"}],"replies":[{"embeddable":true,"href":"https:\/\/old.vfmg.ch\/fr\/wp-json\/wp\/v2\/comments?post=2907"}],"version-history":[{"count":2,"href":"https:\/\/old.vfmg.ch\/fr\/wp-json\/wp\/v2\/pages\/2907\/revisions"}],"predecessor-version":[{"id":12115,"href":"https:\/\/old.vfmg.ch\/fr\/wp-json\/wp\/v2\/pages\/2907\/revisions\/12115"}],"up":[{"embeddable":true,"href":"https:\/\/old.vfmg.ch\/fr\/wp-json\/wp\/v2\/pages\/2216"}],"wp:attachment":[{"href":"https:\/\/old.vfmg.ch\/fr\/wp-json\/wp\/v2\/media?parent=2907"}],"curies":[{"name":"wp","href":"https:\/\/api.w.org\/{rel}","templated":true}]}}