{"id":2913,"date":"2012-10-23T14:05:16","date_gmt":"2012-10-23T14:05:16","guid":{"rendered":"http:\/\/vfmg.ch\/?page_id=2913"},"modified":"2013-02-21T13:29:53","modified_gmt":"2013-02-21T13:29:53","slug":"wydenhof","status":"publish","type":"page","link":"https:\/\/old.vfmg.ch\/fr\/groupedetravail\/wydenhof\/","title":{"rendered":"Maison de retraite Wydenhof"},"content":{"rendered":"<p>Le centre de retraite m\u00e9dicalis\u00e9 Wydenhof appartient depuis 1976 \u00e0 l'UAM. Situ\u00e9 en bord de zone agricole, il est entour\u00e9 de verdure et donne une vue magnifique sur les alpes bernoises. Le centre peut accueillir 45 pensionnaires et dispose de 3 appartements de retraite. Vous trouvez plus d'informations sur le site <a href=\"http:\/\/www.wydenhof-rubigen.ch\" target=\"_blank\">www.wydenhof-rubigen.ch<\/a><\/p>\n","protected":false},"excerpt":{"rendered":"<p>Le centre de retraite m\u00e9dicalis\u00e9 Wydenhof appartient depuis 1976 \u00e0 l&#8217;UAM. Situ\u00e9 en bord de zone agricole, il est entour\u00e9 de verdure et donne une vue magnifique sur les alpes bernoises. Le centre peut accueillir 45 pensionnaires et dispose de 3 appartements de retraite. Vous trouvez plus d&#8217;informations sur le site www.wydenhof-rubigen.ch<\/p>\n","protected":false},"author":4,"featured_media":0,"parent":2216,"menu_order":0,"comment_status":"closed","ping_status":"open","template":"","meta":{"footnotes":""},"class_list":["post-2913","page","type-page","status-publish","hentry","post-seq-1","post-parity-odd","meta-position-corners","fix"],"publishpress_future_action":{"enabled":false,"date":"2026-05-17 22:11:29","action":"change-status","newStatus":"draft","terms":[],"taxonomy":"translation_priority","extraData":[]},"publishpress_future_workflow_manual_trigger":{"enabledWorkflows":[]},"_links":{"self":[{"href":"https:\/\/old.vfmg.ch\/fr\/wp-json\/wp\/v2\/pages\/2913","targetHints":{"allow":["GET"]}}],"collection":[{"href":"https:\/\/old.vfmg.ch\/fr\/wp-json\/wp\/v2\/pages"}],"about":[{"href":"https:\/\/old.vfmg.ch\/fr\/wp-json\/wp\/v2\/types\/page"}],"author":[{"embeddable":true,"href":"https:\/\/old.vfmg.ch\/fr\/wp-json\/wp\/v2\/users\/4"}],"replies":[{"embeddable":true,"href":"https:\/\/old.vfmg.ch\/fr\/wp-json\/wp\/v2\/comments?post=2913"}],"version-history":[{"count":0,"href":"https:\/\/old.vfmg.ch\/fr\/wp-json\/wp\/v2\/pages\/2913\/revisions"}],"up":[{"embeddable":true,"href":"https:\/\/old.vfmg.ch\/fr\/wp-json\/wp\/v2\/pages\/2216"}],"wp:attachment":[{"href":"https:\/\/old.vfmg.ch\/fr\/wp-json\/wp\/v2\/media?parent=2913"}],"curies":[{"name":"wp","href":"https:\/\/api.w.org\/{rel}","templated":true}]}}