{"id":3211,"date":"2012-10-25T11:37:54","date_gmt":"2012-10-25T11:37:54","guid":{"rendered":"http:\/\/vfmg.ch\/?page_id=3211"},"modified":"2021-03-11T12:12:25","modified_gmt":"2021-03-11T11:12:25","slug":"carte-de-la-france","status":"publish","type":"page","link":"https:\/\/old.vfmg.ch\/fr\/mission\/carte-de-la-france\/","title":{"rendered":"Carte de la France"},"content":{"rendered":"<p><!-- Achtung: WordPress konvertiert diese Seite immer, sobald du von html auf visuell gehst und du kannst die Links nicht mehr benutzen. Die ganze Geschichte wird jeweils mit map name=\"Map_Schweiz\" map pro Gemeinde eingeschlossen, statt nur am Anfang und am Ende. Daher darf nie auf visuell umgestellt werden, sondern nur Aktualisieren--><\/p>\n<map name=\"MapFrankreich\">\n<area title=\"Esther &amp; William Rooseboom-Graf, Nantes\" alt=\"Esther &amp; William Rooseboom-Graf, Nantes\" coords=\"92, 183, 129, 210\" color=\"#AAAAAA\" shape=\"rect\" href=\"\/\/www.vfmg.ch\/fr\/mission\/frankreich\/#rooseboom\" \/>\n<area title=\"Daniel &amp; Esther Liechti, Vaux-sur-Seine\" alt=\"Daniel &amp; Esther Liechti, Vaux-sur-Seine\" coords=\"242, 103, 299, 129\" shape=\"rect\" href=\"\/\/www.vfmg.ch\/fr\/mission\/frankreich\/#liechti\" \/>\n<area title=\"Edouardo &amp; Valdirene Fernandes, Firminy\" alt=\"Edouardo &amp; Valdirene Fernandes, Firminy\" coords=\"262, 308, 338, 328\" shape=\"rect\" href=\"\/\/www.vfmg.ch\/fr\/mission\/frankreich\/#projekte\" \/>\n<area title=\"Thomas &amp; Laurence R\u00f6thlisberger, Saint-Etienne\" alt=\"Thomas &amp; Laurence R\u00f6thlisberger, Saint-Etienne\" coords=\"262, 286, 338, 308\" shape=\"rect\" href=\"\/\/www.vfmg.ch\/fr\/mission\/frankreich\/#roethlisberger\" \/>\n<area title=\"Jean-Jacques &amp; Gabrielle Guitard, Champfleuri\" alt=\"Jean-Jacques &amp; Gabrielle Guitard, Champfleuri\" coords=\"364, 289, 385, 310\" shape=\"rect\" href=\"\/\/www.vfmg.ch\/fr\/mission\/frankreich\/#guitard\" \/>\n<area title=\"Mathias &amp; Chlo\u00e9 Hurp\u00e9 et Jonathan &amp; Ana\u00efs Huber\" alt=\"Mathias &amp; Chlo\u00e9 Hurp\u00e9 et Jonathan &amp; Ana\u00efs Huber, Amiens\" coords=\"236, 54, 291, 84\" shape=\"rect\" href=\"\/\/www.vfmg.ch\/fr\/mission\/frankreich\/#projekte\" \/>\n<area title=\"Rolf &amp; Andrea Maier, Amn\u00e9ville\" alt=\"Rolf &amp; Andrea Maier, Amn\u00e9ville\" coords=\"311, 84, 400, 107\" shape=\"rect\" href=\"\/\/www.vfmg.ch\/fr\/mission\/frankreich\/#maier\" \/> <\/map>\n<p><img decoding=\"async\" src=\"\/\/www.vfmg.ch\/wp-content\/uploads\/2008\/07\/f__karte_frankreich.gif\" alt=\"\" usemap=\"#MapFrankreich\" border=\"0\" \/><br \/>\n<img decoding=\"async\" src=\"\/\/vfmg.ch\/wp-content\/uploads\/2008\/07\/f__karte_frankreich.gif\" alt=\"\" usemap=\"#MapFrankreich\" border=\"0\" \/><\/p>\n","protected":false},"excerpt":{"rendered":"","protected":false},"author":4,"featured_media":0,"parent":2144,"menu_order":0,"comment_status":"closed","ping_status":"open","template":"","meta":{"footnotes":""},"class_list":["post-3211","page","type-page","status-publish","hentry","post-seq-1","post-parity-odd","meta-position-corners","fix"],"publishpress_future_action":{"enabled":false,"date":"2026-05-17 22:12:05","action":"change-status","newStatus":"draft","terms":[],"taxonomy":"translation_priority","extraData":[]},"publishpress_future_workflow_manual_trigger":{"enabledWorkflows":[]},"_links":{"self":[{"href":"https:\/\/old.vfmg.ch\/fr\/wp-json\/wp\/v2\/pages\/3211","targetHints":{"allow":["GET"]}}],"collection":[{"href":"https:\/\/old.vfmg.ch\/fr\/wp-json\/wp\/v2\/pages"}],"about":[{"href":"https:\/\/old.vfmg.ch\/fr\/wp-json\/wp\/v2\/types\/page"}],"author":[{"embeddable":true,"href":"https:\/\/old.vfmg.ch\/fr\/wp-json\/wp\/v2\/users\/4"}],"replies":[{"embeddable":true,"href":"https:\/\/old.vfmg.ch\/fr\/wp-json\/wp\/v2\/comments?post=3211"}],"version-history":[{"count":3,"href":"https:\/\/old.vfmg.ch\/fr\/wp-json\/wp\/v2\/pages\/3211\/revisions"}],"predecessor-version":[{"id":11122,"href":"https:\/\/old.vfmg.ch\/fr\/wp-json\/wp\/v2\/pages\/3211\/revisions\/11122"}],"up":[{"embeddable":true,"href":"https:\/\/old.vfmg.ch\/fr\/wp-json\/wp\/v2\/pages\/2144"}],"wp:attachment":[{"href":"https:\/\/old.vfmg.ch\/fr\/wp-json\/wp\/v2\/media?parent=3211"}],"curies":[{"name":"wp","href":"https:\/\/api.w.org\/{rel}","templated":true}]}}