{"id":3263,"date":"2012-10-25T14:09:43","date_gmt":"2012-10-25T14:09:43","guid":{"rendered":"http:\/\/vfmg.ch\/?page_id=3263"},"modified":"2023-09-06T11:14:08","modified_gmt":"2023-09-06T10:14:08","slug":"france","status":"publish","type":"page","link":"https:\/\/old.vfmg.ch\/fr\/mission\/france\/","title":{"rendered":"Nos missionaires et projects en France"},"content":{"rendered":"<h2 id=\"guitard\">Jean-Jacques et Gabrielle Guitard<\/h2>\n<table border=\"0\">\n<tbody>\n<tr valign=\"top\">\n<td><a href=\"\/\/www.vfmg.ch\/wp-content\/uploads\/2008\/07\/f_guitard_jj.jpg\"><img loading=\"lazy\" decoding=\"async\" class=\"alignnone wp-image-1376\" src=\"\/\/vfmg.ch\/wp-content\/uploads\/2008\/07\/f_guitard_jj.jpg\" alt=\"f_guitard_jj\" width=\"199\" height=\"134\" srcset=\"https:\/\/old.vfmg.ch\/wp-content\/uploads\/2008\/07\/f_guitard_jj.jpg 200w, https:\/\/old.vfmg.ch\/wp-content\/uploads\/2008\/07\/f_guitard_jj-150x101.jpg 150w, https:\/\/old.vfmg.ch\/wp-content\/uploads\/2008\/07\/f_guitard_jj-100x68.jpg 100w\" sizes=\"auto, (max-width: 199px) 100vw, 199px\" \/><\/a><\/td>\n<\/tr>\n<tr>\n<td>Lieu: Champfleuri<\/td>\n<\/tr>\n<\/tbody>\n<\/table>\n<dl>\n<dt>T\u00e2ches<\/dt>\n<dd>Travail parmi la jeunesse et les enfants<\/dd>\n<\/dl>\n<h2 id=\"guitard\">Esther et William Rooseboom-Graf<\/h2>\n<table border=\"0\">\n<tbody>\n<tr valign=\"top\">\n<td><a href=\"https:\/\/old.vfmg.ch\/wp-content\/uploads\/2021\/11\/73_Rooseboom.jpg\"><img loading=\"lazy\" decoding=\"async\" class=\"alignnone wp-image-11669 \" src=\"https:\/\/old.vfmg.ch\/wp-content\/uploads\/2021\/11\/73_Rooseboom.jpg\" alt=\"\" width=\"191\" height=\"121\" srcset=\"https:\/\/old.vfmg.ch\/wp-content\/uploads\/2021\/11\/73_Rooseboom.jpg 177w, https:\/\/old.vfmg.ch\/wp-content\/uploads\/2021\/11\/73_Rooseboom-150x95.jpg 150w, https:\/\/old.vfmg.ch\/wp-content\/uploads\/2021\/11\/73_Rooseboom-100x63.jpg 100w\" sizes=\"auto, (max-width: 191px) 100vw, 191px\" \/><\/a><\/td>\n<\/tr>\n<tr>\n<td>Lieu: Nantes<\/td>\n<\/tr>\n<\/tbody>\n<\/table>\n<dl>\n<dt>T\u00e2ches<\/dt>\n<dd>Implantation d'\u00e9glises<\/dd>\n<\/dl>\n<h2 id=\"roethlisberger\">Thomas et Laurence R\u00f6thlisberger<\/h2>\n<table border=\"0\">\n<tbody>\n<tr valign=\"top\">\n<td><a href=\"\/\/vfmg.ch\/wp-content\/uploads\/2008\/07\/f_roethlisberger_t.jpg\" class=\"broken_link\"><img loading=\"lazy\" decoding=\"async\" class=\"alignnone size-full wp-image-1382\" src=\"\/\/vfmg.ch\/wp-content\/uploads\/2008\/07\/f_roethlisberger_t.jpg\" alt=\"f_roethlisberger_t\" width=\"200\" height=\"135\" srcset=\"https:\/\/old.vfmg.ch\/wp-content\/uploads\/2008\/07\/f_roethlisberger_t.jpg 200w, https:\/\/old.vfmg.ch\/wp-content\/uploads\/2008\/07\/f_roethlisberger_t-150x101.jpg 150w, https:\/\/old.vfmg.ch\/wp-content\/uploads\/2008\/07\/f_roethlisberger_t-100x68.jpg 100w\" sizes=\"auto, (max-width: 200px) 100vw, 200px\" \/><\/a><\/td>\n<td><\/td>\n<td><\/td>\n<\/tr>\n<tr>\n<td>Lieu: St-Etienne<\/td>\n<td><\/td>\n<td><\/td>\n<\/tr>\n<\/tbody>\n<\/table>\n<dl>\n<dt>T\u00e2ches<\/dt>\n<dd>Implantation d'\u00e9glises<br \/>\nService social et diaconal<\/dd>\n<\/dl>\n<h2 id=\"projekte\">Projekte<\/h2>\n<p><a href=\"https:\/\/old.vfmg.ch\/wp-content\/uploads\/2022\/01\/Missionsprojekt-f_Hurpe_2023-01.pdf\">Mathias et Chlo\u00e9 Hurp\u00e9,<\/a> Amiens\/F<br \/>\n<a href=\"https:\/\/old.vfmg.ch\/wp-content\/uploads\/2022\/01\/Missionsprojekt-f_Huber_2023-01.pdf\">Jonathan et Ana\u00efs Huber,<\/a> Amiens\/F<br \/>\n<a href=\"https:\/\/old.vfmg.ch\/wp-content\/uploads\/2021\/09\/Missionsprojekt-f_Fernandes_2021-09.pdf\">Eduardo et Valdirene Fernandes<\/a>, Firminy\/F<\/p>\n","protected":false},"excerpt":{"rendered":"<p>Jean-Jacques et Gabrielle Guitard Lieu: Champfleuri T\u00e2ches Travail parmi la jeunesse et les enfants Esther et William Rooseboom-Graf Lieu: Nantes T\u00e2ches Implantation d&#8217;\u00e9glises Thomas et Laurence R\u00f6thlisberger Lieu: St-Etienne T\u00e2ches Implantation d&#8217;\u00e9glises Service social et diaconal Projekte Mathias et Chlo\u00e9 Hurp\u00e9, Amiens\/F Jonathan et Ana\u00efs Huber, Amiens\/F Eduardo et Valdirene Fernandes, Firminy\/F<\/p>\n","protected":false},"author":4,"featured_media":0,"parent":2144,"menu_order":0,"comment_status":"closed","ping_status":"open","template":"","meta":{"footnotes":""},"class_list":["post-3263","page","type-page","status-publish","hentry","post-seq-1","post-parity-odd","meta-position-corners","fix"],"publishpress_future_action":{"enabled":false,"date":"2026-05-17 22:11:29","action":"change-status","newStatus":"draft","terms":[],"taxonomy":"translation_priority","extraData":[]},"publishpress_future_workflow_manual_trigger":{"enabledWorkflows":[]},"_links":{"self":[{"href":"https:\/\/old.vfmg.ch\/fr\/wp-json\/wp\/v2\/pages\/3263","targetHints":{"allow":["GET"]}}],"collection":[{"href":"https:\/\/old.vfmg.ch\/fr\/wp-json\/wp\/v2\/pages"}],"about":[{"href":"https:\/\/old.vfmg.ch\/fr\/wp-json\/wp\/v2\/types\/page"}],"author":[{"embeddable":true,"href":"https:\/\/old.vfmg.ch\/fr\/wp-json\/wp\/v2\/users\/4"}],"replies":[{"embeddable":true,"href":"https:\/\/old.vfmg.ch\/fr\/wp-json\/wp\/v2\/comments?post=3263"}],"version-history":[{"count":4,"href":"https:\/\/old.vfmg.ch\/fr\/wp-json\/wp\/v2\/pages\/3263\/revisions"}],"predecessor-version":[{"id":12870,"href":"https:\/\/old.vfmg.ch\/fr\/wp-json\/wp\/v2\/pages\/3263\/revisions\/12870"}],"up":[{"embeddable":true,"href":"https:\/\/old.vfmg.ch\/fr\/wp-json\/wp\/v2\/pages\/2144"}],"wp:attachment":[{"href":"https:\/\/old.vfmg.ch\/fr\/wp-json\/wp\/v2\/media?parent=3263"}],"curies":[{"name":"wp","href":"https:\/\/api.w.org\/{rel}","templated":true}]}}