{"id":3271,"date":"2012-10-25T14:20:23","date_gmt":"2012-10-25T14:20:23","guid":{"rendered":"http:\/\/vfmg.ch\/?page_id=3271"},"modified":"2012-10-25T14:20:39","modified_gmt":"2012-10-25T14:20:39","slug":"mission-en-europe","status":"publish","type":"page","link":"https:\/\/old.vfmg.ch\/fr\/mission\/mission-en-europe\/","title":{"rendered":"Mission en Europe?"},"content":{"rendered":"<p>Durant des si\u00e8cles, les valeurs chr\u00e9tiennes ont marqu\u00e9 la soci\u00e9t\u00e9 et la culture en Europe et il paraissait insens\u00e9 de vouloir \u00e9vang\u00e9liser dans ces pays. Par la s\u00e9cularisation de la soci\u00e9t\u00e9 au cours du 20\u00e8me si\u00e8cle en Europe occidentale, les grandes \u00e9glises se sont vues affaiblies et les habitants de ces pays n'ont plus \u00e9t\u00e9 atteints par le message de l'\u00e9vangile.<\/p>\n<h2>L'Europe devient un occident pa\u00efen !<\/h2>\n<p>Les sondages le d\u00e9montrent rapidement. En Europe occidentale, la majorit\u00e9 se dit encore appartenir \u00e0 une Eglise mais beaucoup ne sont que des chr\u00e9tiens de nom. Ils conservent encore des traditions mais la foi en J\u00e9sus Christ leur est \u00e9trang\u00e8re. En Europe, les \u00e9vang\u00e9liques sont une minorit\u00e9 ce qui est tr\u00e8s visible en comparaison avec d'autres r\u00e9gions ou continents\u00a0:<\/p>\n<table border=\"0\">\n<tbody>\n<tr>\n<td>- Pacifique<\/td>\n<td align=\"right\"><\/td>\n<td align=\"right\">15,8 %<\/td>\n<td align=\"right\"><\/td>\n<td>\u00e9vang\u00e9liques<\/td>\n<\/tr>\n<tr>\n<td>- Afrique<\/td>\n<td><\/td>\n<td align=\"right\">13,2 %<\/td>\n<td><\/td>\n<td>\u00e9vang\u00e9liques<\/td>\n<\/tr>\n<tr>\n<td>- Am\u00e9rique Latine<\/td>\n<td><\/td>\n<td align=\"right\">11,1 %<\/td>\n<td><\/td>\n<td>\u00e9vang\u00e9liques<\/td>\n<\/tr>\n<tr>\n<td>- <strong>Europe<\/strong><\/td>\n<td><\/td>\n<td align=\"right\"><strong>2,4 %<\/strong><\/td>\n<td><\/td>\n<td><strong>\u00e9vang\u00e9liques<\/strong><\/td>\n<\/tr>\n<\/tbody>\n<\/table>\n<p>Dans 24 pays d'Europe, le nombre de chr\u00e9tiens \u00e9vang\u00e9liques se situe vers 1% de la population, et cela ne concerne pas uniquement les anciens pays communistes. C'est \u00e9galement le cas pour beaucoup de pays de l'Europe occidentale comme le montre le r\u00e9sum\u00e9 ci-dessous\u00a0:<\/p>\n<table border=\"0\">\n<tbody>\n<tr>\n<td><\/td>\n<td><\/td>\n<td align=\"right\">Mio. d'habitants<\/td>\n<td><\/td>\n<td align=\"right\">Evang\u00e9liques<\/td>\n<\/tr>\n<tr>\n<td>- Espagne<\/td>\n<td><\/td>\n<td align=\"right\">39,8<\/td>\n<td><\/td>\n<td align=\"right\">0,4 %<\/td>\n<\/tr>\n<tr>\n<td>- Autriche<\/td>\n<td><\/td>\n<td align=\"right\">8,2<\/td>\n<td><\/td>\n<td align=\"right\">0,5 %<\/td>\n<\/tr>\n<tr>\n<td>- Belgique<\/td>\n<td><\/td>\n<td align=\"right\">10,2<\/td>\n<td><\/td>\n<td align=\"right\">0,7 %<\/td>\n<\/tr>\n<tr>\n<td>- France<\/td>\n<td><\/td>\n<td align=\"right\">59,1<\/td>\n<td><\/td>\n<td align=\"right\">0,8 %<\/td>\n<\/tr>\n<tr>\n<td>- Italie<\/td>\n<td><\/td>\n<td align=\"right\">57,3<\/td>\n<td><\/td>\n<td align=\"right\">0,9 %<\/td>\n<\/tr>\n<tr>\n<td>- Allemagne<\/td>\n<td><\/td>\n<td align=\"right\">82,2<\/td>\n<td><\/td>\n<td align=\"right\">2,9 %<\/td>\n<\/tr>\n<tr>\n<td>- Suisse<\/td>\n<td><\/td>\n<td align=\"right\">7,4<\/td>\n<td><\/td>\n<td align=\"right\">4,1 %<\/td>\n<\/tr>\n<tr>\n<td>- Grande Bretagne<\/td>\n<td><\/td>\n<td align=\"right\">58,8<\/td>\n<td><\/td>\n<td align=\"right\">8,5 %<\/td>\n<\/tr>\n<tr>\n<td colspan=\"5\" align=\"right\"><em>Tous les chiffres sont tir\u00e9s de \u00ab Gebet f\u00fcr die Welt \u00bb de P. Johnston<\/em><\/td>\n<\/tr>\n<\/tbody>\n<\/table>\n<p>En r\u00e9ponse \u00e0 la s\u00e9cularisation et au d\u00e9clin spirituel, les mouvements philosophiques, l'\u00e9sot\u00e9risme, les pratiques occultes ainsi que les sectes religieuses ont gagn\u00e9 du terrain. La soci\u00e9t\u00e9 postmoderne est devenue une soci\u00e9t\u00e9 postchr\u00e9tienne, l'occident chr\u00e9tien est devenu un occident pa\u00efen.<\/p>\n<p>Nous sommes appel\u00e9s \u00e0 pr\u00eacher l'\u00e9vangile de J\u00e9sus-Christ aux populations de ces pays.<\/p>\n","protected":false},"excerpt":{"rendered":"<p>Durant des si\u00e8cles, les valeurs chr\u00e9tiennes ont marqu\u00e9 la soci\u00e9t\u00e9 et la culture en Europe et il paraissait insens\u00e9 de vouloir \u00e9vang\u00e9liser dans ces pays. Par la s\u00e9cularisation de la soci\u00e9t\u00e9 au cours du 20\u00e8me si\u00e8cle en Europe occidentale, les grandes \u00e9glises se sont vues affaiblies et les habitants de ces pays n&#8217;ont plus \u00e9t\u00e9 <a href='https:\/\/old.vfmg.ch\/fr\/mission\/mission-en-europe\/' class='excerpt-more'>[&#8230;]<\/a><\/p>\n","protected":false},"author":4,"featured_media":0,"parent":2144,"menu_order":0,"comment_status":"closed","ping_status":"open","template":"","meta":{"footnotes":""},"class_list":["post-3271","page","type-page","status-publish","hentry","post-seq-1","post-parity-odd","meta-position-corners","fix"],"publishpress_future_action":{"enabled":false,"date":"2026-05-17 22:11:25","action":"change-status","newStatus":"draft","terms":[],"taxonomy":"translation_priority","extraData":[]},"publishpress_future_workflow_manual_trigger":{"enabledWorkflows":[]},"_links":{"self":[{"href":"https:\/\/old.vfmg.ch\/fr\/wp-json\/wp\/v2\/pages\/3271","targetHints":{"allow":["GET"]}}],"collection":[{"href":"https:\/\/old.vfmg.ch\/fr\/wp-json\/wp\/v2\/pages"}],"about":[{"href":"https:\/\/old.vfmg.ch\/fr\/wp-json\/wp\/v2\/types\/page"}],"author":[{"embeddable":true,"href":"https:\/\/old.vfmg.ch\/fr\/wp-json\/wp\/v2\/users\/4"}],"replies":[{"embeddable":true,"href":"https:\/\/old.vfmg.ch\/fr\/wp-json\/wp\/v2\/comments?post=3271"}],"version-history":[{"count":0,"href":"https:\/\/old.vfmg.ch\/fr\/wp-json\/wp\/v2\/pages\/3271\/revisions"}],"up":[{"embeddable":true,"href":"https:\/\/old.vfmg.ch\/fr\/wp-json\/wp\/v2\/pages\/2144"}],"wp:attachment":[{"href":"https:\/\/old.vfmg.ch\/fr\/wp-json\/wp\/v2\/media?parent=3271"}],"curies":[{"name":"wp","href":"https:\/\/api.w.org\/{rel}","templated":true}]}}