{"id":3421,"date":"2012-11-01T15:57:58","date_gmt":"2012-11-01T15:57:58","guid":{"rendered":"http:\/\/vfmg.ch\/?page_id=3421"},"modified":"2012-11-15T15:35:28","modified_gmt":"2012-11-15T15:35:28","slug":"assemblee","status":"publish","type":"page","link":"https:\/\/old.vfmg.ch\/fr\/portrait-3\/assemblee\/","title":{"rendered":"assembl\u00e9e"},"content":{"rendered":"<p>L'UAM est une union d'\u00e9glises \u00e9vang\u00e9liques ind\u00e9pendantes de l'Etat, autonomes, en Suisse al\u00e9manique, romande et romanche. Nous formons des \u00e9glises communautaires pour toutes les g\u00e9n\u00e9rations.<\/p>\n<p>La relation entre les diff\u00e9rentes \u00e9glises de l'Union se concr\u00e9tise dans les convictions de foi communes, dans une conception semblable de la vie d'\u00e9glise, dans la solidarit\u00e9 envers la mission UAM, dans la collaboration au niveau r\u00e9gional, dans la participation aux activit\u00e9s internes de l'Union et par l'\u00e9change de chaire organis\u00e9e par nos pasteurs.<\/p>\n<p>La plus grande partie du travail est effectu\u00e9e par des collaborateurs et collaboratrices b\u00e9n\u00e9voles.<\/p>\n","protected":false},"excerpt":{"rendered":"<p>L&#8217;UAM est une union d&#8217;\u00e9glises \u00e9vang\u00e9liques ind\u00e9pendantes de l&#8217;Etat, autonomes, en Suisse al\u00e9manique, romande et romanche. Nous formons des \u00e9glises communautaires pour toutes les g\u00e9n\u00e9rations. La relation entre les diff\u00e9rentes \u00e9glises de l&#8217;Union se concr\u00e9tise dans les convictions de foi communes, dans une conception semblable de la vie d&#8217;\u00e9glise, dans la solidarit\u00e9 envers la mission <a href='https:\/\/old.vfmg.ch\/fr\/portrait-3\/assemblee\/' class='excerpt-more'>[&#8230;]<\/a><\/p>\n","protected":false},"author":12,"featured_media":0,"parent":3482,"menu_order":0,"comment_status":"closed","ping_status":"open","template":"","meta":{"footnotes":""},"class_list":["post-3421","page","type-page","status-publish","hentry","post-seq-1","post-parity-odd","meta-position-corners","fix"],"publishpress_future_action":{"enabled":false,"date":"2026-05-17 22:12:54","action":"change-status","newStatus":"draft","terms":[],"taxonomy":"translation_priority","extraData":[]},"publishpress_future_workflow_manual_trigger":{"enabledWorkflows":[]},"_links":{"self":[{"href":"https:\/\/old.vfmg.ch\/fr\/wp-json\/wp\/v2\/pages\/3421","targetHints":{"allow":["GET"]}}],"collection":[{"href":"https:\/\/old.vfmg.ch\/fr\/wp-json\/wp\/v2\/pages"}],"about":[{"href":"https:\/\/old.vfmg.ch\/fr\/wp-json\/wp\/v2\/types\/page"}],"author":[{"embeddable":true,"href":"https:\/\/old.vfmg.ch\/fr\/wp-json\/wp\/v2\/users\/12"}],"replies":[{"embeddable":true,"href":"https:\/\/old.vfmg.ch\/fr\/wp-json\/wp\/v2\/comments?post=3421"}],"version-history":[{"count":0,"href":"https:\/\/old.vfmg.ch\/fr\/wp-json\/wp\/v2\/pages\/3421\/revisions"}],"up":[{"embeddable":true,"href":"https:\/\/old.vfmg.ch\/fr\/wp-json\/wp\/v2\/pages\/3482"}],"wp:attachment":[{"href":"https:\/\/old.vfmg.ch\/fr\/wp-json\/wp\/v2\/media?parent=3421"}],"curies":[{"name":"wp","href":"https:\/\/api.w.org\/{rel}","templated":true}]}}