{"id":3482,"date":"2012-11-15T15:24:30","date_gmt":"2012-11-15T15:24:30","guid":{"rendered":"http:\/\/vfmg.ch\/?page_id=3482"},"modified":"2013-10-24T08:49:54","modified_gmt":"2013-10-24T08:49:54","slug":"portrait-3","status":"publish","type":"page","link":"https:\/\/old.vfmg.ch\/fr\/portrait-3\/","title":{"rendered":"Portrait"},"content":{"rendered":"<p>Plus de 40 \u00e9glises \u00e9vang\u00e9liques, en grande partie autonomes, sont reli\u00e9es dans l'Union fond\u00e9e en automne 1967. Environs 4'000 personnes participent r\u00e9guli\u00e8rement \u00e0 la vie de ces \u00e9glises. Les \u00e9glises francophones forment un groupe en partie autonome au sein de l'Union.<\/p>\n<p>L'Union apporte son soutien dans les domaines d'int\u00e9r\u00eat commun comme l'engagement parmi les enfants et les jeunes, les couples, les familles, la diaconie et organise des activit\u00e9s au niveau national. L'Union se charge de l'administration du personnel des \u00e9glises et de l'Union, ainsi que de la formation continue. Elle est \u00e9galement responsable du domaine de la mission UAM en Suisse et dans les pays limitrophes.<\/p>\n<p><a href=\"\/\/www.vfmg.ch\/wp-content\/uploads\/2013\/03\/5.1-Confession-de-foi.pdf\" target=\"_blank\">Confession de foi<\/a><\/p>\n","protected":false},"excerpt":{"rendered":"<p>Plus de 40 \u00e9glises \u00e9vang\u00e9liques, en grande partie autonomes, sont reli\u00e9es dans l&#8217;Union fond\u00e9e en automne 1967. Environs 4&#8217;000 personnes participent r\u00e9guli\u00e8rement \u00e0 la vie de ces \u00e9glises. Les \u00e9glises francophones forment un groupe en partie autonome au sein de l&#8217;Union. L&#8217;Union apporte son soutien dans les domaines d&#8217;int\u00e9r\u00eat commun comme l&#8217;engagement parmi les enfants <a href='https:\/\/old.vfmg.ch\/fr\/portrait-3\/' class='excerpt-more'>[&#8230;]<\/a><\/p>\n","protected":false},"author":4,"featured_media":0,"parent":0,"menu_order":0,"comment_status":"closed","ping_status":"closed","template":"","meta":{"footnotes":""},"class_list":["post-3482","page","type-page","status-publish","hentry","category-505-id","post-seq-1","post-parity-odd","meta-position-corners","fix"],"publishpress_future_action":{"enabled":false,"date":"2026-05-17 22:12:23","action":"change-status","newStatus":"draft","terms":[],"taxonomy":"translation_priority","extraData":[]},"publishpress_future_workflow_manual_trigger":{"enabledWorkflows":[]},"_links":{"self":[{"href":"https:\/\/old.vfmg.ch\/fr\/wp-json\/wp\/v2\/pages\/3482","targetHints":{"allow":["GET"]}}],"collection":[{"href":"https:\/\/old.vfmg.ch\/fr\/wp-json\/wp\/v2\/pages"}],"about":[{"href":"https:\/\/old.vfmg.ch\/fr\/wp-json\/wp\/v2\/types\/page"}],"author":[{"embeddable":true,"href":"https:\/\/old.vfmg.ch\/fr\/wp-json\/wp\/v2\/users\/4"}],"replies":[{"embeddable":true,"href":"https:\/\/old.vfmg.ch\/fr\/wp-json\/wp\/v2\/comments?post=3482"}],"version-history":[{"count":0,"href":"https:\/\/old.vfmg.ch\/fr\/wp-json\/wp\/v2\/pages\/3482\/revisions"}],"wp:attachment":[{"href":"https:\/\/old.vfmg.ch\/fr\/wp-json\/wp\/v2\/media?parent=3482"}],"curies":[{"name":"wp","href":"https:\/\/api.w.org\/{rel}","templated":true}]}}