{"id":8197,"date":"2017-07-19T10:03:21","date_gmt":"2017-07-19T10:03:21","guid":{"rendered":"https:\/\/www.vfmg.ch\/immer-ewig-a-jamais\/"},"modified":"2017-08-07T09:55:45","modified_gmt":"2017-08-07T09:55:45","slug":"immer-ewig-a-jamais","status":"publish","type":"page","link":"https:\/\/old.vfmg.ch\/fr\/immer-ewig-a-jamais\/","title":{"rendered":"\u00e0 jamais \/ immer &#8211; ewig"},"content":{"rendered":"<p>A l\u2019occasion de la f\u00eate \u00ab\u00a0des 50 ans de l\u2019UAM\u00a0\u00bb, nous avons charg\u00e9 Chris Hess de composer un chant de jubil\u00e9. Celui-ci exprime tr\u00e8s bien notre reconnaissance. Ensemble, chantons-le toujours \u00e0 nouveau\u00a0! Nous nous r\u00e9jouissons si d\u2019autres se joignent \u00e0 nous pour exprimer ainsi leur louange.<\/p>\n<table style=\"width: 100%;\">\n<tbody>\n<tr>\n<td style=\"width: 264.183px;\">\n<h3>A jamais<\/h3>\n<\/td>\n<td style=\"width: 262.817px;\"><\/td>\n<\/tr>\n<tr>\n<td style=\"width: 264.183px;\"><strong>Verse 1<\/strong><br \/>\nJe viens de penser \u00e0 toi<br \/>\nMe demande c\u2019que tu fais<br \/>\nSi \u00e9loign\u00e9, mais tout-d-m\u00eame pr\u00e8s de moi<br \/>\nTon nom est comme une perle, je veux la partager<br \/>\nJe d\u00e9sire que les autres puissent te voir<strong>Channel 1<\/strong><br \/>\nL\u2019espoir s\u2019en va, Tu restes l\u00e0<br \/>\nRam\u00e8nes tout ce qui est perdu,<br \/>\nL\u2019amour s\u2019\u00e9teint, Tu n\u2019es pas loin,<br \/>\nTa paix construit des ponts<br \/>\nTu fais r\u00e9sonner mon \u00e2me<br \/>\nFais fondre les hivers de nos coeurs<br \/>\nJe n\u2019peux m\u2019emp\u00eacher de chanter<br \/>\nDe Ta gr\u00e2ce infinie !<\/p>\n<p><strong>Refrain<\/strong><br \/>\nToujours \u2013 \u00e0 jamais<br \/>\nTon nom est mon refuge<br \/>\nTon nom est ma puissance<br \/>\nToujours \u2013 \u00e9ternel<br \/>\nJ\u00e9sus \u2013 mon refuge<br \/>\nUn amour qui perdure \u00e0 jamais<\/td>\n<td style=\"width: 262.817px;\"><strong>Verse 2<\/strong><br \/>\nJe voudrais te dire merci,<br \/>\nTu restes \u00e0 mes c\u00f4t\u00e9s,<br \/>\nPar ton soutien, je peux aider les autres.<br \/>\nTon nom est comme une perle, je veux la partager<br \/>\nJe d\u00e9sire que les autres puissent te voir<strong>Channel 2<\/strong><br \/>\nL\u2019espoir s\u2019en va, Tu restes l\u00e0<br \/>\nRam\u00e8nes tout ce qui est perdu,<br \/>\nL\u2019amour s\u2019\u00e9teint, Tu n\u2019es pas loin,<br \/>\nTa paix construit des ponts<br \/>\nUne lumi\u00e8re qui brille dans la nuit<br \/>\nUn fleuve qui traverse le d\u00e9sert<br \/>\nTu t\u2019es donn\u00e9 en \u00e9change d\u2019une<br \/>\nVie qui nous lib\u00e8re<\/p>\n<p><strong>Bridge<\/strong><br \/>\nTu m\u2019as port\u00e9 et Tu m\u2019as dit :<br \/>\nJe prendrai toujours soin de Toi,<br \/>\nTu m\u2019as port\u00e9 et Tu m\u2019as dit :<br \/>\nJe serai pr\u00e8s de toi \u2026.<\/p>\n<p><strong>Repeat Chorus<\/strong><\/td>\n<\/tr>\n<tr>\n<td style=\"width: 264.183px;\">Texte \"Immer - ewig\": Chris Hess, Traduction: Philippe Marti &amp; Christoph Jakob<\/td>\n<td style=\"width: 262.817px;\">Copyright: Lemontree, Productions, Switzerland<\/td>\n<\/tr>\n<\/tbody>\n<\/table>\n<p>&nbsp;<\/p>\n<h3>Download der Liederbl\u00e4tter<\/h3>\n<p>PDF-Format<\/p>\n<table style=\"width: 100%;\">\n<tbody>\n<tr>\n<td style=\"width: 10px;\"><a href=\"https:\/\/old.vfmg.ch\/wp-content\/uploads\/2017\/07\/A-Jamais.pdf\">A jamais<\/a><\/td>\n<\/tr>\n<tr>\n<td style=\"width: 10px;\"><a href=\"https:\/\/old.vfmg.ch\/wp-content\/uploads\/2017\/07\/Immer-ewig_Text-und-Akkorde.pdf\">Immer-ewig_Text und Akkorde<\/a><\/td>\n<\/tr>\n<tr>\n<td style=\"width: 10px;\"><a href=\"https:\/\/old.vfmg.ch\/wp-content\/uploads\/2017\/07\/Immer-ewig_Leadsheet.pdf\">Immer-ewig_Leadsheet<\/a><\/td>\n<\/tr>\n<tr>\n<td style=\"width: 10px;\"><a href=\"https:\/\/old.vfmg.ch\/wp-content\/uploads\/2017\/07\/Immer-ewig_Leadsheet_Minigitarre.pdf\">Immer-ewig_Leadsheet_Minigitarre<\/a><\/td>\n<\/tr>\n<tr>\n<td style=\"width: 10px;\"><a href=\"https:\/\/old.vfmg.ch\/wp-content\/uploads\/2017\/07\/Immer-ewig_Text.pdf\">Immer-ewig_Text<\/a><\/td>\n<\/tr>\n<\/tbody>\n<\/table>\n<p>&nbsp;<\/p>\n","protected":false},"excerpt":{"rendered":"<p>A l\u2019occasion de la f\u00eate \u00ab\u00a0des 50 ans de l\u2019UAM\u00a0\u00bb, nous avons charg\u00e9 Chris Hess de composer un chant de jubil\u00e9. Celui-ci exprime tr\u00e8s bien notre reconnaissance. Ensemble, chantons-le toujours \u00e0 nouveau\u00a0! Nous nous r\u00e9jouissons si d\u2019autres se joignent \u00e0 nous pour exprimer ainsi leur louange. A jamais Verse 1 Je viens de penser \u00e0 <a href='https:\/\/old.vfmg.ch\/fr\/immer-ewig-a-jamais\/' class='excerpt-more'>[&#8230;]<\/a><\/p>\n","protected":false},"author":12,"featured_media":0,"parent":0,"menu_order":0,"comment_status":"closed","ping_status":"closed","template":"","meta":{"footnotes":""},"class_list":["post-8197","page","type-page","status-publish","hentry","post-seq-1","post-parity-odd","meta-position-corners","fix"],"publishpress_future_action":{"enabled":false,"date":"2026-05-17 22:12:47","action":"change-status","newStatus":"draft","terms":[],"taxonomy":"translation_priority","extraData":[]},"publishpress_future_workflow_manual_trigger":{"enabledWorkflows":[]},"_links":{"self":[{"href":"https:\/\/old.vfmg.ch\/fr\/wp-json\/wp\/v2\/pages\/8197","targetHints":{"allow":["GET"]}}],"collection":[{"href":"https:\/\/old.vfmg.ch\/fr\/wp-json\/wp\/v2\/pages"}],"about":[{"href":"https:\/\/old.vfmg.ch\/fr\/wp-json\/wp\/v2\/types\/page"}],"author":[{"embeddable":true,"href":"https:\/\/old.vfmg.ch\/fr\/wp-json\/wp\/v2\/users\/12"}],"replies":[{"embeddable":true,"href":"https:\/\/old.vfmg.ch\/fr\/wp-json\/wp\/v2\/comments?post=8197"}],"version-history":[{"count":0,"href":"https:\/\/old.vfmg.ch\/fr\/wp-json\/wp\/v2\/pages\/8197\/revisions"}],"wp:attachment":[{"href":"https:\/\/old.vfmg.ch\/fr\/wp-json\/wp\/v2\/media?parent=8197"}],"curies":[{"name":"wp","href":"https:\/\/api.w.org\/{rel}","templated":true}]}}